{"id":94,"date":"2021-01-10T11:57:59","date_gmt":"2021-01-10T11:57:59","guid":{"rendered":"http:\/\/clubadamoeva.se\/?page_id=94"},"modified":"2021-01-17T19:43:20","modified_gmt":"2021-01-17T19:43:20","slug":"om-oss","status":"publish","type":"page","link":"https:\/\/clubadamoeva.se\/en\/om-oss\/","title":{"rendered":"About us"},"content":{"rendered":"<div data-elementor-type=\"wp-page\" data-elementor-id=\"94\" class=\"elementor elementor-94\" data-elementor-settings=\"[]\">\n\t\t\t\t\t\t<div class=\"elementor-inner\">\n\t\t\t\t\t\t\t<div class=\"elementor-section-wrap\">\n\t\t\t\t\t\t\t<section class=\"elementor-section elementor-top-section elementor-element elementor-element-070cd3d elementor-section-height-min-height elementor-section-boxed elementor-section-height-default elementor-section-items-middle\" data-id=\"070cd3d\" data-element_type=\"section\" data-settings=\"{&quot;background_background&quot;:&quot;classic&quot;}\">\n\t\t\t\t\t\t\t<div class=\"elementor-background-overlay\"><\/div>\n\t\t\t\t\t\t\t<div class=\"elementor-container elementor-column-gap-default\">\n\t\t\t\t\t\t\t<div class=\"elementor-row\">\n\t\t\t\t\t<div class=\"elementor-column elementor-col-100 elementor-top-column elementor-element elementor-element-03bdfa6\" data-id=\"03bdfa6\" data-element_type=\"column\">\n\t\t\t<div class=\"elementor-column-wrap elementor-element-populated\">\n\t\t\t\t\t\t\t<div class=\"elementor-widget-wrap\">\n\t\t\t\t\t\t<div class=\"elementor-element elementor-element-3186c53 elementor-widget elementor-widget-heading\" data-id=\"3186c53\" data-element_type=\"widget\" data-widget_type=\"heading.default\">\n\t\t\t\t<div class=\"elementor-widget-container\">\n\t\t\t<h2 class=\"elementor-heading-title elementor-size-xl\">About Club Adam & Eva<\/h2>\t\t<\/div>\n\t\t\t\t<\/div>\n\t\t\t\t\t\t<\/div>\n\t\t\t\t\t<\/div>\n\t\t<\/div>\n\t\t\t\t\t\t\t\t<\/div>\n\t\t\t\t\t<\/div>\n\t\t<\/section>\n\t\t\t\t<section class=\"elementor-section elementor-top-section elementor-element elementor-element-41e632c elementor-section-height-min-height elementor-section-boxed elementor-section-height-default elementor-section-items-middle\" data-id=\"41e632c\" data-element_type=\"section\" data-settings=\"{&quot;background_background&quot;:&quot;gradient&quot;}\">\n\t\t\t\t\t\t<div class=\"elementor-container elementor-column-gap-default\">\n\t\t\t\t\t\t\t<div class=\"elementor-row\">\n\t\t\t\t\t<div class=\"elementor-column elementor-col-100 elementor-top-column elementor-element elementor-element-27699f9\" data-id=\"27699f9\" data-element_type=\"column\">\n\t\t\t<div class=\"elementor-column-wrap elementor-element-populated\">\n\t\t\t\t\t\t\t<div class=\"elementor-widget-wrap\">\n\t\t\t\t\t\t<div class=\"elementor-element elementor-element-5201106 elementor-widget elementor-widget-text-editor\" data-id=\"5201106\" data-element_type=\"widget\" data-widget_type=\"text-editor.default\">\n\t\t\t\t<div class=\"elementor-widget-container\">\n\t\t\t\t\t<div class=\"elementor-text-editor elementor-clearfix\"><p><br \/><\/p><\/div>\n\t\t\t\t<\/div>\n\t\t\t\t<\/div>\n\t\t\t\t\t\t<\/div>\n\t\t\t\t\t<\/div>\n\t\t<\/div>\n\t\t\t\t\t\t\t\t<\/div>\n\t\t\t\t\t<\/div>\n\t\t<\/section>\n\t\t\t\t<section class=\"elementor-section elementor-top-section elementor-element elementor-element-7edea06 elementor-section-boxed elementor-section-height-default elementor-section-height-default\" data-id=\"7edea06\" data-element_type=\"section\">\n\t\t\t\t\t\t<div class=\"elementor-container elementor-column-gap-default\">\n\t\t\t\t\t\t\t<div class=\"elementor-row\">\n\t\t\t\t\t<div class=\"elementor-column elementor-col-50 elementor-top-column elementor-element elementor-element-30a262a\" data-id=\"30a262a\" data-element_type=\"column\">\n\t\t\t<div class=\"elementor-column-wrap elementor-element-populated\">\n\t\t\t\t\t\t\t<div class=\"elementor-widget-wrap\">\n\t\t\t\t\t\t<div class=\"elementor-element elementor-element-ce566f5 elementor-invisible elementor-widget elementor-widget-heading\" data-id=\"ce566f5\" data-element_type=\"widget\" data-settings=\"{&quot;_animation&quot;:&quot;fadeInLeft&quot;}\" data-widget_type=\"heading.default\">\n\t\t\t\t<div class=\"elementor-widget-container\">\n\t\t\t<h2 class=\"elementor-heading-title elementor-size-default\">The club's history and background<\/h2>\t\t<\/div>\n\t\t\t\t<\/div>\n\t\t\t\t<div class=\"elementor-element elementor-element-4407e18 elementor-widget-divider--view-line elementor-invisible elementor-widget elementor-widget-divider\" data-id=\"4407e18\" data-element_type=\"widget\" data-settings=\"{&quot;_animation&quot;:&quot;fadeInLeft&quot;}\" data-widget_type=\"divider.default\">\n\t\t\t\t<div class=\"elementor-widget-container\">\n\t\t\t\t\t<div class=\"elementor-divider\">\n\t\t\t<span class=\"elementor-divider-separator\">\n\t\t\t\t\t\t<\/span>\n\t\t<\/div>\n\t\t\t\t<\/div>\n\t\t\t\t<\/div>\n\t\t\t\t<div class=\"elementor-element elementor-element-19760ba elementor-invisible elementor-widget elementor-widget-text-editor\" data-id=\"19760ba\" data-element_type=\"widget\" data-settings=\"{&quot;_animation&quot;:&quot;fadeInLeft&quot;}\" data-widget_type=\"text-editor.default\">\n\t\t\t\t<div class=\"elementor-widget-container\">\n\t\t\t\t\t<div class=\"elementor-text-editor elementor-clearfix\"><p><strong>Club Adam & Eva has existed as a swingers club in Norrk\u00f6ping since 1998, and is one of the oldest clubs in Sweden.<\/strong><\/p><p>\u00a0I took over the club in 2010 and put my whole soul into making it fantastic. Unfortunately, that dream was shattered on March 10, 2013 when the house where the club was located in burned down to the ground.<\/p><p>However, I refused to let the club be lost forever and found a new location in an old historic building from the 1850s. In the basement of the beautiful building, together with a group of committed people, we created a new Club Adam & Eva. I used all the experience I had gathered to create a new modern and more elaborate swinger club than before. And in May 2014, the club was reopened.<\/p><p>The vision of Club Adam & Eva is to create an environment for adults that provides what other clubs lack. The club provides the opportunity to socialize in a beautiful and safe environment with nice and like-minded people where anything can happen but nothing must happen. Everything is up to our guests, the club provides only the best conditions. So let your fantasies come true and visit us.<\/p><p><strong><em>Warm welcome to us!<\/em><\/strong><br \/><strong><em>Christian with staff<\/em><\/strong><\/p><\/div>\n\t\t\t\t<\/div>\n\t\t\t\t<\/div>\n\t\t\t\t\t\t<\/div>\n\t\t\t\t\t<\/div>\n\t\t<\/div>\n\t\t\t\t<div class=\"elementor-column elementor-col-50 elementor-top-column elementor-element elementor-element-87d7179\" data-id=\"87d7179\" data-element_type=\"column\">\n\t\t\t<div class=\"elementor-column-wrap elementor-element-populated\">\n\t\t\t\t\t\t\t<div class=\"elementor-widget-wrap\">\n\t\t\t\t\t\t<div class=\"elementor-element elementor-element-1451322 elementor-invisible elementor-widget elementor-widget-image\" data-id=\"1451322\" data-element_type=\"widget\" data-settings=\"{&quot;_animation&quot;:&quot;fadeInRight&quot;}\" data-widget_type=\"image.default\">\n\t\t\t\t<div class=\"elementor-widget-container\">\n\t\t\t\t\t<div class=\"elementor-image\">\n\t\t\t\t\t\t\t\t\t\t<img width=\"1018\" height=\"1024\" src=\"https:\/\/clubadamoeva.se\/wp-content\/uploads\/2021\/01\/Christian-1018x1024.jpg\" class=\"attachment-large size-large\" alt=\"\" loading=\"lazy\" srcset=\"https:\/\/clubadamoeva.se\/wp-content\/uploads\/2021\/01\/Christian-1018x1024.jpg 1018w, https:\/\/clubadamoeva.se\/wp-content\/uploads\/2021\/01\/Christian-298x300.jpg 298w, https:\/\/clubadamoeva.se\/wp-content\/uploads\/2021\/01\/Christian-150x150.jpg 150w, https:\/\/clubadamoeva.se\/wp-content\/uploads\/2021\/01\/Christian-768x773.jpg 768w, https:\/\/clubadamoeva.se\/wp-content\/uploads\/2021\/01\/Christian-1527x1536.jpg 1527w, https:\/\/clubadamoeva.se\/wp-content\/uploads\/2021\/01\/Christian.jpg 2003w\" sizes=\"(max-width: 1018px) 100vw, 1018px\" \/>\t\t\t\t\t\t\t\t\t\t\t<\/div>\n\t\t\t\t<\/div>\n\t\t\t\t<\/div>\n\t\t\t\t\t\t<\/div>\n\t\t\t\t\t<\/div>\n\t\t<\/div>\n\t\t\t\t\t\t\t\t<\/div>\n\t\t\t\t\t<\/div>\n\t\t<\/section>\n\t\t\t\t\t\t<\/div>\n\t\t\t\t\t\t<\/div>\n\t\t\t\t\t<\/div>","protected":false},"excerpt":{"rendered":"<p>Om Club Adam &#038; Eva &#8221;Att bes\u00f6ka klubben \u00e4r den b\u00e4sta KBT man kan uppleva&#8221;ParSokerPartners Klubbens historia och bakgrund Club Adam &amp; Eva har funnits som swingersklubb i Norrk\u00f6ping sedan 1998, och \u00e4r en av de \u00e4ldsta klubbarna i Sverige. \u00a0Jag tog \u00f6ver klubben 2010 och lade ner hela min sj\u00e4l i att g\u00f6ra den &hellip;<\/p>\n<p class=\"read-more\"> <a class=\"\" href=\"https:\/\/clubadamoeva.se\/en\/om-oss\/\"> <span class=\"screen-reader-text\">About us<\/span> Read More &raquo;<\/a><\/p>","protected":false},"author":1,"featured_media":0,"parent":0,"menu_order":0,"comment_status":"closed","ping_status":"closed","template":"elementor_header_footer","meta":{"spay_email":""},"yoast_head":"<!-- This site is optimized with the Yoast SEO plugin v16.1.1 - https:\/\/yoast.com\/wordpress\/plugins\/seo\/ -->\n<title>Om Oss - Club Adam &amp; Eva<\/title>\n<link rel=\"canonical\" href=\"https:\/\/clubadamoeva.se\/en\/om-oss\/\" \/>\n<meta property=\"og:locale\" content=\"en_GB\" \/>\n<meta property=\"og:type\" content=\"article\" \/>\n<meta property=\"og:title\" content=\"Om Oss - Club Adam &amp; Eva\" \/>\n<meta property=\"og:description\" content=\"Om Club Adam &#038; Eva &#8221;Att bes\u00f6ka klubben \u00e4r den b\u00e4sta KBT man kan uppleva&#8221;ParSokerPartners Klubbens historia och bakgrund Club Adam &amp; Eva har funnits som swingersklubb i Norrk\u00f6ping sedan 1998, och \u00e4r en av de \u00e4ldsta klubbarna i Sverige. \u00a0Jag tog \u00f6ver klubben 2010 och lade ner hela min sj\u00e4l i att g\u00f6ra den &hellip; Om Oss Read More &raquo;\" \/>\n<meta property=\"og:url\" content=\"https:\/\/clubadamoeva.se\/en\/om-oss\/\" \/>\n<meta property=\"og:site_name\" content=\"Club Adam &amp; Eva\" \/>\n<meta property=\"article:modified_time\" content=\"2021-01-17T19:43:20+00:00\" \/>\n<meta property=\"og:image\" content=\"http:\/\/clubadamoeva.se\/wp-content\/uploads\/2021\/01\/Christian-1018x1024.jpg\" \/>\n<meta name=\"twitter:card\" content=\"summary_large_image\" \/>\n<meta name=\"twitter:label1\" content=\"Estimated reading time\">\n\t<meta name=\"twitter:data1\" content=\"2 minutes\">\n<script type=\"application\/ld+json\" class=\"yoast-schema-graph\">{\"@context\":\"https:\/\/schema.org\",\"@graph\":[{\"@type\":\"Organization\",\"@id\":\"https:\/\/clubadamoeva.se\/#organization\",\"name\":\"Club Adam & Eva\",\"url\":\"https:\/\/clubadamoeva.se\/\",\"sameAs\":[],\"logo\":{\"@type\":\"ImageObject\",\"@id\":\"https:\/\/clubadamoeva.se\/#logo\",\"inLanguage\":\"en-GB\",\"url\":\"https:\/\/clubadamoeva.se\/wp-content\/uploads\/2021\/01\/CAE-logo-juli-2016-NY-e1610480592101.jpg\",\"contentUrl\":\"https:\/\/clubadamoeva.se\/wp-content\/uploads\/2021\/01\/CAE-logo-juli-2016-NY-e1610480592101.jpg\",\"width\":200,\"height\":95,\"caption\":\"Club Adam & Eva\"},\"image\":{\"@id\":\"https:\/\/clubadamoeva.se\/#logo\"}},{\"@type\":\"WebSite\",\"@id\":\"https:\/\/clubadamoeva.se\/#website\",\"url\":\"https:\/\/clubadamoeva.se\/\",\"name\":\"Club Adam &amp; Eva\",\"description\":\"Club Adam &amp; Eva - Sveriges ledande swingersklubb\",\"publisher\":{\"@id\":\"https:\/\/clubadamoeva.se\/#organization\"},\"potentialAction\":[{\"@type\":\"SearchAction\",\"target\":\"https:\/\/clubadamoeva.se\/?s={search_term_string}\",\"query-input\":\"required name=search_term_string\"}],\"inLanguage\":\"en-GB\"},{\"@type\":\"ImageObject\",\"@id\":\"https:\/\/clubadamoeva.se\/om-oss\/#primaryimage\",\"inLanguage\":\"en-GB\",\"url\":\"http:\/\/clubadamoeva.se\/wp-content\/uploads\/2021\/01\/Christian-1018x1024.jpg\",\"contentUrl\":\"http:\/\/clubadamoeva.se\/wp-content\/uploads\/2021\/01\/Christian-1018x1024.jpg\"},{\"@type\":\"WebPage\",\"@id\":\"https:\/\/clubadamoeva.se\/om-oss\/#webpage\",\"url\":\"https:\/\/clubadamoeva.se\/om-oss\/\",\"name\":\"Om Oss - Club Adam &amp; Eva\",\"isPartOf\":{\"@id\":\"https:\/\/clubadamoeva.se\/#website\"},\"primaryImageOfPage\":{\"@id\":\"https:\/\/clubadamoeva.se\/om-oss\/#primaryimage\"},\"datePublished\":\"2021-01-10T11:57:59+00:00\",\"dateModified\":\"2021-01-17T19:43:20+00:00\",\"breadcrumb\":{\"@id\":\"https:\/\/clubadamoeva.se\/om-oss\/#breadcrumb\"},\"inLanguage\":\"en-GB\",\"potentialAction\":[{\"@type\":\"ReadAction\",\"target\":[\"https:\/\/clubadamoeva.se\/om-oss\/\"]}]},{\"@type\":\"BreadcrumbList\",\"@id\":\"https:\/\/clubadamoeva.se\/om-oss\/#breadcrumb\",\"itemListElement\":[{\"@type\":\"ListItem\",\"position\":1,\"item\":{\"@type\":\"WebPage\",\"@id\":\"https:\/\/clubadamoeva.se\/\",\"url\":\"https:\/\/clubadamoeva.se\/\",\"name\":\"Hem\"}},{\"@type\":\"ListItem\",\"position\":2,\"item\":{\"@type\":\"WebPage\",\"@id\":\"https:\/\/clubadamoeva.se\/om-oss\/\",\"url\":\"https:\/\/clubadamoeva.se\/om-oss\/\",\"name\":\"Om Oss\"}}]}]}<\/script>\n<!-- \/ Yoast SEO plugin. -->","_links":{"self":[{"href":"https:\/\/clubadamoeva.se\/en\/wp-json\/wp\/v2\/pages\/94"}],"collection":[{"href":"https:\/\/clubadamoeva.se\/en\/wp-json\/wp\/v2\/pages"}],"about":[{"href":"https:\/\/clubadamoeva.se\/en\/wp-json\/wp\/v2\/types\/page"}],"author":[{"embeddable":true,"href":"https:\/\/clubadamoeva.se\/en\/wp-json\/wp\/v2\/users\/1"}],"replies":[{"embeddable":true,"href":"https:\/\/clubadamoeva.se\/en\/wp-json\/wp\/v2\/comments?post=94"}],"version-history":[{"count":88,"href":"https:\/\/clubadamoeva.se\/en\/wp-json\/wp\/v2\/pages\/94\/revisions"}],"predecessor-version":[{"id":804,"href":"https:\/\/clubadamoeva.se\/en\/wp-json\/wp\/v2\/pages\/94\/revisions\/804"}],"wp:attachment":[{"href":"https:\/\/clubadamoeva.se\/en\/wp-json\/wp\/v2\/media?parent=94"}],"curies":[{"name":"wp","href":"https:\/\/api.w.org\/{rel}","templated":true}]}}