{"id":7063,"date":"2026-04-23T19:38:17","date_gmt":"2026-04-23T19:38:17","guid":{"rendered":"https:\/\/clubadamoeva.se\/?page_id=7063"},"modified":"2026-04-23T19:42:21","modified_gmt":"2026-04-23T19:42:21","slug":"rainbownight","status":"publish","type":"page","link":"https:\/\/clubadamoeva.se\/en\/rainbownight\/","title":{"rendered":"rainbownight"},"content":{"rendered":"<div data-elementor-type=\"wp-page\" data-elementor-id=\"7063\" class=\"elementor elementor-7063\" data-elementor-settings=\"[]\">\n\t\t\t\t\t\t<div class=\"elementor-inner\">\n\t\t\t\t\t\t\t<div class=\"elementor-section-wrap\">\n\t\t\t\t\t\t\t<section class=\"elementor-section elementor-top-section elementor-element elementor-element-61efb5d elementor-section-height-min-height elementor-section-content-middle elementor-section-boxed elementor-section-height-default elementor-section-items-middle\" data-id=\"61efb5d\" data-element_type=\"section\" data-settings=\"{&quot;background_background&quot;:&quot;classic&quot;,&quot;animation&quot;:&quot;none&quot;}\">\n\t\t\t\t\t\t\t<div class=\"elementor-background-overlay\"><\/div>\n\t\t\t\t\t\t\t<div class=\"elementor-container elementor-column-gap-default\">\n\t\t\t\t\t\t\t<div class=\"elementor-row\">\n\t\t\t\t\t<div class=\"elementor-column elementor-col-100 elementor-top-column elementor-element elementor-element-8b81822\" data-id=\"8b81822\" data-element_type=\"column\">\n\t\t\t<div class=\"elementor-column-wrap elementor-element-populated\">\n\t\t\t\t\t\t\t<div class=\"elementor-widget-wrap\">\n\t\t\t\t\t\t<div class=\"elementor-element elementor-element-8657e04 elementor-widget elementor-widget-heading\" data-id=\"8657e04\" data-element_type=\"widget\" data-widget_type=\"heading.default\">\n\t\t\t\t<div class=\"elementor-widget-container\">\n\t\t\t<h1 class=\"elementor-heading-title elementor-size-default\">RainbowNight@CAE<\/h1>\t\t<\/div>\n\t\t\t\t<\/div>\n\t\t\t\t\t\t<\/div>\n\t\t\t\t\t<\/div>\n\t\t<\/div>\n\t\t\t\t\t\t\t\t<\/div>\n\t\t\t\t\t<\/div>\n\t\t<\/section>\n\t\t\t\t<section class=\"elementor-section elementor-top-section elementor-element elementor-element-ffbe136 elementor-section-boxed elementor-section-height-default elementor-section-height-default\" data-id=\"ffbe136\" data-element_type=\"section\">\n\t\t\t\t\t\t<div class=\"elementor-container elementor-column-gap-default\">\n\t\t\t\t\t\t\t<div class=\"elementor-row\">\n\t\t\t\t\t<div class=\"elementor-column elementor-col-100 elementor-top-column elementor-element elementor-element-36bdeb8\" data-id=\"36bdeb8\" data-element_type=\"column\">\n\t\t\t<div class=\"elementor-column-wrap elementor-element-populated\">\n\t\t\t\t\t\t\t<div class=\"elementor-widget-wrap\">\n\t\t\t\t\t\t<div class=\"elementor-element elementor-element-7965976 elementor-widget elementor-widget-text-editor\" data-id=\"7965976\" data-element_type=\"widget\" data-widget_type=\"text-editor.default\">\n\t\t\t\t<div class=\"elementor-widget-container\">\n\t\t\t\t\t<div class=\"elementor-text-editor elementor-clearfix\"><h1 style=\"margin: 0in; font-family: Calibri; font-size: 20.0pt; color: #0c0c0c;\"><span style=\"font-weight: bold; color: #000000;\">RainbowNight@CAE<\/span><\/h1><p><span style=\"color: #000000;\">Sommarens mest inkluderande torsdagskv\u00e4ll I sommar \u00f6ppnar vi klubben fler kv\u00e4llar, och p\u00e5 torsdagar \u00e4r det dags f\u00f6r <em><strong>RainbowNight<\/strong> <\/em>\u2013 v\u00e5r \u00f6ppna, avslappnade och inkluderande kv\u00e4ll d\u00e4r vi blandar det b\u00e4sta av <strong>Club Adam och Club Adam &amp; Eva.<\/strong><\/span><\/p><p><span style=\"color: #000000;\">Ingen medlemskap kr\u00e4vs. Det enda kravet \u00e4r att du identifierar dig som gay eller bisexuell. <strong>\u00c4r du eller ni heterosexuella \u00e4r denna kv\u00e4ll inte r\u00e4tt val, d\u00e5 den \u00e4r s\u00e4rskilt skapad f\u00f6r v\u00e5r HBTQ\u2011publik.<\/strong><\/span><\/p><p><span style=\"color: #000000;\">Vill du eller ni bara h\u00e4nga i baren och ta n\u00e5got gott att dricka beh\u00f6ver ni inte betala n\u00e5gon entr\u00e9avgift<\/span><\/p><p><span style=\"color: #000000;\">Vill du\/ni dessutom f\u00f6rgylla kv\u00e4llen med ett bes\u00f6k i relaxen och lekrummet \u00e4r priset 250 kr. S\u00e5 varmt v\u00e4lkommen till <strong>RainbowNight@CAE<\/strong> \u2013 en f\u00e4rgstark, trygg och h\u00e4rlig torsdagskv\u00e4ll d\u00e4r du f\u00e5r vara precis den du \u00e4r.<\/span><\/p><h3><span style=\"color: #000000;\"><em><strong>Torsdagar under Sommarklubben mellan 19:00-24:00<\/strong><\/em><\/span><\/h3><p style=\"margin: 0in; font-family: Calibri; font-size: 16.0pt;\">\u00a0<\/p><\/div>\n\t\t\t\t<\/div>\n\t\t\t\t<\/div>\n\t\t\t\t\t\t<\/div>\n\t\t\t\t\t<\/div>\n\t\t<\/div>\n\t\t\t\t\t\t\t\t<\/div>\n\t\t\t\t\t<\/div>\n\t\t<\/section>\n\t\t\t\t\t\t<\/div>\n\t\t\t\t\t\t<\/div>\n\t\t\t\t\t<\/div>","protected":false},"excerpt":{"rendered":"<p>RainbowNight@CAE RainbowNight@CAE Sommarens mest inkluderande torsdagskv\u00e4ll I sommar \u00f6ppnar vi klubben fler kv\u00e4llar, och p\u00e5 torsdagar \u00e4r det dags f\u00f6r RainbowNight \u2013 v\u00e5r \u00f6ppna, avslappnade och inkluderande kv\u00e4ll d\u00e4r vi blandar det b\u00e4sta av Club Adam och Club Adam &amp; Eva. Ingen medlemskap kr\u00e4vs. Det enda kravet \u00e4r att du identifierar dig som gay eller &hellip;<\/p>\n<p class=\"read-more\"> <a class=\"\" href=\"https:\/\/clubadamoeva.se\/en\/rainbownight\/\"> <span class=\"screen-reader-text\">rainbownight<\/span> Read More &raquo;<\/a><\/p>","protected":false},"author":1,"featured_media":0,"parent":0,"menu_order":0,"comment_status":"closed","ping_status":"closed","template":"elementor_header_footer","meta":{"spay_email":""},"yoast_head":"<!-- This site is optimized with the Yoast SEO plugin v16.1.1 - https:\/\/yoast.com\/wordpress\/plugins\/seo\/ -->\n<title>rainbownight - Club Adam &amp; Eva<\/title>\n<link rel=\"canonical\" href=\"https:\/\/clubadamoeva.se\/en\/rainbownight\/\" \/>\n<meta property=\"og:locale\" content=\"en_GB\" \/>\n<meta property=\"og:type\" content=\"article\" \/>\n<meta property=\"og:title\" content=\"rainbownight - Club Adam &amp; Eva\" \/>\n<meta property=\"og:description\" content=\"RainbowNight@CAE RainbowNight@CAE Sommarens mest inkluderande torsdagskv\u00e4ll I sommar \u00f6ppnar vi klubben fler kv\u00e4llar, och p\u00e5 torsdagar \u00e4r det dags f\u00f6r RainbowNight \u2013 v\u00e5r \u00f6ppna, avslappnade och inkluderande kv\u00e4ll d\u00e4r vi blandar det b\u00e4sta av Club Adam och Club Adam &amp; Eva. Ingen medlemskap kr\u00e4vs. Det enda kravet \u00e4r att du identifierar dig som gay eller &hellip; rainbownight Read More &raquo;\" \/>\n<meta property=\"og:url\" content=\"https:\/\/clubadamoeva.se\/en\/rainbownight\/\" \/>\n<meta property=\"og:site_name\" content=\"Club Adam &amp; Eva\" \/>\n<meta property=\"article:modified_time\" content=\"2026-04-23T19:42:21+00:00\" \/>\n<meta name=\"twitter:card\" content=\"summary_large_image\" \/>\n<meta name=\"twitter:label1\" content=\"Estimated reading time\">\n\t<meta name=\"twitter:data1\" content=\"1 minute\">\n<script type=\"application\/ld+json\" class=\"yoast-schema-graph\">{\"@context\":\"https:\/\/schema.org\",\"@graph\":[{\"@type\":\"Organization\",\"@id\":\"https:\/\/clubadamoeva.se\/#organization\",\"name\":\"Club Adam & Eva\",\"url\":\"https:\/\/clubadamoeva.se\/\",\"sameAs\":[],\"logo\":{\"@type\":\"ImageObject\",\"@id\":\"https:\/\/clubadamoeva.se\/#logo\",\"inLanguage\":\"en-GB\",\"url\":\"https:\/\/clubadamoeva.se\/wp-content\/uploads\/2021\/01\/CAE-logo-juli-2016-NY-e1610480592101.jpg\",\"contentUrl\":\"https:\/\/clubadamoeva.se\/wp-content\/uploads\/2021\/01\/CAE-logo-juli-2016-NY-e1610480592101.jpg\",\"width\":200,\"height\":95,\"caption\":\"Club Adam & Eva\"},\"image\":{\"@id\":\"https:\/\/clubadamoeva.se\/#logo\"}},{\"@type\":\"WebSite\",\"@id\":\"https:\/\/clubadamoeva.se\/#website\",\"url\":\"https:\/\/clubadamoeva.se\/\",\"name\":\"Club Adam &amp; Eva\",\"description\":\"Club Adam &amp; Eva - Sveriges ledande swingersklubb\",\"publisher\":{\"@id\":\"https:\/\/clubadamoeva.se\/#organization\"},\"potentialAction\":[{\"@type\":\"SearchAction\",\"target\":\"https:\/\/clubadamoeva.se\/?s={search_term_string}\",\"query-input\":\"required name=search_term_string\"}],\"inLanguage\":\"en-GB\"},{\"@type\":\"WebPage\",\"@id\":\"https:\/\/clubadamoeva.se\/rainbownight\/#webpage\",\"url\":\"https:\/\/clubadamoeva.se\/rainbownight\/\",\"name\":\"rainbownight - Club Adam &amp; Eva\",\"isPartOf\":{\"@id\":\"https:\/\/clubadamoeva.se\/#website\"},\"datePublished\":\"2026-04-23T19:38:17+00:00\",\"dateModified\":\"2026-04-23T19:42:21+00:00\",\"breadcrumb\":{\"@id\":\"https:\/\/clubadamoeva.se\/rainbownight\/#breadcrumb\"},\"inLanguage\":\"en-GB\",\"potentialAction\":[{\"@type\":\"ReadAction\",\"target\":[\"https:\/\/clubadamoeva.se\/rainbownight\/\"]}]},{\"@type\":\"BreadcrumbList\",\"@id\":\"https:\/\/clubadamoeva.se\/rainbownight\/#breadcrumb\",\"itemListElement\":[{\"@type\":\"ListItem\",\"position\":1,\"item\":{\"@type\":\"WebPage\",\"@id\":\"https:\/\/clubadamoeva.se\/\",\"url\":\"https:\/\/clubadamoeva.se\/\",\"name\":\"Hem\"}},{\"@type\":\"ListItem\",\"position\":2,\"item\":{\"@type\":\"WebPage\",\"@id\":\"https:\/\/clubadamoeva.se\/rainbownight\/\",\"url\":\"https:\/\/clubadamoeva.se\/rainbownight\/\",\"name\":\"rainbownight\"}}]}]}<\/script>\n<!-- \/ Yoast SEO plugin. -->","_links":{"self":[{"href":"https:\/\/clubadamoeva.se\/en\/wp-json\/wp\/v2\/pages\/7063"}],"collection":[{"href":"https:\/\/clubadamoeva.se\/en\/wp-json\/wp\/v2\/pages"}],"about":[{"href":"https:\/\/clubadamoeva.se\/en\/wp-json\/wp\/v2\/types\/page"}],"author":[{"embeddable":true,"href":"https:\/\/clubadamoeva.se\/en\/wp-json\/wp\/v2\/users\/1"}],"replies":[{"embeddable":true,"href":"https:\/\/clubadamoeva.se\/en\/wp-json\/wp\/v2\/comments?post=7063"}],"version-history":[{"count":11,"href":"https:\/\/clubadamoeva.se\/en\/wp-json\/wp\/v2\/pages\/7063\/revisions"}],"predecessor-version":[{"id":7076,"href":"https:\/\/clubadamoeva.se\/en\/wp-json\/wp\/v2\/pages\/7063\/revisions\/7076"}],"wp:attachment":[{"href":"https:\/\/clubadamoeva.se\/en\/wp-json\/wp\/v2\/media?parent=7063"}],"curies":[{"name":"wp","href":"https:\/\/api.w.org\/{rel}","templated":true}]}}