{"id":6913,"date":"2026-04-15T17:04:48","date_gmt":"2026-04-15T17:04:48","guid":{"rendered":"https:\/\/clubadamoeva.se\/?page_id=6913"},"modified":"2026-04-15T17:35:48","modified_gmt":"2026-04-15T17:35:48","slug":"afterwork-med-eurovision%e2%80%91quiz-cae-15-maj","status":"publish","type":"page","link":"https:\/\/clubadamoeva.se\/en\/afterwork-med-eurovision%e2%80%91quiz-cae-15-maj\/","title":{"rendered":"AfterWork med Eurovision\u2011quiz @ CAE \u2013 15 maj"},"content":{"rendered":"<div data-elementor-type=\"wp-page\" data-elementor-id=\"6913\" class=\"elementor elementor-6913\" data-elementor-settings=\"[]\">\n\t\t\t\t\t\t<div class=\"elementor-inner\">\n\t\t\t\t\t\t\t<div class=\"elementor-section-wrap\">\n\t\t\t\t\t\t\t<section class=\"elementor-section elementor-top-section elementor-element elementor-element-61efb5d elementor-section-height-min-height elementor-section-content-middle elementor-section-boxed elementor-section-height-default elementor-section-items-middle\" data-id=\"61efb5d\" data-element_type=\"section\" data-settings=\"{&quot;background_background&quot;:&quot;classic&quot;,&quot;animation&quot;:&quot;none&quot;}\">\n\t\t\t\t\t\t\t<div class=\"elementor-background-overlay\"><\/div>\n\t\t\t\t\t\t\t<div class=\"elementor-container elementor-column-gap-default\">\n\t\t\t\t\t\t\t<div class=\"elementor-row\">\n\t\t\t\t\t<div class=\"elementor-column elementor-col-100 elementor-top-column elementor-element elementor-element-8b81822\" data-id=\"8b81822\" data-element_type=\"column\">\n\t\t\t<div class=\"elementor-column-wrap elementor-element-populated\">\n\t\t\t\t\t\t\t<div class=\"elementor-widget-wrap\">\n\t\t\t\t\t\t<div class=\"elementor-element elementor-element-8657e04 elementor-widget elementor-widget-heading\" data-id=\"8657e04\" data-element_type=\"widget\" data-widget_type=\"heading.default\">\n\t\t\t\t<div class=\"elementor-widget-container\">\n\t\t\t<h1 class=\"elementor-heading-title elementor-size-default\">AfterWork 15 maj<\/h1>\t\t<\/div>\n\t\t\t\t<\/div>\n\t\t\t\t\t\t<\/div>\n\t\t\t\t\t<\/div>\n\t\t<\/div>\n\t\t\t\t\t\t\t\t<\/div>\n\t\t\t\t\t<\/div>\n\t\t<\/section>\n\t\t\t\t<section class=\"elementor-section elementor-top-section elementor-element elementor-element-ffbe136 elementor-section-boxed elementor-section-height-default elementor-section-height-default\" data-id=\"ffbe136\" data-element_type=\"section\">\n\t\t\t\t\t\t<div class=\"elementor-container elementor-column-gap-default\">\n\t\t\t\t\t\t\t<div class=\"elementor-row\">\n\t\t\t\t\t<div class=\"elementor-column elementor-col-100 elementor-top-column elementor-element elementor-element-36bdeb8\" data-id=\"36bdeb8\" data-element_type=\"column\">\n\t\t\t<div class=\"elementor-column-wrap elementor-element-populated\">\n\t\t\t\t\t\t\t<div class=\"elementor-widget-wrap\">\n\t\t\t\t\t\t<div class=\"elementor-element elementor-element-7965976 elementor-widget elementor-widget-text-editor\" data-id=\"7965976\" data-element_type=\"widget\" data-widget_type=\"text-editor.default\">\n\t\t\t\t<div class=\"elementor-widget-container\">\n\t\t\t\t\t<div class=\"elementor-text-editor elementor-clearfix\"><h1 style=\"margin: 0in; font-family: Calibri; font-size: 20.0pt; color: #0c0c0c;\"><span style=\"color: #000000;\"><em><strong>AfterWork med Eurovision\u2011quiz @ CAE \u2013 15 maj<\/strong><\/em><\/span><\/h1><p><span style=\"color: #000000;\"><br \/>Vi k\u00f6r <em>AfterWork Deluxe<\/em> i kv\u00e4ll och \u00f6ppnar redan kl. 19.00. Fram till 21.00 \u00e4r det <strong>fri entr\u00e9<\/strong>, och vi bjuder p\u00e5 ett glittrande <strong>schlagerquiz med fina priser<\/strong>.<\/span><\/p><p><span style=\"color: #000000;\">I baren hittar du <strong>h\u00e4rliga happy hour\u2011priser<\/strong>, och k\u00f6ket serverar en <br \/><span style=\"color: #800000;\"><em><strong>l\u00e4cker hamburgertallrik f\u00f6r endast 98 kr<\/strong>.<\/em><\/span><\/span><\/p><p><span style=\"color: #000000;\">Vill du stanna kvar efter 21.00 l\u00f6ser du entr\u00e9 som vanligt. <br \/><em><strong>Observera: medlemstv\u00e5ng f\u00f6r singelkillar, precis som vanligt.<\/strong><\/em><\/span><\/p><\/div>\n\t\t\t\t<\/div>\n\t\t\t\t<\/div>\n\t\t\t\t\t\t<\/div>\n\t\t\t\t\t<\/div>\n\t\t<\/div>\n\t\t\t\t\t\t\t\t<\/div>\n\t\t\t\t\t<\/div>\n\t\t<\/section>\n\t\t\t\t\t\t<\/div>\n\t\t\t\t\t\t<\/div>\n\t\t\t\t\t<\/div>","protected":false},"excerpt":{"rendered":"<p>AfterWork 15 maj AfterWork med Eurovision\u2011quiz @ CAE \u2013 15 maj Vi k\u00f6r AfterWork Deluxe i kv\u00e4ll och \u00f6ppnar redan kl. 19.00. Fram till 21.00 \u00e4r det fri entr\u00e9, och vi bjuder p\u00e5 ett glittrande schlagerquiz med fina priser. I baren hittar du h\u00e4rliga happy hour\u2011priser, och k\u00f6ket serverar en l\u00e4cker hamburgertallrik f\u00f6r endast 98 &hellip;<\/p>\n<p class=\"read-more\"> <a class=\"\" href=\"https:\/\/clubadamoeva.se\/en\/afterwork-med-eurovision%e2%80%91quiz-cae-15-maj\/\"> <span class=\"screen-reader-text\">AfterWork med Eurovision\u2011quiz @ CAE \u2013 15 maj<\/span> Read More &raquo;<\/a><\/p>","protected":false},"author":1,"featured_media":0,"parent":0,"menu_order":0,"comment_status":"closed","ping_status":"closed","template":"elementor_header_footer","meta":{"spay_email":""},"yoast_head":"<!-- This site is optimized with the Yoast SEO plugin v16.1.1 - https:\/\/yoast.com\/wordpress\/plugins\/seo\/ -->\n<title>AfterWork med Eurovision\u2011quiz @ CAE \u2013 15 maj - Club Adam &amp; Eva<\/title>\n<link rel=\"canonical\" href=\"https:\/\/clubadamoeva.se\/en\/afterwork-med-eurovision\u2011quiz-cae-15-maj\/\" \/>\n<meta property=\"og:locale\" content=\"en_GB\" \/>\n<meta property=\"og:type\" content=\"article\" \/>\n<meta property=\"og:title\" content=\"AfterWork med Eurovision\u2011quiz @ CAE \u2013 15 maj - Club Adam &amp; Eva\" \/>\n<meta property=\"og:description\" content=\"AfterWork 15 maj AfterWork med Eurovision\u2011quiz @ CAE \u2013 15 maj Vi k\u00f6r AfterWork Deluxe i kv\u00e4ll och \u00f6ppnar redan kl. 19.00. Fram till 21.00 \u00e4r det fri entr\u00e9, och vi bjuder p\u00e5 ett glittrande schlagerquiz med fina priser. I baren hittar du h\u00e4rliga happy hour\u2011priser, och k\u00f6ket serverar en l\u00e4cker hamburgertallrik f\u00f6r endast 98 &hellip; AfterWork med Eurovision\u2011quiz @ CAE \u2013 15 maj Read More &raquo;\" \/>\n<meta property=\"og:url\" content=\"https:\/\/clubadamoeva.se\/en\/afterwork-med-eurovision\u2011quiz-cae-15-maj\/\" \/>\n<meta property=\"og:site_name\" content=\"Club Adam &amp; Eva\" \/>\n<meta property=\"article:modified_time\" content=\"2026-04-15T17:35:48+00:00\" \/>\n<meta name=\"twitter:card\" content=\"summary_large_image\" \/>\n<meta name=\"twitter:label1\" content=\"Estimated reading time\">\n\t<meta name=\"twitter:data1\" content=\"1 minute\">\n<script type=\"application\/ld+json\" class=\"yoast-schema-graph\">{\"@context\":\"https:\/\/schema.org\",\"@graph\":[{\"@type\":\"Organization\",\"@id\":\"https:\/\/clubadamoeva.se\/#organization\",\"name\":\"Club Adam & Eva\",\"url\":\"https:\/\/clubadamoeva.se\/\",\"sameAs\":[],\"logo\":{\"@type\":\"ImageObject\",\"@id\":\"https:\/\/clubadamoeva.se\/#logo\",\"inLanguage\":\"en-GB\",\"url\":\"https:\/\/clubadamoeva.se\/wp-content\/uploads\/2021\/01\/CAE-logo-juli-2016-NY-e1610480592101.jpg\",\"contentUrl\":\"https:\/\/clubadamoeva.se\/wp-content\/uploads\/2021\/01\/CAE-logo-juli-2016-NY-e1610480592101.jpg\",\"width\":200,\"height\":95,\"caption\":\"Club Adam & Eva\"},\"image\":{\"@id\":\"https:\/\/clubadamoeva.se\/#logo\"}},{\"@type\":\"WebSite\",\"@id\":\"https:\/\/clubadamoeva.se\/#website\",\"url\":\"https:\/\/clubadamoeva.se\/\",\"name\":\"Club Adam &amp; Eva\",\"description\":\"Club Adam &amp; Eva - Sveriges ledande swingersklubb\",\"publisher\":{\"@id\":\"https:\/\/clubadamoeva.se\/#organization\"},\"potentialAction\":[{\"@type\":\"SearchAction\",\"target\":\"https:\/\/clubadamoeva.se\/?s={search_term_string}\",\"query-input\":\"required name=search_term_string\"}],\"inLanguage\":\"en-GB\"},{\"@type\":\"WebPage\",\"@id\":\"https:\/\/clubadamoeva.se\/afterwork-med-eurovision%e2%80%91quiz-cae-15-maj\/#webpage\",\"url\":\"https:\/\/clubadamoeva.se\/afterwork-med-eurovision%e2%80%91quiz-cae-15-maj\/\",\"name\":\"AfterWork med Eurovision\\u2011quiz @ CAE \\u2013 15 maj - Club Adam &amp; Eva\",\"isPartOf\":{\"@id\":\"https:\/\/clubadamoeva.se\/#website\"},\"datePublished\":\"2026-04-15T17:04:48+00:00\",\"dateModified\":\"2026-04-15T17:35:48+00:00\",\"breadcrumb\":{\"@id\":\"https:\/\/clubadamoeva.se\/afterwork-med-eurovision%e2%80%91quiz-cae-15-maj\/#breadcrumb\"},\"inLanguage\":\"en-GB\",\"potentialAction\":[{\"@type\":\"ReadAction\",\"target\":[\"https:\/\/clubadamoeva.se\/afterwork-med-eurovision%e2%80%91quiz-cae-15-maj\/\"]}]},{\"@type\":\"BreadcrumbList\",\"@id\":\"https:\/\/clubadamoeva.se\/afterwork-med-eurovision%e2%80%91quiz-cae-15-maj\/#breadcrumb\",\"itemListElement\":[{\"@type\":\"ListItem\",\"position\":1,\"item\":{\"@type\":\"WebPage\",\"@id\":\"https:\/\/clubadamoeva.se\/\",\"url\":\"https:\/\/clubadamoeva.se\/\",\"name\":\"Hem\"}},{\"@type\":\"ListItem\",\"position\":2,\"item\":{\"@type\":\"WebPage\",\"@id\":\"https:\/\/clubadamoeva.se\/afterwork-med-eurovision%e2%80%91quiz-cae-15-maj\/\",\"url\":\"https:\/\/clubadamoeva.se\/afterwork-med-eurovision%e2%80%91quiz-cae-15-maj\/\",\"name\":\"AfterWork med Eurovision\\u2011quiz @ CAE \\u2013 15 maj\"}}]}]}<\/script>\n<!-- \/ Yoast SEO plugin. -->","_links":{"self":[{"href":"https:\/\/clubadamoeva.se\/en\/wp-json\/wp\/v2\/pages\/6913"}],"collection":[{"href":"https:\/\/clubadamoeva.se\/en\/wp-json\/wp\/v2\/pages"}],"about":[{"href":"https:\/\/clubadamoeva.se\/en\/wp-json\/wp\/v2\/types\/page"}],"author":[{"embeddable":true,"href":"https:\/\/clubadamoeva.se\/en\/wp-json\/wp\/v2\/users\/1"}],"replies":[{"embeddable":true,"href":"https:\/\/clubadamoeva.se\/en\/wp-json\/wp\/v2\/comments?post=6913"}],"version-history":[{"count":19,"href":"https:\/\/clubadamoeva.se\/en\/wp-json\/wp\/v2\/pages\/6913\/revisions"}],"predecessor-version":[{"id":6934,"href":"https:\/\/clubadamoeva.se\/en\/wp-json\/wp\/v2\/pages\/6913\/revisions\/6934"}],"wp:attachment":[{"href":"https:\/\/clubadamoeva.se\/en\/wp-json\/wp\/v2\/media?parent=6913"}],"curies":[{"name":"wp","href":"https:\/\/api.w.org\/{rel}","templated":true}]}}