{"id":6868,"date":"2026-03-17T07:20:30","date_gmt":"2026-03-17T07:20:30","guid":{"rendered":"https:\/\/clubadamoeva.se\/?page_id=6868"},"modified":"2026-03-17T07:24:49","modified_gmt":"2026-03-17T07:24:49","slug":"julifest","status":"publish","type":"page","link":"https:\/\/clubadamoeva.se\/en\/julifest\/","title":{"rendered":"julifest"},"content":{"rendered":"<div data-elementor-type=\"wp-page\" data-elementor-id=\"6868\" class=\"elementor elementor-6868\" data-elementor-settings=\"[]\">\n\t\t\t\t\t\t<div class=\"elementor-inner\">\n\t\t\t\t\t\t\t<div class=\"elementor-section-wrap\">\n\t\t\t\t\t\t\t<section class=\"elementor-section elementor-top-section elementor-element elementor-element-61efb5d elementor-section-height-min-height elementor-section-content-middle elementor-section-boxed elementor-section-height-default elementor-section-items-middle\" data-id=\"61efb5d\" data-element_type=\"section\" data-settings=\"{&quot;background_background&quot;:&quot;classic&quot;,&quot;animation&quot;:&quot;none&quot;}\">\n\t\t\t\t\t\t\t<div class=\"elementor-background-overlay\"><\/div>\n\t\t\t\t\t\t\t<div class=\"elementor-container elementor-column-gap-default\">\n\t\t\t\t\t\t\t<div class=\"elementor-row\">\n\t\t\t\t\t<div class=\"elementor-column elementor-col-100 elementor-top-column elementor-element elementor-element-8b81822\" data-id=\"8b81822\" data-element_type=\"column\">\n\t\t\t<div class=\"elementor-column-wrap elementor-element-populated\">\n\t\t\t\t\t\t\t<div class=\"elementor-widget-wrap\">\n\t\t\t\t\t\t<div class=\"elementor-element elementor-element-8657e04 elementor-widget elementor-widget-heading\" data-id=\"8657e04\" data-element_type=\"widget\" data-widget_type=\"heading.default\">\n\t\t\t\t<div class=\"elementor-widget-container\">\n\t\t\t<h1 class=\"elementor-heading-title elementor-size-default\">Crazy Chrismas Party@CAE<\/h1>\t\t<\/div>\n\t\t\t\t<\/div>\n\t\t\t\t\t\t<\/div>\n\t\t\t\t\t<\/div>\n\t\t<\/div>\n\t\t\t\t\t\t\t\t<\/div>\n\t\t\t\t\t<\/div>\n\t\t<\/section>\n\t\t\t\t<section class=\"elementor-section elementor-top-section elementor-element elementor-element-ffbe136 elementor-section-boxed elementor-section-height-default elementor-section-height-default\" data-id=\"ffbe136\" data-element_type=\"section\">\n\t\t\t\t\t\t<div class=\"elementor-container elementor-column-gap-default\">\n\t\t\t\t\t\t\t<div class=\"elementor-row\">\n\t\t\t\t\t<div class=\"elementor-column elementor-col-100 elementor-top-column elementor-element elementor-element-36bdeb8\" data-id=\"36bdeb8\" data-element_type=\"column\">\n\t\t\t<div class=\"elementor-column-wrap elementor-element-populated\">\n\t\t\t\t\t\t\t<div class=\"elementor-widget-wrap\">\n\t\t\t\t\t\t<div class=\"elementor-element elementor-element-7965976 elementor-widget elementor-widget-text-editor\" data-id=\"7965976\" data-element_type=\"widget\" data-widget_type=\"text-editor.default\">\n\t\t\t\t<div class=\"elementor-widget-container\">\n\t\t\t\t\t<div class=\"elementor-text-editor elementor-clearfix\"><h1 style=\"margin: 0in; font-family: Calibri; font-size: 20.0pt; color: #0c0c0c;\"><span style=\"font-weight: bold; color: #000000;\">\u00c5rets galnaste fest 24 jul(i) fest<\/span><\/h1><p style=\"margin: 0in; font-family: Calibri; font-size: 16.0pt;\"><span style=\"color: #000000;\">Fem m\u00e5nader kvar till julafton och vi k\u00f6r \u00e5rets galnaste fest, Crazy Christmas@CAE.<\/span><br \/><span style=\"color: #000000;\">Mitt i sommarhettan bjuder vi in till \u00e5rets galnaste temafest d\u00e4r tomtar, lucior, pepparkaksgubbar och t\u00e4rnor h\u00f6jer temperaturen rej\u00e4lt.<\/span><br \/><span style=\"color: #000000;\">Glitter, r\u00f6da detaljer, lekfull st\u00e4mning och sj\u00e4lvklart misteln p\u00e5 plats \u2013 under den kan vad som helst h\u00e4nda\u2026<\/span><\/p><div><div><span style=\"color: #000000;\"><b>Datum:\u00a0<\/b><\/span><b style=\"font-style: inherit; color: #000000;\"> 24 <\/b><b style=\"color: #000000; font-style: inherit;\">juli<\/b><\/div><div><span style=\"color: #000000;\"><b>Tid:<\/b> 20:00-02:00<\/span><\/div><div><span style=\"color: #000000;\"><b>Medlemmar:<\/b>\u00a0500:-\/per person<\/span><br \/><span style=\"color: #000000;\"><strong>G\u00e4ster<\/strong>\u00a0650:-\/ per person<\/span><\/div><div>\u00a0<\/div><div><span style=\"color: #000000;\"><strong>Par, tjejer och medlemskillar<br \/>F\u00f6rskottsbetalning och f\u00f6ranm\u00e4lan<\/strong><\/span><\/div><div><span style=\"color: #000000;\"><strong>Anm\u00e4l er till\u00a0<a style=\"color: #000000;\" href=\"mailto:info@clubadamoeva.se\">info@clubadamoeva.se<\/a><\/strong><\/span><\/div><\/div><div>\u00a0<\/div><div><p><span style=\"color: #000000;\"><em><strong>Vill ni betala medlemspris, skicka med medlemskortet n\u00e4r ni anm\u00e4ler er.<\/strong><\/em><\/span><\/p><p>\u00a0<\/p><\/div><h3><em><strong>OBS, denna kv\u00e4ll g\u00e4ller ej st\u00e4mpelkort f\u00f6r Sommarklubben<\/strong><\/em><\/h3><p style=\"margin: 0in; font-family: Calibri; font-size: 16.0pt;\">\u00a0<\/p><\/div>\n\t\t\t\t<\/div>\n\t\t\t\t<\/div>\n\t\t\t\t\t\t<\/div>\n\t\t\t\t\t<\/div>\n\t\t<\/div>\n\t\t\t\t\t\t\t\t<\/div>\n\t\t\t\t\t<\/div>\n\t\t<\/section>\n\t\t\t\t\t\t<\/div>\n\t\t\t\t\t\t<\/div>\n\t\t\t\t\t<\/div>","protected":false},"excerpt":{"rendered":"<p>Crazy Chrismas Party@CAE \u00c5rets galnaste fest 24 jul(i) fest Fem m\u00e5nader kvar till julafton och vi k\u00f6r \u00e5rets galnaste fest, Crazy Christmas@CAE.Mitt i sommarhettan bjuder vi in till \u00e5rets galnaste temafest d\u00e4r tomtar, lucior, pepparkaksgubbar och t\u00e4rnor h\u00f6jer temperaturen rej\u00e4lt.Glitter, r\u00f6da detaljer, lekfull st\u00e4mning och sj\u00e4lvklart misteln p\u00e5 plats \u2013 under den kan vad som &hellip;<\/p>\n<p class=\"read-more\"> <a class=\"\" href=\"https:\/\/clubadamoeva.se\/en\/julifest\/\"> <span class=\"screen-reader-text\">julifest<\/span> Read More &raquo;<\/a><\/p>","protected":false},"author":1,"featured_media":6870,"parent":0,"menu_order":0,"comment_status":"closed","ping_status":"closed","template":"elementor_header_footer","meta":{"spay_email":""},"yoast_head":"<!-- This site is optimized with the Yoast SEO plugin v16.1.1 - https:\/\/yoast.com\/wordpress\/plugins\/seo\/ -->\n<title>julifest - Club Adam &amp; Eva<\/title>\n<link rel=\"canonical\" href=\"https:\/\/clubadamoeva.se\/en\/julifest\/\" \/>\n<meta property=\"og:locale\" content=\"en_GB\" \/>\n<meta property=\"og:type\" content=\"article\" \/>\n<meta property=\"og:title\" content=\"julifest - Club Adam &amp; Eva\" \/>\n<meta property=\"og:description\" content=\"Crazy Chrismas Party@CAE \u00c5rets galnaste fest 24 jul(i) fest Fem m\u00e5nader kvar till julafton och vi k\u00f6r \u00e5rets galnaste fest, Crazy Christmas@CAE.Mitt i sommarhettan bjuder vi in till \u00e5rets galnaste temafest d\u00e4r tomtar, lucior, pepparkaksgubbar och t\u00e4rnor h\u00f6jer temperaturen rej\u00e4lt.Glitter, r\u00f6da detaljer, lekfull st\u00e4mning och sj\u00e4lvklart misteln p\u00e5 plats \u2013 under den kan vad som &hellip; julifest Read More &raquo;\" \/>\n<meta property=\"og:url\" content=\"https:\/\/clubadamoeva.se\/en\/julifest\/\" \/>\n<meta property=\"og:site_name\" content=\"Club Adam &amp; Eva\" \/>\n<meta property=\"article:modified_time\" content=\"2026-03-17T07:24:49+00:00\" \/>\n<meta property=\"og:image\" content=\"https:\/\/clubadamoeva.se\/wp-content\/uploads\/2026\/03\/Julifest-24-juli.jpg\" \/>\n\t<meta property=\"og:image:width\" content=\"1536\" \/>\n\t<meta property=\"og:image:height\" content=\"1024\" \/>\n<meta name=\"twitter:card\" content=\"summary_large_image\" \/>\n<meta name=\"twitter:label1\" content=\"Estimated reading time\">\n\t<meta name=\"twitter:data1\" content=\"1 minute\">\n<script type=\"application\/ld+json\" class=\"yoast-schema-graph\">{\"@context\":\"https:\/\/schema.org\",\"@graph\":[{\"@type\":\"Organization\",\"@id\":\"https:\/\/clubadamoeva.se\/#organization\",\"name\":\"Club Adam & Eva\",\"url\":\"https:\/\/clubadamoeva.se\/\",\"sameAs\":[],\"logo\":{\"@type\":\"ImageObject\",\"@id\":\"https:\/\/clubadamoeva.se\/#logo\",\"inLanguage\":\"en-GB\",\"url\":\"https:\/\/clubadamoeva.se\/wp-content\/uploads\/2021\/01\/CAE-logo-juli-2016-NY-e1610480592101.jpg\",\"contentUrl\":\"https:\/\/clubadamoeva.se\/wp-content\/uploads\/2021\/01\/CAE-logo-juli-2016-NY-e1610480592101.jpg\",\"width\":200,\"height\":95,\"caption\":\"Club Adam & Eva\"},\"image\":{\"@id\":\"https:\/\/clubadamoeva.se\/#logo\"}},{\"@type\":\"WebSite\",\"@id\":\"https:\/\/clubadamoeva.se\/#website\",\"url\":\"https:\/\/clubadamoeva.se\/\",\"name\":\"Club Adam &amp; Eva\",\"description\":\"Club Adam &amp; Eva - Sveriges ledande swingersklubb\",\"publisher\":{\"@id\":\"https:\/\/clubadamoeva.se\/#organization\"},\"potentialAction\":[{\"@type\":\"SearchAction\",\"target\":\"https:\/\/clubadamoeva.se\/?s={search_term_string}\",\"query-input\":\"required name=search_term_string\"}],\"inLanguage\":\"en-GB\"},{\"@type\":\"ImageObject\",\"@id\":\"https:\/\/clubadamoeva.se\/julifest\/#primaryimage\",\"inLanguage\":\"en-GB\",\"url\":\"https:\/\/clubadamoeva.se\/wp-content\/uploads\/2026\/03\/Julifest-24-juli.jpg\",\"contentUrl\":\"https:\/\/clubadamoeva.se\/wp-content\/uploads\/2026\/03\/Julifest-24-juli.jpg\",\"width\":1536,\"height\":1024},{\"@type\":\"WebPage\",\"@id\":\"https:\/\/clubadamoeva.se\/julifest\/#webpage\",\"url\":\"https:\/\/clubadamoeva.se\/julifest\/\",\"name\":\"julifest - Club Adam &amp; Eva\",\"isPartOf\":{\"@id\":\"https:\/\/clubadamoeva.se\/#website\"},\"primaryImageOfPage\":{\"@id\":\"https:\/\/clubadamoeva.se\/julifest\/#primaryimage\"},\"datePublished\":\"2026-03-17T07:20:30+00:00\",\"dateModified\":\"2026-03-17T07:24:49+00:00\",\"breadcrumb\":{\"@id\":\"https:\/\/clubadamoeva.se\/julifest\/#breadcrumb\"},\"inLanguage\":\"en-GB\",\"potentialAction\":[{\"@type\":\"ReadAction\",\"target\":[\"https:\/\/clubadamoeva.se\/julifest\/\"]}]},{\"@type\":\"BreadcrumbList\",\"@id\":\"https:\/\/clubadamoeva.se\/julifest\/#breadcrumb\",\"itemListElement\":[{\"@type\":\"ListItem\",\"position\":1,\"item\":{\"@type\":\"WebPage\",\"@id\":\"https:\/\/clubadamoeva.se\/\",\"url\":\"https:\/\/clubadamoeva.se\/\",\"name\":\"Hem\"}},{\"@type\":\"ListItem\",\"position\":2,\"item\":{\"@type\":\"WebPage\",\"@id\":\"https:\/\/clubadamoeva.se\/julifest\/\",\"url\":\"https:\/\/clubadamoeva.se\/julifest\/\",\"name\":\"julifest\"}}]}]}<\/script>\n<!-- \/ Yoast SEO plugin. -->","_links":{"self":[{"href":"https:\/\/clubadamoeva.se\/en\/wp-json\/wp\/v2\/pages\/6868"}],"collection":[{"href":"https:\/\/clubadamoeva.se\/en\/wp-json\/wp\/v2\/pages"}],"about":[{"href":"https:\/\/clubadamoeva.se\/en\/wp-json\/wp\/v2\/types\/page"}],"author":[{"embeddable":true,"href":"https:\/\/clubadamoeva.se\/en\/wp-json\/wp\/v2\/users\/1"}],"replies":[{"embeddable":true,"href":"https:\/\/clubadamoeva.se\/en\/wp-json\/wp\/v2\/comments?post=6868"}],"version-history":[{"count":13,"href":"https:\/\/clubadamoeva.se\/en\/wp-json\/wp\/v2\/pages\/6868\/revisions"}],"predecessor-version":[{"id":6883,"href":"https:\/\/clubadamoeva.se\/en\/wp-json\/wp\/v2\/pages\/6868\/revisions\/6883"}],"wp:featuredmedia":[{"embeddable":true,"href":"https:\/\/clubadamoeva.se\/en\/wp-json\/wp\/v2\/media\/6870"}],"wp:attachment":[{"href":"https:\/\/clubadamoeva.se\/en\/wp-json\/wp\/v2\/media?parent=6868"}],"curies":[{"name":"wp","href":"https:\/\/api.w.org\/{rel}","templated":true}]}}