{"id":6158,"date":"2025-12-20T08:26:12","date_gmt":"2025-12-20T08:26:12","guid":{"rendered":"https:\/\/clubadamoeva.se\/?page_id=6158"},"modified":"2026-04-21T17:36:54","modified_gmt":"2026-04-21T17:36:54","slug":"hot-stud-night","status":"publish","type":"page","link":"https:\/\/clubadamoeva.se\/en\/hot-stud-night\/","title":{"rendered":"hot stud night"},"content":{"rendered":"<div data-elementor-type=\"wp-page\" data-elementor-id=\"6158\" class=\"elementor elementor-6158\" data-elementor-settings=\"[]\">\n\t\t\t\t\t\t<div class=\"elementor-inner\">\n\t\t\t\t\t\t\t<div class=\"elementor-section-wrap\">\n\t\t\t\t\t\t\t<section class=\"elementor-section elementor-top-section elementor-element elementor-element-61efb5d elementor-section-height-min-height elementor-section-content-middle elementor-section-boxed elementor-section-height-default elementor-section-items-middle\" data-id=\"61efb5d\" data-element_type=\"section\" data-settings=\"{&quot;background_background&quot;:&quot;classic&quot;,&quot;animation&quot;:&quot;none&quot;}\">\n\t\t\t\t\t\t\t<div class=\"elementor-background-overlay\"><\/div>\n\t\t\t\t\t\t\t<div class=\"elementor-container elementor-column-gap-default\">\n\t\t\t\t\t\t\t<div class=\"elementor-row\">\n\t\t\t\t\t<div class=\"elementor-column elementor-col-100 elementor-top-column elementor-element elementor-element-8b81822\" data-id=\"8b81822\" data-element_type=\"column\">\n\t\t\t<div class=\"elementor-column-wrap elementor-element-populated\">\n\t\t\t\t\t\t\t<div class=\"elementor-widget-wrap\">\n\t\t\t\t\t\t<div class=\"elementor-element elementor-element-8657e04 elementor-widget elementor-widget-heading\" data-id=\"8657e04\" data-element_type=\"widget\" data-widget_type=\"heading.default\">\n\t\t\t\t<div class=\"elementor-widget-container\">\n\t\t\t<h1 class=\"elementor-heading-title elementor-size-default\">Hot Stud Night@CAE<\/h1>\t\t<\/div>\n\t\t\t\t<\/div>\n\t\t\t\t\t\t<\/div>\n\t\t\t\t\t<\/div>\n\t\t<\/div>\n\t\t\t\t\t\t\t\t<\/div>\n\t\t\t\t\t<\/div>\n\t\t<\/section>\n\t\t\t\t<section class=\"elementor-section elementor-top-section elementor-element elementor-element-ffbe136 elementor-section-boxed elementor-section-height-default elementor-section-height-default\" data-id=\"ffbe136\" data-element_type=\"section\">\n\t\t\t\t\t\t<div class=\"elementor-container elementor-column-gap-default\">\n\t\t\t\t\t\t\t<div class=\"elementor-row\">\n\t\t\t\t\t<div class=\"elementor-column elementor-col-100 elementor-top-column elementor-element elementor-element-36bdeb8\" data-id=\"36bdeb8\" data-element_type=\"column\">\n\t\t\t<div class=\"elementor-column-wrap elementor-element-populated\">\n\t\t\t\t\t\t\t<div class=\"elementor-widget-wrap\">\n\t\t\t\t\t\t<div class=\"elementor-element elementor-element-7965976 elementor-widget elementor-widget-text-editor\" data-id=\"7965976\" data-element_type=\"widget\" data-widget_type=\"text-editor.default\">\n\t\t\t\t<div class=\"elementor-widget-container\">\n\t\t\t\t\t<div class=\"elementor-text-editor elementor-clearfix\"><h1 draggable=\"false\" data-pm-slice=\"1 1 []\" data-en-clipboard=\"true\"><img loading=\"lazy\" class=\"alignnone wp-image-6832 size-full\" src=\"https:\/\/clubadamoeva.se\/wp-content\/uploads\/2026\/03\/ChatGPT-Image-14-mars-2026-14_15_41-e1773497553635.png\" alt=\"\" width=\"1290\" height=\"725\" srcset=\"https:\/\/clubadamoeva.se\/wp-content\/uploads\/2026\/03\/ChatGPT-Image-14-mars-2026-14_15_41-e1773497553635.png 1290w, https:\/\/clubadamoeva.se\/wp-content\/uploads\/2026\/03\/ChatGPT-Image-14-mars-2026-14_15_41-e1773497553635-300x169.png 300w, https:\/\/clubadamoeva.se\/wp-content\/uploads\/2026\/03\/ChatGPT-Image-14-mars-2026-14_15_41-e1773497553635-1024x576.png 1024w, https:\/\/clubadamoeva.se\/wp-content\/uploads\/2026\/03\/ChatGPT-Image-14-mars-2026-14_15_41-e1773497553635-768x432.png 768w, https:\/\/clubadamoeva.se\/wp-content\/uploads\/2026\/03\/ChatGPT-Image-14-mars-2026-14_15_41-e1773497553635-16x9.png 16w\" sizes=\"(max-width: 1290px) 100vw, 1290px\" \/><\/h1><h1 draggable=\"false\" data-pm-slice=\"1 1 []\" data-en-clipboard=\"true\">\u00a0<\/h1><h1 draggable=\"false\" data-pm-slice=\"1 1 []\" data-en-clipboard=\"true\"><span style=\"color: #000000;\"><strong>Hot Stud Night \u2013 n\u00e4r tjejerna best\u00e4mmer tempot<\/strong><\/span><\/h1><p><span style=\"color: #ff0000;\"><strong>1 maj, 5 juni, 21 augusti, 25 september, 30 oktober, 27 november, 18 december<\/strong><\/span><\/p><div draggable=\"false\"><p data-start=\"95\" data-end=\"203\"><span style=\"color: #000000;\">Det h\u00e4r \u00e4r en kv\u00e4ll med ett tydligt fokus:<\/span><br data-start=\"137\" data-end=\"140\" \/><span style=\"color: #000000;\">heta killar, laddad st\u00e4mning och kvinnor som vill ha amer \u00e4n en.<\/span><\/p><p data-start=\"205\" data-end=\"413\"><span style=\"color: #000000;\">Hot Stud Night p\u00e5 Club Adam &amp; Eva \u00e4r f\u00f6r tjejer som gillar att st\u00e5 i centrum \u2013 att bli sedd, \u00e5tr\u00e5dd och omgiven av energi. En kv\u00e4ll d\u00e4r blickar s\u00e4ger mer \u00e4n ord, och d\u00e4r mod, lekfullhet och lust f\u00e5r ta plats.<\/span><\/p><p data-start=\"415\" data-end=\"548\"><span style=\"color: #000000;\">Heta killar. T\u00e4t atmosf\u00e4r.<\/span><br data-start=\"441\" data-end=\"444\" \/><span style=\"color: #000000;\">Du \u00e4r i fokus \u2013 de \u00e4r h\u00e4r f\u00f6r dig.<\/span><br data-start=\"478\" data-end=\"481\" \/><span style=\"color: #000000;\">Inga m\u00e5sten, inga f\u00f6rklaringar. Bara samtycke, frihet och h\u00f6g puls.<\/span><\/p><p data-start=\"550\" data-end=\"623\" data-is-last-node=\"\" data-is-only-node=\"\"><span style=\"color: #000000;\">Hot Stud Night \u2013 f\u00f6r dig som v\u00e5gar ta plats och njuta av uppm\u00e4rksamheten.<\/span><\/p><\/div><div draggable=\"false\">\u00a0<\/div><div draggable=\"false\"><span style=\"color: #000000;\"><strong>Par, tjejer och medlemskillar \u00e4r v\u00e4lkomna, ingen f\u00f6ranm\u00e4lan<\/strong><\/span><br \/><span style=\"color: #000000;\"><strong>Ordinarie priser, <span style=\"color: #ff0000;\"><em>medlemskillar halva priset p\u00e5 entr\u00e9n<\/em><\/span><\/strong><\/span><br \/><span style=\"color: #000000;\"><strong>Guests & first-time visitors register at info@clubadamoeva.se<\/strong><\/span><br \/><span style=\"color: #000000;\"><strong>Drop in f\u00f6r medlemmar<\/strong><\/span><br \/><span style=\"color: #000000;\"><strong>\u00d6ppet 21:00-02:00,<br \/>insl\u00e4pp 21:00-23:00<\/strong><\/span><\/div><\/div>\n\t\t\t\t<\/div>\n\t\t\t\t<\/div>\n\t\t\t\t\t\t<\/div>\n\t\t\t\t\t<\/div>\n\t\t<\/div>\n\t\t\t\t\t\t\t\t<\/div>\n\t\t\t\t\t<\/div>\n\t\t<\/section>\n\t\t\t\t\t\t<\/div>\n\t\t\t\t\t\t<\/div>\n\t\t\t\t\t<\/div>","protected":false},"excerpt":{"rendered":"<p>Hot Stud Night@CAE \u00a0 Hot Stud Night \u2013 n\u00e4r tjejerna best\u00e4mmer tempot 1 maj, 5 juni, 21 augusti, 25 september, 30 oktober, 27 november, 18 december Det h\u00e4r \u00e4r en kv\u00e4ll med ett tydligt fokus:heta killar, laddad st\u00e4mning och kvinnor som vill ha amer \u00e4n en. Hot Stud Night p\u00e5 Club Adam &amp; Eva \u00e4r &hellip;<\/p>\n<p class=\"read-more\"> <a class=\"\" href=\"https:\/\/clubadamoeva.se\/en\/hot-stud-night\/\"> <span class=\"screen-reader-text\">hot stud night<\/span> Read More &raquo;<\/a><\/p>","protected":false},"author":1,"featured_media":6832,"parent":0,"menu_order":0,"comment_status":"closed","ping_status":"closed","template":"elementor_header_footer","meta":{"spay_email":""},"yoast_head":"<!-- This site is optimized with the Yoast SEO plugin v16.1.1 - https:\/\/yoast.com\/wordpress\/plugins\/seo\/ -->\n<title>hot stud night - Club Adam &amp; Eva<\/title>\n<link rel=\"canonical\" href=\"https:\/\/clubadamoeva.se\/en\/hot-stud-night\/\" \/>\n<meta property=\"og:locale\" content=\"en_GB\" \/>\n<meta property=\"og:type\" content=\"article\" \/>\n<meta property=\"og:title\" content=\"hot stud night - Club Adam &amp; Eva\" \/>\n<meta property=\"og:description\" content=\"Hot Stud Night@CAE \u00a0 Hot Stud Night \u2013 n\u00e4r tjejerna best\u00e4mmer tempot 1 maj, 5 juni, 21 augusti, 25 september, 30 oktober, 27 november, 18 december Det h\u00e4r \u00e4r en kv\u00e4ll med ett tydligt fokus:heta killar, laddad st\u00e4mning och kvinnor som vill ha amer \u00e4n en. Hot Stud Night p\u00e5 Club Adam &amp; Eva \u00e4r &hellip; hot stud night Read More &raquo;\" \/>\n<meta property=\"og:url\" content=\"https:\/\/clubadamoeva.se\/en\/hot-stud-night\/\" \/>\n<meta property=\"og:site_name\" content=\"Club Adam &amp; Eva\" \/>\n<meta property=\"article:modified_time\" content=\"2026-04-21T17:36:54+00:00\" \/>\n<meta property=\"og:image\" content=\"https:\/\/clubadamoeva.se\/wp-content\/uploads\/2026\/03\/ChatGPT-Image-14-mars-2026-14_15_41-e1773497553635.png\" \/>\n\t<meta property=\"og:image:width\" content=\"1290\" \/>\n\t<meta property=\"og:image:height\" content=\"725\" \/>\n<meta name=\"twitter:card\" content=\"summary_large_image\" \/>\n<meta name=\"twitter:label1\" content=\"Estimated reading time\">\n\t<meta name=\"twitter:data1\" content=\"1 minute\">\n<script type=\"application\/ld+json\" class=\"yoast-schema-graph\">{\"@context\":\"https:\/\/schema.org\",\"@graph\":[{\"@type\":\"Organization\",\"@id\":\"https:\/\/clubadamoeva.se\/#organization\",\"name\":\"Club Adam & Eva\",\"url\":\"https:\/\/clubadamoeva.se\/\",\"sameAs\":[],\"logo\":{\"@type\":\"ImageObject\",\"@id\":\"https:\/\/clubadamoeva.se\/#logo\",\"inLanguage\":\"en-GB\",\"url\":\"https:\/\/clubadamoeva.se\/wp-content\/uploads\/2021\/01\/CAE-logo-juli-2016-NY-e1610480592101.jpg\",\"contentUrl\":\"https:\/\/clubadamoeva.se\/wp-content\/uploads\/2021\/01\/CAE-logo-juli-2016-NY-e1610480592101.jpg\",\"width\":200,\"height\":95,\"caption\":\"Club Adam & Eva\"},\"image\":{\"@id\":\"https:\/\/clubadamoeva.se\/#logo\"}},{\"@type\":\"WebSite\",\"@id\":\"https:\/\/clubadamoeva.se\/#website\",\"url\":\"https:\/\/clubadamoeva.se\/\",\"name\":\"Club Adam &amp; Eva\",\"description\":\"Club Adam &amp; Eva - Sveriges ledande swingersklubb\",\"publisher\":{\"@id\":\"https:\/\/clubadamoeva.se\/#organization\"},\"potentialAction\":[{\"@type\":\"SearchAction\",\"target\":\"https:\/\/clubadamoeva.se\/?s={search_term_string}\",\"query-input\":\"required name=search_term_string\"}],\"inLanguage\":\"en-GB\"},{\"@type\":\"ImageObject\",\"@id\":\"https:\/\/clubadamoeva.se\/hot-stud-night\/#primaryimage\",\"inLanguage\":\"en-GB\",\"url\":\"https:\/\/clubadamoeva.se\/wp-content\/uploads\/2026\/03\/ChatGPT-Image-14-mars-2026-14_15_41-e1773497553635.png\",\"contentUrl\":\"https:\/\/clubadamoeva.se\/wp-content\/uploads\/2026\/03\/ChatGPT-Image-14-mars-2026-14_15_41-e1773497553635.png\",\"width\":1290,\"height\":725},{\"@type\":\"WebPage\",\"@id\":\"https:\/\/clubadamoeva.se\/hot-stud-night\/#webpage\",\"url\":\"https:\/\/clubadamoeva.se\/hot-stud-night\/\",\"name\":\"hot stud night - Club Adam &amp; Eva\",\"isPartOf\":{\"@id\":\"https:\/\/clubadamoeva.se\/#website\"},\"primaryImageOfPage\":{\"@id\":\"https:\/\/clubadamoeva.se\/hot-stud-night\/#primaryimage\"},\"datePublished\":\"2025-12-20T08:26:12+00:00\",\"dateModified\":\"2026-04-21T17:36:54+00:00\",\"breadcrumb\":{\"@id\":\"https:\/\/clubadamoeva.se\/hot-stud-night\/#breadcrumb\"},\"inLanguage\":\"en-GB\",\"potentialAction\":[{\"@type\":\"ReadAction\",\"target\":[\"https:\/\/clubadamoeva.se\/hot-stud-night\/\"]}]},{\"@type\":\"BreadcrumbList\",\"@id\":\"https:\/\/clubadamoeva.se\/hot-stud-night\/#breadcrumb\",\"itemListElement\":[{\"@type\":\"ListItem\",\"position\":1,\"item\":{\"@type\":\"WebPage\",\"@id\":\"https:\/\/clubadamoeva.se\/\",\"url\":\"https:\/\/clubadamoeva.se\/\",\"name\":\"Hem\"}},{\"@type\":\"ListItem\",\"position\":2,\"item\":{\"@type\":\"WebPage\",\"@id\":\"https:\/\/clubadamoeva.se\/hot-stud-night\/\",\"url\":\"https:\/\/clubadamoeva.se\/hot-stud-night\/\",\"name\":\"hot stud night\"}}]}]}<\/script>\n<!-- \/ Yoast SEO plugin. -->","_links":{"self":[{"href":"https:\/\/clubadamoeva.se\/en\/wp-json\/wp\/v2\/pages\/6158"}],"collection":[{"href":"https:\/\/clubadamoeva.se\/en\/wp-json\/wp\/v2\/pages"}],"about":[{"href":"https:\/\/clubadamoeva.se\/en\/wp-json\/wp\/v2\/types\/page"}],"author":[{"embeddable":true,"href":"https:\/\/clubadamoeva.se\/en\/wp-json\/wp\/v2\/users\/1"}],"replies":[{"embeddable":true,"href":"https:\/\/clubadamoeva.se\/en\/wp-json\/wp\/v2\/comments?post=6158"}],"version-history":[{"count":48,"href":"https:\/\/clubadamoeva.se\/en\/wp-json\/wp\/v2\/pages\/6158\/revisions"}],"predecessor-version":[{"id":7057,"href":"https:\/\/clubadamoeva.se\/en\/wp-json\/wp\/v2\/pages\/6158\/revisions\/7057"}],"wp:featuredmedia":[{"embeddable":true,"href":"https:\/\/clubadamoeva.se\/en\/wp-json\/wp\/v2\/media\/6832"}],"wp:attachment":[{"href":"https:\/\/clubadamoeva.se\/en\/wp-json\/wp\/v2\/media?parent=6158"}],"curies":[{"name":"wp","href":"https:\/\/api.w.org\/{rel}","templated":true}]}}