{"id":5310,"date":"2025-02-23T14:14:06","date_gmt":"2025-02-23T14:14:06","guid":{"rendered":"https:\/\/clubadamoeva.se\/?page_id=5310"},"modified":"2026-01-11T09:55:07","modified_gmt":"2026-01-11T09:55:07","slug":"absolute-white-party","status":"publish","type":"page","link":"https:\/\/clubadamoeva.se\/en\/absolute-white-party\/","title":{"rendered":"Absolute White Party"},"content":{"rendered":"<div data-elementor-type=\"wp-page\" data-elementor-id=\"5310\" class=\"elementor elementor-5310\" data-elementor-settings=\"[]\">\n\t\t\t\t\t\t<div class=\"elementor-inner\">\n\t\t\t\t\t\t\t<div class=\"elementor-section-wrap\">\n\t\t\t\t\t\t\t<section class=\"elementor-section elementor-top-section elementor-element elementor-element-61efb5d elementor-section-height-min-height elementor-section-content-middle elementor-section-boxed elementor-section-height-default elementor-section-items-middle\" data-id=\"61efb5d\" data-element_type=\"section\" data-settings=\"{&quot;background_background&quot;:&quot;classic&quot;,&quot;animation&quot;:&quot;none&quot;}\">\n\t\t\t\t\t\t\t<div class=\"elementor-background-overlay\"><\/div>\n\t\t\t\t\t\t\t<div class=\"elementor-container elementor-column-gap-default\">\n\t\t\t\t\t\t\t<div class=\"elementor-row\">\n\t\t\t\t\t<div class=\"elementor-column elementor-col-100 elementor-top-column elementor-element elementor-element-8b81822\" data-id=\"8b81822\" data-element_type=\"column\">\n\t\t\t<div class=\"elementor-column-wrap elementor-element-populated\">\n\t\t\t\t\t\t\t<div class=\"elementor-widget-wrap\">\n\t\t\t\t\t\t<div class=\"elementor-element elementor-element-8657e04 elementor-widget elementor-widget-heading\" data-id=\"8657e04\" data-element_type=\"widget\" data-widget_type=\"heading.default\">\n\t\t\t\t<div class=\"elementor-widget-container\">\n\t\t\t<h1 class=\"elementor-heading-title elementor-size-default\">Absolute White Party 11 juli<\/h1>\t\t<\/div>\n\t\t\t\t<\/div>\n\t\t\t\t\t\t<\/div>\n\t\t\t\t\t<\/div>\n\t\t<\/div>\n\t\t\t\t\t\t\t\t<\/div>\n\t\t\t\t\t<\/div>\n\t\t<\/section>\n\t\t\t\t<section class=\"elementor-section elementor-top-section elementor-element elementor-element-ffbe136 elementor-section-boxed elementor-section-height-default elementor-section-height-default\" data-id=\"ffbe136\" data-element_type=\"section\">\n\t\t\t\t\t\t<div class=\"elementor-container elementor-column-gap-default\">\n\t\t\t\t\t\t\t<div class=\"elementor-row\">\n\t\t\t\t\t<div class=\"elementor-column elementor-col-100 elementor-top-column elementor-element elementor-element-36bdeb8\" data-id=\"36bdeb8\" data-element_type=\"column\">\n\t\t\t<div class=\"elementor-column-wrap elementor-element-populated\">\n\t\t\t\t\t\t\t<div class=\"elementor-widget-wrap\">\n\t\t\t\t\t\t<div class=\"elementor-element elementor-element-7965976 elementor-widget elementor-widget-text-editor\" data-id=\"7965976\" data-element_type=\"widget\" data-widget_type=\"text-editor.default\">\n\t\t\t\t<div class=\"elementor-widget-container\">\n\t\t\t\t\t<div class=\"elementor-text-editor elementor-clearfix\"><h1 style=\"margin: 0in; font-family: Calibri; font-size: 20.0pt; color: #0c0c0c;\"><span style=\"font-weight: bold; color: #000000;\">Absolute White Party p\u00e5 Club Adam &amp; Eva<\/span><\/h1><p style=\"margin: 0in; font-family: Calibri; font-size: 16.0pt;\"><span style=\"color: #000000;\"><span style=\"color: #000000;\">En kv\u00e4ll kl\u00e4dd i vitt med fl\u00f6rt och f\u00f6rbjuden f\u00f6rf\u00f6relse!<\/span><\/span><\/p><div><div><span style=\"color: #000000;\"><b>Datum: 11 juli<\/b><\/span><\/div><div><span style=\"color: #000000;\"><b>Tid:<\/b> 20:00-02:00<\/span><\/div><div><span style=\"color: #000000;\"><b>Medlemmar:<\/b>\u00a0500:-\/per person<\/span><br \/><span style=\"color: #000000;\"><strong>G\u00e4ster<\/strong>\u00a0650:-\/ per person<\/span><\/div><div>\u00a0<\/div><div><span style=\"color: #000000;\"><strong>Par, tjejer och medlemskillar<br \/>F\u00f6rskottsbetalning och f\u00f6ranm\u00e4lan<\/strong><\/span><\/div><div><span style=\"color: #000000;\"><strong>Anm\u00e4l er till\u00a0<a style=\"color: #000000;\" href=\"mailto:info@clubadamoeva.se\">info@clubadamoeva.se<\/a><\/strong><\/span><\/div><\/div><div>\u00a0<\/div><div><span style=\"color: #000000;\"><em><strong>Vill ni betala medlemspris, skicka med medlemskortet n\u00e4r ni anm\u00e4ler er.<br \/><br \/><\/strong><\/em><\/span><\/div><h3><em><strong>OBS, denna kv\u00e4ll g\u00e4ller ej st\u00e4mpelkort f\u00f6r Sommarklubben<\/strong><\/em><\/h3><p style=\"margin: 0in; font-family: Calibri; font-size: 16.0pt;\">\u00a0<\/p><\/div>\n\t\t\t\t<\/div>\n\t\t\t\t<\/div>\n\t\t\t\t\t\t<\/div>\n\t\t\t\t\t<\/div>\n\t\t<\/div>\n\t\t\t\t\t\t\t\t<\/div>\n\t\t\t\t\t<\/div>\n\t\t<\/section>\n\t\t\t\t\t\t<\/div>\n\t\t\t\t\t\t<\/div>\n\t\t\t\t\t<\/div>","protected":false},"excerpt":{"rendered":"<p>Absolute White Party 11 juli Absolute White Party p\u00e5 Club Adam &amp; Eva En kv\u00e4ll kl\u00e4dd i vitt med fl\u00f6rt och f\u00f6rbjuden f\u00f6rf\u00f6relse! Datum: 11 juliTid: 20:00-02:00Medlemmar:\u00a0500:-\/per personG\u00e4ster\u00a0650:-\/ per person\u00a0Par, tjejer och medlemskillarF\u00f6rskottsbetalning och f\u00f6ranm\u00e4lanAnm\u00e4l er till\u00a0info@clubadamoeva.se\u00a0Vill ni betala medlemspris, skicka med medlemskortet n\u00e4r ni anm\u00e4ler er. OBS, denna kv\u00e4ll g\u00e4ller ej st\u00e4mpelkort f\u00f6r Sommarklubben &hellip;<\/p>\n<p class=\"read-more\"> <a class=\"\" href=\"https:\/\/clubadamoeva.se\/en\/absolute-white-party\/\"> <span class=\"screen-reader-text\">Absolute White Party<\/span> Read More &raquo;<\/a><\/p>","protected":false},"author":1,"featured_media":5334,"parent":0,"menu_order":0,"comment_status":"closed","ping_status":"closed","template":"elementor_header_footer","meta":{"spay_email":""},"yoast_head":"<!-- This site is optimized with the Yoast SEO plugin v16.1.1 - https:\/\/yoast.com\/wordpress\/plugins\/seo\/ -->\n<title>Absolute White Party - Club Adam &amp; Eva<\/title>\n<link rel=\"canonical\" href=\"https:\/\/clubadamoeva.se\/en\/absolute-white-party\/\" \/>\n<meta property=\"og:locale\" content=\"en_GB\" \/>\n<meta property=\"og:type\" content=\"article\" \/>\n<meta property=\"og:title\" content=\"Absolute White Party - Club Adam &amp; Eva\" \/>\n<meta property=\"og:description\" content=\"Absolute White Party 11 juli Absolute White Party p\u00e5 Club Adam &amp; Eva En kv\u00e4ll kl\u00e4dd i vitt med fl\u00f6rt och f\u00f6rbjuden f\u00f6rf\u00f6relse! Datum: 11 juliTid: 20:00-02:00Medlemmar:\u00a0500:-\/per personG\u00e4ster\u00a0650:-\/ per person\u00a0Par, tjejer och medlemskillarF\u00f6rskottsbetalning och f\u00f6ranm\u00e4lanAnm\u00e4l er till\u00a0info@clubadamoeva.se\u00a0Vill ni betala medlemspris, skicka med medlemskortet n\u00e4r ni anm\u00e4ler er. OBS, denna kv\u00e4ll g\u00e4ller ej st\u00e4mpelkort f\u00f6r Sommarklubben &hellip; Absolute White Party Read More &raquo;\" \/>\n<meta property=\"og:url\" content=\"https:\/\/clubadamoeva.se\/en\/absolute-white-party\/\" \/>\n<meta property=\"og:site_name\" content=\"Club Adam &amp; Eva\" \/>\n<meta property=\"article:modified_time\" content=\"2026-01-11T09:55:07+00:00\" \/>\n<meta property=\"og:image\" content=\"https:\/\/clubadamoeva.se\/wp-content\/uploads\/2025\/02\/Banner-White-Part-feb-25-1.jpeg\" \/>\n\t<meta property=\"og:image:width\" content=\"1920\" \/>\n\t<meta property=\"og:image:height\" content=\"1080\" \/>\n<meta name=\"twitter:card\" content=\"summary_large_image\" \/>\n<meta name=\"twitter:label1\" content=\"Estimated reading time\">\n\t<meta name=\"twitter:data1\" content=\"1 minute\">\n<script type=\"application\/ld+json\" class=\"yoast-schema-graph\">{\"@context\":\"https:\/\/schema.org\",\"@graph\":[{\"@type\":\"Organization\",\"@id\":\"https:\/\/clubadamoeva.se\/#organization\",\"name\":\"Club Adam & Eva\",\"url\":\"https:\/\/clubadamoeva.se\/\",\"sameAs\":[],\"logo\":{\"@type\":\"ImageObject\",\"@id\":\"https:\/\/clubadamoeva.se\/#logo\",\"inLanguage\":\"en-GB\",\"url\":\"https:\/\/clubadamoeva.se\/wp-content\/uploads\/2021\/01\/CAE-logo-juli-2016-NY-e1610480592101.jpg\",\"contentUrl\":\"https:\/\/clubadamoeva.se\/wp-content\/uploads\/2021\/01\/CAE-logo-juli-2016-NY-e1610480592101.jpg\",\"width\":200,\"height\":95,\"caption\":\"Club Adam & Eva\"},\"image\":{\"@id\":\"https:\/\/clubadamoeva.se\/#logo\"}},{\"@type\":\"WebSite\",\"@id\":\"https:\/\/clubadamoeva.se\/#website\",\"url\":\"https:\/\/clubadamoeva.se\/\",\"name\":\"Club Adam &amp; Eva\",\"description\":\"Club Adam &amp; Eva - Sveriges ledande swingersklubb\",\"publisher\":{\"@id\":\"https:\/\/clubadamoeva.se\/#organization\"},\"potentialAction\":[{\"@type\":\"SearchAction\",\"target\":\"https:\/\/clubadamoeva.se\/?s={search_term_string}\",\"query-input\":\"required name=search_term_string\"}],\"inLanguage\":\"en-GB\"},{\"@type\":\"ImageObject\",\"@id\":\"https:\/\/clubadamoeva.se\/absolute-white-party\/#primaryimage\",\"inLanguage\":\"en-GB\",\"url\":\"https:\/\/clubadamoeva.se\/wp-content\/uploads\/2025\/02\/Banner-White-Part-feb-25-1.jpeg\",\"contentUrl\":\"https:\/\/clubadamoeva.se\/wp-content\/uploads\/2025\/02\/Banner-White-Part-feb-25-1.jpeg\",\"width\":1920,\"height\":1080},{\"@type\":\"WebPage\",\"@id\":\"https:\/\/clubadamoeva.se\/absolute-white-party\/#webpage\",\"url\":\"https:\/\/clubadamoeva.se\/absolute-white-party\/\",\"name\":\"Absolute White Party - Club Adam &amp; Eva\",\"isPartOf\":{\"@id\":\"https:\/\/clubadamoeva.se\/#website\"},\"primaryImageOfPage\":{\"@id\":\"https:\/\/clubadamoeva.se\/absolute-white-party\/#primaryimage\"},\"datePublished\":\"2025-02-23T14:14:06+00:00\",\"dateModified\":\"2026-01-11T09:55:07+00:00\",\"breadcrumb\":{\"@id\":\"https:\/\/clubadamoeva.se\/absolute-white-party\/#breadcrumb\"},\"inLanguage\":\"en-GB\",\"potentialAction\":[{\"@type\":\"ReadAction\",\"target\":[\"https:\/\/clubadamoeva.se\/absolute-white-party\/\"]}]},{\"@type\":\"BreadcrumbList\",\"@id\":\"https:\/\/clubadamoeva.se\/absolute-white-party\/#breadcrumb\",\"itemListElement\":[{\"@type\":\"ListItem\",\"position\":1,\"item\":{\"@type\":\"WebPage\",\"@id\":\"https:\/\/clubadamoeva.se\/\",\"url\":\"https:\/\/clubadamoeva.se\/\",\"name\":\"Hem\"}},{\"@type\":\"ListItem\",\"position\":2,\"item\":{\"@type\":\"WebPage\",\"@id\":\"https:\/\/clubadamoeva.se\/absolute-white-party\/\",\"url\":\"https:\/\/clubadamoeva.se\/absolute-white-party\/\",\"name\":\"Absolute White Party\"}}]}]}<\/script>\n<!-- \/ Yoast SEO plugin. -->","_links":{"self":[{"href":"https:\/\/clubadamoeva.se\/en\/wp-json\/wp\/v2\/pages\/5310"}],"collection":[{"href":"https:\/\/clubadamoeva.se\/en\/wp-json\/wp\/v2\/pages"}],"about":[{"href":"https:\/\/clubadamoeva.se\/en\/wp-json\/wp\/v2\/types\/page"}],"author":[{"embeddable":true,"href":"https:\/\/clubadamoeva.se\/en\/wp-json\/wp\/v2\/users\/1"}],"replies":[{"embeddable":true,"href":"https:\/\/clubadamoeva.se\/en\/wp-json\/wp\/v2\/comments?post=5310"}],"version-history":[{"count":44,"href":"https:\/\/clubadamoeva.se\/en\/wp-json\/wp\/v2\/pages\/5310\/revisions"}],"predecessor-version":[{"id":6697,"href":"https:\/\/clubadamoeva.se\/en\/wp-json\/wp\/v2\/pages\/5310\/revisions\/6697"}],"wp:featuredmedia":[{"embeddable":true,"href":"https:\/\/clubadamoeva.se\/en\/wp-json\/wp\/v2\/media\/5334"}],"wp:attachment":[{"href":"https:\/\/clubadamoeva.se\/en\/wp-json\/wp\/v2\/media?parent=5310"}],"curies":[{"name":"wp","href":"https:\/\/api.w.org\/{rel}","templated":true}]}}