{"id":5269,"date":"2025-02-19T20:25:39","date_gmt":"2025-02-19T20:25:39","guid":{"rendered":"https:\/\/clubadamoeva.se\/?page_id=5269"},"modified":"2026-01-06T09:02:49","modified_gmt":"2026-01-06T09:02:49","slug":"oktoberfest","status":"publish","type":"page","link":"https:\/\/clubadamoeva.se\/en\/oktoberfest\/","title":{"rendered":"oktoberfest"},"content":{"rendered":"<div data-elementor-type=\"wp-page\" data-elementor-id=\"5269\" class=\"elementor elementor-5269\" data-elementor-settings=\"[]\">\n\t\t\t\t\t\t<div class=\"elementor-inner\">\n\t\t\t\t\t\t\t<div class=\"elementor-section-wrap\">\n\t\t\t\t\t\t\t<section class=\"elementor-section elementor-top-section elementor-element elementor-element-61efb5d elementor-section-height-min-height elementor-section-content-middle elementor-section-boxed elementor-section-height-default elementor-section-items-middle\" data-id=\"61efb5d\" data-element_type=\"section\" data-settings=\"{&quot;background_background&quot;:&quot;classic&quot;,&quot;animation&quot;:&quot;none&quot;}\">\n\t\t\t\t\t\t\t<div class=\"elementor-background-overlay\"><\/div>\n\t\t\t\t\t\t\t<div class=\"elementor-container elementor-column-gap-default\">\n\t\t\t\t\t\t\t<div class=\"elementor-row\">\n\t\t\t\t\t<div class=\"elementor-column elementor-col-100 elementor-top-column elementor-element elementor-element-8b81822\" data-id=\"8b81822\" data-element_type=\"column\">\n\t\t\t<div class=\"elementor-column-wrap elementor-element-populated\">\n\t\t\t\t\t\t\t<div class=\"elementor-widget-wrap\">\n\t\t\t\t\t\t<div class=\"elementor-element elementor-element-36fec54 elementor-widget elementor-widget-heading\" data-id=\"36fec54\" data-element_type=\"widget\" data-widget_type=\"heading.default\">\n\t\t\t\t<div class=\"elementor-widget-container\">\n\t\t\t<h2 class=\"elementor-heading-title elementor-size-default\">Oktober fest 3 oktober<\/h2>\t\t<\/div>\n\t\t\t\t<\/div>\n\t\t\t\t\t\t<\/div>\n\t\t\t\t\t<\/div>\n\t\t<\/div>\n\t\t\t\t\t\t\t\t<\/div>\n\t\t\t\t\t<\/div>\n\t\t<\/section>\n\t\t\t\t<section class=\"elementor-section elementor-top-section elementor-element elementor-element-ffbe136 elementor-section-boxed elementor-section-height-default elementor-section-height-default\" data-id=\"ffbe136\" data-element_type=\"section\">\n\t\t\t\t\t\t<div class=\"elementor-container elementor-column-gap-default\">\n\t\t\t\t\t\t\t<div class=\"elementor-row\">\n\t\t\t\t\t<div class=\"elementor-column elementor-col-100 elementor-top-column elementor-element elementor-element-36bdeb8\" data-id=\"36bdeb8\" data-element_type=\"column\">\n\t\t\t<div class=\"elementor-column-wrap elementor-element-populated\">\n\t\t\t\t\t\t\t<div class=\"elementor-widget-wrap\">\n\t\t\t\t\t\t<div class=\"elementor-element elementor-element-7965976 elementor-widget elementor-widget-text-editor\" data-id=\"7965976\" data-element_type=\"widget\" data-widget_type=\"text-editor.default\">\n\t\t\t\t<div class=\"elementor-widget-container\">\n\t\t\t\t\t<div class=\"elementor-text-editor elementor-clearfix\"><h1><span style=\"color: #000000;\"><strong>Oktoberfest \u2013 Lust, L\u00e4der &amp; Lederhosen<\/strong><br \/><\/span><\/h1><p><span style=\"color: #000000;\"><br \/>Denna kv\u00e4ll f\u00f6rvandlas \u00e5terigen klubben till en het, tyskinspirerad lekplats d\u00e4r allt kan h\u00e4nda. Fr\u00e4uleins i tajta kl\u00e4nningar med djupa urringningar lockar med mer \u00e4n bara \u00f6l, medan kraftfulla m\u00e4n i lederhosen bjuder p\u00e5 styrka, passion och r\u00e5 energi. Vi mins ju alla vilken succ\u00e9 den var f\u00f6rra \u00e5ret. S\u00e5 missa inte h\u00f6stens f\u00f6rsta heta fest.<\/span><\/p><p><span style=\"color: #000000;\"><strong>Datum:<\/strong> 3 oktober<br \/><strong>Tid\u00a0<\/strong> 20:00-02:00<\/span><br \/><span style=\"color: #000000;\"><strong>Medlem<\/strong> 595 kr\/person<\/span><br \/><span style=\"color: #000000;\"><strong>G\u00e4st<\/strong> 695 kr\/person<\/span><\/p><p><span style=\"color: #000000;\">Par, tjejer och medlemskillar \u00e4r v\u00e4lkomna!<\/span><br \/><span style=\"color: #000000;\">Obligatorisk f\u00f6ranm\u00e4lan och f\u00f6rskottsbetalning.<\/span><br \/><span style=\"color: #000000;\">Vill ni ta del av medlemspriset s\u00e5 skicka en bild p\u00e5 medlemskortet<\/span><br \/><span style=\"color: #000000;\">Anm\u00e4l er p\u00e5 <a href=\"mailto:info@clubadamoeva.se\">info@clubadamoeva.se<\/a><\/span><\/p><\/div>\n\t\t\t\t<\/div>\n\t\t\t\t<\/div>\n\t\t\t\t\t\t<\/div>\n\t\t\t\t\t<\/div>\n\t\t<\/div>\n\t\t\t\t\t\t\t\t<\/div>\n\t\t\t\t\t<\/div>\n\t\t<\/section>\n\t\t\t\t\t\t<\/div>\n\t\t\t\t\t\t<\/div>\n\t\t\t\t\t<\/div>","protected":false},"excerpt":{"rendered":"<p>Oktober fest 3 oktober Oktoberfest \u2013 Lust, L\u00e4der &amp; Lederhosen Denna kv\u00e4ll f\u00f6rvandlas \u00e5terigen klubben till en het, tyskinspirerad lekplats d\u00e4r allt kan h\u00e4nda. Fr\u00e4uleins i tajta kl\u00e4nningar med djupa urringningar lockar med mer \u00e4n bara \u00f6l, medan kraftfulla m\u00e4n i lederhosen bjuder p\u00e5 styrka, passion och r\u00e5 energi. Vi mins ju alla vilken succ\u00e9 &hellip;<\/p>\n<p class=\"read-more\"> <a class=\"\" href=\"https:\/\/clubadamoeva.se\/en\/oktoberfest\/\"> <span class=\"screen-reader-text\">oktoberfest<\/span> Read More &raquo;<\/a><\/p>","protected":false},"author":1,"featured_media":5821,"parent":0,"menu_order":0,"comment_status":"closed","ping_status":"closed","template":"elementor_header_footer","meta":{"spay_email":""},"yoast_head":"<!-- This site is optimized with the Yoast SEO plugin v16.1.1 - https:\/\/yoast.com\/wordpress\/plugins\/seo\/ -->\n<title>oktoberfest - Club Adam &amp; Eva<\/title>\n<link rel=\"canonical\" href=\"https:\/\/clubadamoeva.se\/en\/oktoberfest\/\" \/>\n<meta property=\"og:locale\" content=\"en_GB\" \/>\n<meta property=\"og:type\" content=\"article\" \/>\n<meta property=\"og:title\" content=\"oktoberfest - Club Adam &amp; Eva\" \/>\n<meta property=\"og:description\" content=\"Oktober fest 3 oktober Oktoberfest \u2013 Lust, L\u00e4der &amp; Lederhosen Denna kv\u00e4ll f\u00f6rvandlas \u00e5terigen klubben till en het, tyskinspirerad lekplats d\u00e4r allt kan h\u00e4nda. Fr\u00e4uleins i tajta kl\u00e4nningar med djupa urringningar lockar med mer \u00e4n bara \u00f6l, medan kraftfulla m\u00e4n i lederhosen bjuder p\u00e5 styrka, passion och r\u00e5 energi. Vi mins ju alla vilken succ\u00e9 &hellip; oktoberfest Read More &raquo;\" \/>\n<meta property=\"og:url\" content=\"https:\/\/clubadamoeva.se\/en\/oktoberfest\/\" \/>\n<meta property=\"og:site_name\" content=\"Club Adam &amp; Eva\" \/>\n<meta property=\"article:modified_time\" content=\"2026-01-06T09:02:49+00:00\" \/>\n<meta property=\"og:image\" content=\"https:\/\/clubadamoeva.se\/wp-content\/uploads\/2025\/09\/Oktoberfest-banner.jpeg\" \/>\n\t<meta property=\"og:image:width\" content=\"1920\" \/>\n\t<meta property=\"og:image:height\" content=\"1080\" \/>\n<meta name=\"twitter:card\" content=\"summary_large_image\" \/>\n<meta name=\"twitter:label1\" content=\"Estimated reading time\">\n\t<meta name=\"twitter:data1\" content=\"1 minute\">\n<script type=\"application\/ld+json\" class=\"yoast-schema-graph\">{\"@context\":\"https:\/\/schema.org\",\"@graph\":[{\"@type\":\"Organization\",\"@id\":\"https:\/\/clubadamoeva.se\/#organization\",\"name\":\"Club Adam & Eva\",\"url\":\"https:\/\/clubadamoeva.se\/\",\"sameAs\":[],\"logo\":{\"@type\":\"ImageObject\",\"@id\":\"https:\/\/clubadamoeva.se\/#logo\",\"inLanguage\":\"en-GB\",\"url\":\"https:\/\/clubadamoeva.se\/wp-content\/uploads\/2021\/01\/CAE-logo-juli-2016-NY-e1610480592101.jpg\",\"contentUrl\":\"https:\/\/clubadamoeva.se\/wp-content\/uploads\/2021\/01\/CAE-logo-juli-2016-NY-e1610480592101.jpg\",\"width\":200,\"height\":95,\"caption\":\"Club Adam & Eva\"},\"image\":{\"@id\":\"https:\/\/clubadamoeva.se\/#logo\"}},{\"@type\":\"WebSite\",\"@id\":\"https:\/\/clubadamoeva.se\/#website\",\"url\":\"https:\/\/clubadamoeva.se\/\",\"name\":\"Club Adam &amp; Eva\",\"description\":\"Club Adam &amp; Eva - Sveriges ledande swingersklubb\",\"publisher\":{\"@id\":\"https:\/\/clubadamoeva.se\/#organization\"},\"potentialAction\":[{\"@type\":\"SearchAction\",\"target\":\"https:\/\/clubadamoeva.se\/?s={search_term_string}\",\"query-input\":\"required name=search_term_string\"}],\"inLanguage\":\"en-GB\"},{\"@type\":\"ImageObject\",\"@id\":\"https:\/\/clubadamoeva.se\/oktoberfest\/#primaryimage\",\"inLanguage\":\"en-GB\",\"url\":\"https:\/\/clubadamoeva.se\/wp-content\/uploads\/2025\/09\/Oktoberfest-banner.jpeg\",\"contentUrl\":\"https:\/\/clubadamoeva.se\/wp-content\/uploads\/2025\/09\/Oktoberfest-banner.jpeg\",\"width\":1920,\"height\":1080},{\"@type\":\"WebPage\",\"@id\":\"https:\/\/clubadamoeva.se\/oktoberfest\/#webpage\",\"url\":\"https:\/\/clubadamoeva.se\/oktoberfest\/\",\"name\":\"oktoberfest - Club Adam &amp; Eva\",\"isPartOf\":{\"@id\":\"https:\/\/clubadamoeva.se\/#website\"},\"primaryImageOfPage\":{\"@id\":\"https:\/\/clubadamoeva.se\/oktoberfest\/#primaryimage\"},\"datePublished\":\"2025-02-19T20:25:39+00:00\",\"dateModified\":\"2026-01-06T09:02:49+00:00\",\"breadcrumb\":{\"@id\":\"https:\/\/clubadamoeva.se\/oktoberfest\/#breadcrumb\"},\"inLanguage\":\"en-GB\",\"potentialAction\":[{\"@type\":\"ReadAction\",\"target\":[\"https:\/\/clubadamoeva.se\/oktoberfest\/\"]}]},{\"@type\":\"BreadcrumbList\",\"@id\":\"https:\/\/clubadamoeva.se\/oktoberfest\/#breadcrumb\",\"itemListElement\":[{\"@type\":\"ListItem\",\"position\":1,\"item\":{\"@type\":\"WebPage\",\"@id\":\"https:\/\/clubadamoeva.se\/\",\"url\":\"https:\/\/clubadamoeva.se\/\",\"name\":\"Hem\"}},{\"@type\":\"ListItem\",\"position\":2,\"item\":{\"@type\":\"WebPage\",\"@id\":\"https:\/\/clubadamoeva.se\/oktoberfest\/\",\"url\":\"https:\/\/clubadamoeva.se\/oktoberfest\/\",\"name\":\"oktoberfest\"}}]}]}<\/script>\n<!-- \/ Yoast SEO plugin. -->","_links":{"self":[{"href":"https:\/\/clubadamoeva.se\/en\/wp-json\/wp\/v2\/pages\/5269"}],"collection":[{"href":"https:\/\/clubadamoeva.se\/en\/wp-json\/wp\/v2\/pages"}],"about":[{"href":"https:\/\/clubadamoeva.se\/en\/wp-json\/wp\/v2\/types\/page"}],"author":[{"embeddable":true,"href":"https:\/\/clubadamoeva.se\/en\/wp-json\/wp\/v2\/users\/1"}],"replies":[{"embeddable":true,"href":"https:\/\/clubadamoeva.se\/en\/wp-json\/wp\/v2\/comments?post=5269"}],"version-history":[{"count":45,"href":"https:\/\/clubadamoeva.se\/en\/wp-json\/wp\/v2\/pages\/5269\/revisions"}],"predecessor-version":[{"id":6488,"href":"https:\/\/clubadamoeva.se\/en\/wp-json\/wp\/v2\/pages\/5269\/revisions\/6488"}],"wp:featuredmedia":[{"embeddable":true,"href":"https:\/\/clubadamoeva.se\/en\/wp-json\/wp\/v2\/media\/5821"}],"wp:attachment":[{"href":"https:\/\/clubadamoeva.se\/en\/wp-json\/wp\/v2\/media?parent=5269"}],"curies":[{"name":"wp","href":"https:\/\/api.w.org\/{rel}","templated":true}]}}