{"id":4507,"date":"2024-08-03T07:17:44","date_gmt":"2024-08-03T07:17:44","guid":{"rendered":"https:\/\/clubadamoeva.se\/?page_id=4507"},"modified":"2024-10-11T06:06:43","modified_gmt":"2024-10-11T06:06:43","slug":"ny-pa-club-adam-eva","status":"publish","type":"page","link":"https:\/\/clubadamoeva.se\/en\/ny-pa-club-adam-eva\/","title":{"rendered":"New to Club Adam & Eva"},"content":{"rendered":"<div data-elementor-type=\"wp-page\" data-elementor-id=\"4507\" class=\"elementor elementor-4507\" data-elementor-settings=\"[]\">\n\t\t\t\t\t\t<div class=\"elementor-inner\">\n\t\t\t\t\t\t\t<div class=\"elementor-section-wrap\">\n\t\t\t\t\t\t\t<section class=\"elementor-section elementor-top-section elementor-element elementor-element-5794db2 elementor-section-full_width elementor-section-height-min-height elementor-section-height-default elementor-section-items-middle\" data-id=\"5794db2\" data-element_type=\"section\" data-settings=\"{&quot;background_background&quot;:&quot;classic&quot;}\">\n\t\t\t\t\t\t\t<div class=\"elementor-background-overlay\"><\/div>\n\t\t\t\t\t\t\t<div class=\"elementor-container elementor-column-gap-default\">\n\t\t\t\t\t\t\t<div class=\"elementor-row\">\n\t\t\t\t\t<div class=\"elementor-column elementor-col-100 elementor-top-column elementor-element elementor-element-b1716c9\" data-id=\"b1716c9\" data-element_type=\"column\">\n\t\t\t<div class=\"elementor-column-wrap elementor-element-populated\">\n\t\t\t\t\t\t\t<div class=\"elementor-widget-wrap\">\n\t\t\t\t\t\t<div class=\"elementor-element elementor-element-3b2c3f8 elementor-widget elementor-widget-heading\" data-id=\"3b2c3f8\" data-element_type=\"widget\" data-widget_type=\"heading.default\">\n\t\t\t\t<div class=\"elementor-widget-container\">\n\t\t\t<h1 class=\"elementor-heading-title elementor-size-default\">F\u00f6rsta g\u00e5ngen p\u00e5 Club Adam &amp; Eva<\/h1>\t\t<\/div>\n\t\t\t\t<\/div>\n\t\t\t\t\t\t<\/div>\n\t\t\t\t\t<\/div>\n\t\t<\/div>\n\t\t\t\t\t\t\t\t<\/div>\n\t\t\t\t\t<\/div>\n\t\t<\/section>\n\t\t\t\t<section class=\"elementor-section elementor-top-section elementor-element elementor-element-0fa2de0 elementor-section-boxed elementor-section-height-default elementor-section-height-default\" data-id=\"0fa2de0\" data-element_type=\"section\">\n\t\t\t\t\t\t<div class=\"elementor-container elementor-column-gap-default\">\n\t\t\t\t\t\t\t<div class=\"elementor-row\">\n\t\t\t\t\t<div class=\"elementor-column elementor-col-100 elementor-top-column elementor-element elementor-element-6fd8b8b\" data-id=\"6fd8b8b\" data-element_type=\"column\">\n\t\t\t<div class=\"elementor-column-wrap elementor-element-populated\">\n\t\t\t\t\t\t\t<div class=\"elementor-widget-wrap\">\n\t\t\t\t\t\t<div class=\"elementor-element elementor-element-560d666 elementor-widget elementor-widget-text-editor\" data-id=\"560d666\" data-element_type=\"widget\" data-widget_type=\"text-editor.default\">\n\t\t\t\t<div class=\"elementor-widget-container\">\n\t\t\t\t\t<div class=\"elementor-text-editor elementor-clearfix\"><h2><strong>New at Club Adam & Eva<\/strong><\/h2><p>Welcome to Club Adam and Eva, the perfect club for those of you who want to take the first steps and start swinging. We have many experienced host couples who regularly work with us and know how to introduce new couples, making them feel safe and welcome. The club is located in the basement of a culturally and historically significant building in central Norrk\u00f6ping.<\/p><h4><strong>When you arrive<\/strong><\/h4><p>N\u00e4r ni anl\u00e4nder betalar ni entr\u00e9avgiften och f\u00e5r en nyckel till ett sk\u00e5p samt ett armband med nyckelnumret p\u00e5. Nyckeln kan l\u00e4mnas i baren och h\u00e4mtas n\u00e4r som helst under kv\u00e4llen. Allt ni handlar i baren skrivs upp p\u00e5 samma nummer som ert sk\u00e5p, och ni betalar notan n\u00e4r ni g\u00e5r hem.<\/p><h4><strong>Information when you arrive<\/strong><\/h4><p>You start by placing your outerwear in the locker and then receive a tour and information from one of our hosts. The tour is valuable as it provides information about emergency exits, rules, and much more. You will also have the opportunity to ask questions about anything you might be curious about as newcomers to the swinger world. Since we are in the parts of the club where all the exciting things happen, the information and tour take place at 8:30 PM, 30 minutes before the club opens, out of respect for the privacy of other guests.<\/p><h4><strong>How should we dress?<\/strong><\/h4><p>We rarely have a specific dress code, and if we do, it will be mentioned in the event invitation on our website. Most women tend to dress in something sexy, perhaps something they would like to wear to a dinner but don't dare to. Men often wear shirts, nice sweaters, and dress pants. Shoes are optional, but many women choose to wear dress shoes.<\/p><h4><strong>Change of clothes and Relaxation section<\/strong><\/h4><p>After a while, most people change clothes, which is also required to proceed to the relaxation and play rooms. It is never a requirement to be naked in the club if you don't want to be. Nice underwear works perfectly, though everyone swims naked in the pool. Towels are available at the bar.<\/p><h4><strong>Before the Visit<\/strong><\/h4><p>Read through the rules and other information on our website before you arrive. Once at the club, you can choose to visit us as guests with a temporary membership for the evening or become full members.<\/p><h4><b><span data-contrast=\"none\">H\u00e4r \u00e4r n\u00e5gra bra sidor med information att kika p\u00e5<\/span><\/b>\u00a0<\/h4><p><a href=\"https:\/\/clubadamoeva.se\/en\/f-a-q\/\"><b>Fr\u00e5gor &amp; Svar<\/b><\/a><br \/><strong><a href=\"https:\/\/clubadamoeva.se\/en\/information\/\">Information<\/a><\/strong><br \/><strong><a href=\"https:\/\/clubadamoeva.se\/en\/kalender\/\">Calendar<\/a><\/strong><\/p><\/div>\n\t\t\t\t<\/div>\n\t\t\t\t<\/div>\n\t\t\t\t\t\t<\/div>\n\t\t\t\t\t<\/div>\n\t\t<\/div>\n\t\t\t\t\t\t\t\t<\/div>\n\t\t\t\t\t<\/div>\n\t\t<\/section>\n\t\t\t\t\t\t<\/div>\n\t\t\t\t\t\t<\/div>\n\t\t\t\t\t<\/div>","protected":false},"excerpt":{"rendered":"<p>F\u00f6rsta g\u00e5ngen p\u00e5 Club Adam &amp; Eva Ny p\u00e5 Club Adam &amp; Eva? V\u00e4lkommen till Club Adam och Eva, den perfekta klubben f\u00f6r er som vill ta de f\u00f6rsta stegen in i swingersmilj\u00f6n. Vi har m\u00e5nga erfarna v\u00e4rdpar som regelbundet arbetar hos oss och vet hur man introducerar nya par f\u00f6r att f\u00e5 dem att &hellip;<\/p>\n<p class=\"read-more\"> <a class=\"\" href=\"https:\/\/clubadamoeva.se\/en\/ny-pa-club-adam-eva\/\"> <span class=\"screen-reader-text\">New to Club Adam & Eva<\/span> Read More &raquo;<\/a><\/p>","protected":false},"author":1,"featured_media":0,"parent":0,"menu_order":0,"comment_status":"closed","ping_status":"closed","template":"elementor_header_footer","meta":{"spay_email":""},"yoast_head":"<!-- This site is optimized with the Yoast SEO plugin v16.1.1 - https:\/\/yoast.com\/wordpress\/plugins\/seo\/ -->\n<title>Ny p\u00e5 Club Adam &amp; Eva - Club Adam &amp; Eva<\/title>\n<link rel=\"canonical\" href=\"https:\/\/clubadamoeva.se\/en\/ny-pa-club-adam-eva\/\" \/>\n<meta property=\"og:locale\" content=\"en_GB\" \/>\n<meta property=\"og:type\" content=\"article\" \/>\n<meta property=\"og:title\" content=\"Ny p\u00e5 Club Adam &amp; Eva - Club Adam &amp; Eva\" \/>\n<meta property=\"og:description\" content=\"F\u00f6rsta g\u00e5ngen p\u00e5 Club Adam &amp; Eva Ny p\u00e5 Club Adam &amp; Eva? V\u00e4lkommen till Club Adam och Eva, den perfekta klubben f\u00f6r er som vill ta de f\u00f6rsta stegen in i swingersmilj\u00f6n. Vi har m\u00e5nga erfarna v\u00e4rdpar som regelbundet arbetar hos oss och vet hur man introducerar nya par f\u00f6r att f\u00e5 dem att &hellip; Ny p\u00e5 Club Adam &#038; Eva Read More &raquo;\" \/>\n<meta property=\"og:url\" content=\"https:\/\/clubadamoeva.se\/en\/ny-pa-club-adam-eva\/\" \/>\n<meta property=\"og:site_name\" content=\"Club Adam &amp; Eva\" \/>\n<meta property=\"article:modified_time\" content=\"2024-10-11T06:06:43+00:00\" \/>\n<meta name=\"twitter:card\" content=\"summary_large_image\" \/>\n<meta name=\"twitter:label1\" content=\"Estimated reading time\">\n\t<meta name=\"twitter:data1\" content=\"2 minutes\">\n<script type=\"application\/ld+json\" class=\"yoast-schema-graph\">{\"@context\":\"https:\/\/schema.org\",\"@graph\":[{\"@type\":\"Organization\",\"@id\":\"https:\/\/clubadamoeva.se\/#organization\",\"name\":\"Club Adam & Eva\",\"url\":\"https:\/\/clubadamoeva.se\/\",\"sameAs\":[],\"logo\":{\"@type\":\"ImageObject\",\"@id\":\"https:\/\/clubadamoeva.se\/#logo\",\"inLanguage\":\"en-GB\",\"url\":\"https:\/\/clubadamoeva.se\/wp-content\/uploads\/2021\/01\/CAE-logo-juli-2016-NY-e1610480592101.jpg\",\"contentUrl\":\"https:\/\/clubadamoeva.se\/wp-content\/uploads\/2021\/01\/CAE-logo-juli-2016-NY-e1610480592101.jpg\",\"width\":200,\"height\":95,\"caption\":\"Club Adam & Eva\"},\"image\":{\"@id\":\"https:\/\/clubadamoeva.se\/#logo\"}},{\"@type\":\"WebSite\",\"@id\":\"https:\/\/clubadamoeva.se\/#website\",\"url\":\"https:\/\/clubadamoeva.se\/\",\"name\":\"Club Adam &amp; Eva\",\"description\":\"Club Adam &amp; Eva - Sveriges ledande swingersklubb\",\"publisher\":{\"@id\":\"https:\/\/clubadamoeva.se\/#organization\"},\"potentialAction\":[{\"@type\":\"SearchAction\",\"target\":\"https:\/\/clubadamoeva.se\/?s={search_term_string}\",\"query-input\":\"required name=search_term_string\"}],\"inLanguage\":\"en-GB\"},{\"@type\":\"WebPage\",\"@id\":\"https:\/\/clubadamoeva.se\/ny-pa-club-adam-eva\/#webpage\",\"url\":\"https:\/\/clubadamoeva.se\/ny-pa-club-adam-eva\/\",\"name\":\"Ny p\\u00e5 Club Adam & Eva - Club Adam &amp; Eva\",\"isPartOf\":{\"@id\":\"https:\/\/clubadamoeva.se\/#website\"},\"datePublished\":\"2024-08-03T07:17:44+00:00\",\"dateModified\":\"2024-10-11T06:06:43+00:00\",\"breadcrumb\":{\"@id\":\"https:\/\/clubadamoeva.se\/ny-pa-club-adam-eva\/#breadcrumb\"},\"inLanguage\":\"en-GB\",\"potentialAction\":[{\"@type\":\"ReadAction\",\"target\":[\"https:\/\/clubadamoeva.se\/ny-pa-club-adam-eva\/\"]}]},{\"@type\":\"BreadcrumbList\",\"@id\":\"https:\/\/clubadamoeva.se\/ny-pa-club-adam-eva\/#breadcrumb\",\"itemListElement\":[{\"@type\":\"ListItem\",\"position\":1,\"item\":{\"@type\":\"WebPage\",\"@id\":\"https:\/\/clubadamoeva.se\/\",\"url\":\"https:\/\/clubadamoeva.se\/\",\"name\":\"Hem\"}},{\"@type\":\"ListItem\",\"position\":2,\"item\":{\"@type\":\"WebPage\",\"@id\":\"https:\/\/clubadamoeva.se\/ny-pa-club-adam-eva\/\",\"url\":\"https:\/\/clubadamoeva.se\/ny-pa-club-adam-eva\/\",\"name\":\"Ny p\\u00e5 Club Adam &#038; Eva\"}}]}]}<\/script>\n<!-- \/ Yoast SEO plugin. -->","_links":{"self":[{"href":"https:\/\/clubadamoeva.se\/en\/wp-json\/wp\/v2\/pages\/4507"}],"collection":[{"href":"https:\/\/clubadamoeva.se\/en\/wp-json\/wp\/v2\/pages"}],"about":[{"href":"https:\/\/clubadamoeva.se\/en\/wp-json\/wp\/v2\/types\/page"}],"author":[{"embeddable":true,"href":"https:\/\/clubadamoeva.se\/en\/wp-json\/wp\/v2\/users\/1"}],"replies":[{"embeddable":true,"href":"https:\/\/clubadamoeva.se\/en\/wp-json\/wp\/v2\/comments?post=4507"}],"version-history":[{"count":25,"href":"https:\/\/clubadamoeva.se\/en\/wp-json\/wp\/v2\/pages\/4507\/revisions"}],"predecessor-version":[{"id":4876,"href":"https:\/\/clubadamoeva.se\/en\/wp-json\/wp\/v2\/pages\/4507\/revisions\/4876"}],"wp:attachment":[{"href":"https:\/\/clubadamoeva.se\/en\/wp-json\/wp\/v2\/media?parent=4507"}],"curies":[{"name":"wp","href":"https:\/\/api.w.org\/{rel}","templated":true}]}}