{"id":4237,"date":"2024-07-07T18:25:18","date_gmt":"2024-07-07T18:25:18","guid":{"rendered":"https:\/\/clubadamoeva.se\/?page_id=4237"},"modified":"2025-12-26T20:11:53","modified_gmt":"2025-12-26T20:11:53","slug":"back-to-school","status":"publish","type":"page","link":"https:\/\/clubadamoeva.se\/en\/back-to-school\/","title":{"rendered":"Back to school"},"content":{"rendered":"<div data-elementor-type=\"wp-page\" data-elementor-id=\"4237\" class=\"elementor elementor-4237\" data-elementor-settings=\"[]\">\n\t\t\t\t\t\t<div class=\"elementor-inner\">\n\t\t\t\t\t\t\t<div class=\"elementor-section-wrap\">\n\t\t\t\t\t\t\t<section class=\"elementor-section elementor-top-section elementor-element elementor-element-61efb5d elementor-section-height-min-height elementor-section-content-middle elementor-section-boxed elementor-section-height-default elementor-section-items-middle\" data-id=\"61efb5d\" data-element_type=\"section\" data-settings=\"{&quot;background_background&quot;:&quot;classic&quot;,&quot;animation&quot;:&quot;none&quot;}\">\n\t\t\t\t\t\t\t<div class=\"elementor-background-overlay\"><\/div>\n\t\t\t\t\t\t\t<div class=\"elementor-container elementor-column-gap-default\">\n\t\t\t\t\t\t\t<div class=\"elementor-row\">\n\t\t\t\t\t<div class=\"elementor-column elementor-col-100 elementor-top-column elementor-element elementor-element-8b81822\" data-id=\"8b81822\" data-element_type=\"column\">\n\t\t\t<div class=\"elementor-column-wrap elementor-element-populated\">\n\t\t\t\t\t\t\t<div class=\"elementor-widget-wrap\">\n\t\t\t\t\t\t<div class=\"elementor-element elementor-element-8657e04 elementor-widget elementor-widget-heading\" data-id=\"8657e04\" data-element_type=\"widget\" data-widget_type=\"heading.default\">\n\t\t\t\t<div class=\"elementor-widget-container\">\n\t\t\t<h1 class=\"elementor-heading-title elementor-size-default\">Back to school 15 augusti<\/h1>\t\t<\/div>\n\t\t\t\t<\/div>\n\t\t\t\t\t\t<\/div>\n\t\t\t\t\t<\/div>\n\t\t<\/div>\n\t\t\t\t\t\t\t\t<\/div>\n\t\t\t\t\t<\/div>\n\t\t<\/section>\n\t\t\t\t<section class=\"elementor-section elementor-top-section elementor-element elementor-element-ffbe136 elementor-section-boxed elementor-section-height-default elementor-section-height-default\" data-id=\"ffbe136\" data-element_type=\"section\">\n\t\t\t\t\t\t<div class=\"elementor-container elementor-column-gap-default\">\n\t\t\t\t\t\t\t<div class=\"elementor-row\">\n\t\t\t\t\t<div class=\"elementor-column elementor-col-100 elementor-top-column elementor-element elementor-element-36bdeb8\" data-id=\"36bdeb8\" data-element_type=\"column\">\n\t\t\t<div class=\"elementor-column-wrap elementor-element-populated\">\n\t\t\t\t\t\t\t<div class=\"elementor-widget-wrap\">\n\t\t\t\t\t\t<div class=\"elementor-element elementor-element-7965976 elementor-widget elementor-widget-text-editor\" data-id=\"7965976\" data-element_type=\"widget\" data-widget_type=\"text-editor.default\">\n\t\t\t\t<div class=\"elementor-widget-container\">\n\t\t\t\t\t<div class=\"elementor-text-editor elementor-clearfix\"><h1 data-pm-slice=\"1 1 []\" data-en-clipboard=\"true\"><span style=\"color: #000000;\"><strong>B\u00e4sta temat att avsluta \u00e5rets h\u00e4rliga sommarklubb?<\/strong><\/span><\/h1><h1 data-pm-slice=\"1 1 []\" data-en-clipboard=\"true\"><span style=\"font-size: 16px; color: #000000; font-family: var( --e-global-typography-text-font-family ), Sans-serif;\">\u00a0<\/span><\/h1><div><div data-pm-slice=\"1 1 []\" data-en-clipboard=\"true\"><span style=\"color: #000000;\">Vi fyller klubben med <strong>sexiga studenter, snuskiga l\u00e4rare och tok-k\u00e5ta rektorer!<\/strong> Ni minns v\u00e4l den unga, nyutexaminerade SO l\u00e4rarinnan med alldeles f\u00f6r uppkn\u00e4ppt blus? Eller den d\u00e4r elaka manliga vikarien som hotade med pekpinnepisk om ni inte sk\u00f6tte er? Inget annat \u00e4n fantasin s\u00e4tter gr\u00e4nser och givetvis \u00e4r det bel\u00f6ning f\u00f6r de som tar dresscoden p\u00e5 allvar!<\/span><\/div><div>\u00a0<\/div><div><span style=\"color: #000000;\">I priset ing\u00e5r bubblande v\u00e4lkomstdrink och vickning under natten.<\/span><\/div><div><span style=\"color: #000000;\">Fruktfat och snacks finns framdukat hela kv\u00e4llen<\/span><\/div><div>\u00a0<\/div><div><span style=\"color: #000000;\"><b>Datum: 15<\/b>\u00a0augusti<\/span><\/div><div><span style=\"color: #000000;\"><b>Tid:<\/b> 20:00-02:00<br \/><strong>Pris<\/strong><\/span><\/div><div><span style=\"color: #000000;\"><b>Medlemmar:<\/b> 500:-\/per person<br \/><strong>G\u00e4ster<\/strong> 650:-\/ per person<\/span><\/div><div>\u00a0<\/div><div><span style=\"color: #000000;\"><strong><span style=\"font-size: 16px; font-style: normal;\">F\u00f6rskottsbetalning och f\u00f6ranm\u00e4lan<\/span><\/strong><\/span><\/div><div><span style=\"color: #000000;\"><strong>Anm\u00e4l er till <a href=\"mailto:info@clubadamoeva.se\">info@clubadamoeva.se<\/a><\/strong><\/span><\/div><\/div><div>\u00a0<\/div><div><span style=\"color: #000000;\"><em><strong>Vill ni betala medlemspris, skicka med medlemskortet n\u00e4r ni anm\u00e4ler er.<br \/><\/strong>(Obs: St\u00e4mpelkort g\u00e4ller ej denna kv\u00e4ll)<\/em><\/span><\/div><\/div>\n\t\t\t\t<\/div>\n\t\t\t\t<\/div>\n\t\t\t\t\t\t<\/div>\n\t\t\t\t\t<\/div>\n\t\t<\/div>\n\t\t\t\t\t\t\t\t<\/div>\n\t\t\t\t\t<\/div>\n\t\t<\/section>\n\t\t\t\t\t\t<\/div>\n\t\t\t\t\t\t<\/div>\n\t\t\t\t\t<\/div>","protected":false},"excerpt":{"rendered":"<p>Back to school 15 augusti B\u00e4sta temat att avsluta \u00e5rets h\u00e4rliga sommarklubb? \u00a0 Vi fyller klubben med sexiga studenter, snuskiga l\u00e4rare och tok-k\u00e5ta rektorer! Ni minns v\u00e4l den unga, nyutexaminerade SO l\u00e4rarinnan med alldeles f\u00f6r uppkn\u00e4ppt blus? Eller den d\u00e4r elaka manliga vikarien som hotade med pekpinnepisk om ni inte sk\u00f6tte er? Inget annat \u00e4n &hellip;<\/p>\n<p class=\"read-more\"> <a class=\"\" href=\"https:\/\/clubadamoeva.se\/en\/back-to-school\/\"> <span class=\"screen-reader-text\">Back to school<\/span> Read More &raquo;<\/a><\/p>","protected":false},"author":1,"featured_media":5733,"parent":0,"menu_order":0,"comment_status":"closed","ping_status":"closed","template":"elementor_header_footer","meta":{"spay_email":""},"yoast_head":"<!-- This site is optimized with the Yoast SEO plugin v16.1.1 - https:\/\/yoast.com\/wordpress\/plugins\/seo\/ -->\n<title>Back to school - Club Adam &amp; Eva<\/title>\n<link rel=\"canonical\" href=\"https:\/\/clubadamoeva.se\/en\/back-to-school\/\" \/>\n<meta property=\"og:locale\" content=\"en_GB\" \/>\n<meta property=\"og:type\" content=\"article\" \/>\n<meta property=\"og:title\" content=\"Back to school - Club Adam &amp; Eva\" \/>\n<meta property=\"og:description\" content=\"Back to school 15 augusti B\u00e4sta temat att avsluta \u00e5rets h\u00e4rliga sommarklubb? \u00a0 Vi fyller klubben med sexiga studenter, snuskiga l\u00e4rare och tok-k\u00e5ta rektorer! Ni minns v\u00e4l den unga, nyutexaminerade SO l\u00e4rarinnan med alldeles f\u00f6r uppkn\u00e4ppt blus? Eller den d\u00e4r elaka manliga vikarien som hotade med pekpinnepisk om ni inte sk\u00f6tte er? Inget annat \u00e4n &hellip; Back to school Read More &raquo;\" \/>\n<meta property=\"og:url\" content=\"https:\/\/clubadamoeva.se\/en\/back-to-school\/\" \/>\n<meta property=\"og:site_name\" content=\"Club Adam &amp; Eva\" \/>\n<meta property=\"article:modified_time\" content=\"2025-12-26T20:11:53+00:00\" \/>\n<meta property=\"og:image\" content=\"https:\/\/clubadamoeva.se\/wp-content\/uploads\/2025\/07\/Back-to-school.jpeg\" \/>\n\t<meta property=\"og:image:width\" content=\"1200\" \/>\n\t<meta property=\"og:image:height\" content=\"675\" \/>\n<meta name=\"twitter:card\" content=\"summary_large_image\" \/>\n<meta name=\"twitter:label1\" content=\"Estimated reading time\">\n\t<meta name=\"twitter:data1\" content=\"1 minute\">\n<script type=\"application\/ld+json\" class=\"yoast-schema-graph\">{\"@context\":\"https:\/\/schema.org\",\"@graph\":[{\"@type\":\"Organization\",\"@id\":\"https:\/\/clubadamoeva.se\/#organization\",\"name\":\"Club Adam & Eva\",\"url\":\"https:\/\/clubadamoeva.se\/\",\"sameAs\":[],\"logo\":{\"@type\":\"ImageObject\",\"@id\":\"https:\/\/clubadamoeva.se\/#logo\",\"inLanguage\":\"en-GB\",\"url\":\"https:\/\/clubadamoeva.se\/wp-content\/uploads\/2021\/01\/CAE-logo-juli-2016-NY-e1610480592101.jpg\",\"contentUrl\":\"https:\/\/clubadamoeva.se\/wp-content\/uploads\/2021\/01\/CAE-logo-juli-2016-NY-e1610480592101.jpg\",\"width\":200,\"height\":95,\"caption\":\"Club Adam & Eva\"},\"image\":{\"@id\":\"https:\/\/clubadamoeva.se\/#logo\"}},{\"@type\":\"WebSite\",\"@id\":\"https:\/\/clubadamoeva.se\/#website\",\"url\":\"https:\/\/clubadamoeva.se\/\",\"name\":\"Club Adam &amp; Eva\",\"description\":\"Club Adam &amp; Eva - Sveriges ledande swingersklubb\",\"publisher\":{\"@id\":\"https:\/\/clubadamoeva.se\/#organization\"},\"potentialAction\":[{\"@type\":\"SearchAction\",\"target\":\"https:\/\/clubadamoeva.se\/?s={search_term_string}\",\"query-input\":\"required name=search_term_string\"}],\"inLanguage\":\"en-GB\"},{\"@type\":\"ImageObject\",\"@id\":\"https:\/\/clubadamoeva.se\/back-to-school\/#primaryimage\",\"inLanguage\":\"en-GB\",\"url\":\"https:\/\/clubadamoeva.se\/wp-content\/uploads\/2025\/07\/Back-to-school.jpeg\",\"contentUrl\":\"https:\/\/clubadamoeva.se\/wp-content\/uploads\/2025\/07\/Back-to-school.jpeg\",\"width\":1200,\"height\":675},{\"@type\":\"WebPage\",\"@id\":\"https:\/\/clubadamoeva.se\/back-to-school\/#webpage\",\"url\":\"https:\/\/clubadamoeva.se\/back-to-school\/\",\"name\":\"Back to school - Club Adam &amp; Eva\",\"isPartOf\":{\"@id\":\"https:\/\/clubadamoeva.se\/#website\"},\"primaryImageOfPage\":{\"@id\":\"https:\/\/clubadamoeva.se\/back-to-school\/#primaryimage\"},\"datePublished\":\"2024-07-07T18:25:18+00:00\",\"dateModified\":\"2025-12-26T20:11:53+00:00\",\"breadcrumb\":{\"@id\":\"https:\/\/clubadamoeva.se\/back-to-school\/#breadcrumb\"},\"inLanguage\":\"en-GB\",\"potentialAction\":[{\"@type\":\"ReadAction\",\"target\":[\"https:\/\/clubadamoeva.se\/back-to-school\/\"]}]},{\"@type\":\"BreadcrumbList\",\"@id\":\"https:\/\/clubadamoeva.se\/back-to-school\/#breadcrumb\",\"itemListElement\":[{\"@type\":\"ListItem\",\"position\":1,\"item\":{\"@type\":\"WebPage\",\"@id\":\"https:\/\/clubadamoeva.se\/\",\"url\":\"https:\/\/clubadamoeva.se\/\",\"name\":\"Hem\"}},{\"@type\":\"ListItem\",\"position\":2,\"item\":{\"@type\":\"WebPage\",\"@id\":\"https:\/\/clubadamoeva.se\/back-to-school\/\",\"url\":\"https:\/\/clubadamoeva.se\/back-to-school\/\",\"name\":\"Back to school\"}}]}]}<\/script>\n<!-- \/ Yoast SEO plugin. -->","_links":{"self":[{"href":"https:\/\/clubadamoeva.se\/en\/wp-json\/wp\/v2\/pages\/4237"}],"collection":[{"href":"https:\/\/clubadamoeva.se\/en\/wp-json\/wp\/v2\/pages"}],"about":[{"href":"https:\/\/clubadamoeva.se\/en\/wp-json\/wp\/v2\/types\/page"}],"author":[{"embeddable":true,"href":"https:\/\/clubadamoeva.se\/en\/wp-json\/wp\/v2\/users\/1"}],"replies":[{"embeddable":true,"href":"https:\/\/clubadamoeva.se\/en\/wp-json\/wp\/v2\/comments?post=4237"}],"version-history":[{"count":59,"href":"https:\/\/clubadamoeva.se\/en\/wp-json\/wp\/v2\/pages\/4237\/revisions"}],"predecessor-version":[{"id":6290,"href":"https:\/\/clubadamoeva.se\/en\/wp-json\/wp\/v2\/pages\/4237\/revisions\/6290"}],"wp:featuredmedia":[{"embeddable":true,"href":"https:\/\/clubadamoeva.se\/en\/wp-json\/wp\/v2\/media\/5733"}],"wp:attachment":[{"href":"https:\/\/clubadamoeva.se\/en\/wp-json\/wp\/v2\/media?parent=4237"}],"curies":[{"name":"wp","href":"https:\/\/api.w.org\/{rel}","templated":true}]}}