{"id":4044,"date":"2024-06-02T05:28:12","date_gmt":"2024-06-02T05:28:12","guid":{"rendered":"https:\/\/clubadamoeva.se\/?page_id=4044"},"modified":"2025-12-26T19:57:26","modified_gmt":"2025-12-26T19:57:26","slug":"midsommardagen","status":"publish","type":"page","link":"https:\/\/clubadamoeva.se\/en\/midsommardagen\/","title":{"rendered":"Midsommardagen"},"content":{"rendered":"<div data-elementor-type=\"wp-page\" data-elementor-id=\"4044\" class=\"elementor elementor-4044\" data-elementor-settings=\"[]\">\n\t\t\t\t\t\t<div class=\"elementor-inner\">\n\t\t\t\t\t\t\t<div class=\"elementor-section-wrap\">\n\t\t\t\t\t\t\t<section class=\"elementor-section elementor-top-section elementor-element elementor-element-e892b57 elementor-section-height-min-height elementor-section-content-middle elementor-section-boxed elementor-section-height-default elementor-section-items-middle\" data-id=\"e892b57\" data-element_type=\"section\" data-settings=\"{&quot;background_background&quot;:&quot;classic&quot;}\">\n\t\t\t\t\t\t\t<div class=\"elementor-background-overlay\"><\/div>\n\t\t\t\t\t\t\t<div class=\"elementor-container elementor-column-gap-default\">\n\t\t\t\t\t\t\t<div class=\"elementor-row\">\n\t\t\t\t\t<div class=\"elementor-column elementor-col-100 elementor-top-column elementor-element elementor-element-4000297\" data-id=\"4000297\" data-element_type=\"column\">\n\t\t\t<div class=\"elementor-column-wrap elementor-element-populated\">\n\t\t\t\t\t\t\t<div class=\"elementor-widget-wrap\">\n\t\t\t\t\t\t<div class=\"elementor-element elementor-element-09725bb elementor-widget elementor-widget-heading\" data-id=\"09725bb\" data-element_type=\"widget\" data-widget_type=\"heading.default\">\n\t\t\t\t<div class=\"elementor-widget-container\">\n\t\t\t<h1 class=\"elementor-heading-title elementor-size-default\">Midsommardagsfest p\u00e5 Club Adam &amp; Eva<\/h1>\t\t<\/div>\n\t\t\t\t<\/div>\n\t\t\t\t\t\t<\/div>\n\t\t\t\t\t<\/div>\n\t\t<\/div>\n\t\t\t\t\t\t\t\t<\/div>\n\t\t\t\t\t<\/div>\n\t\t<\/section>\n\t\t\t\t<section class=\"elementor-section elementor-top-section elementor-element elementor-element-eb10430 elementor-section-boxed elementor-section-height-default elementor-section-height-default\" data-id=\"eb10430\" data-element_type=\"section\">\n\t\t\t\t\t\t<div class=\"elementor-container elementor-column-gap-default\">\n\t\t\t\t\t\t\t<div class=\"elementor-row\">\n\t\t\t\t\t<div class=\"elementor-column elementor-col-100 elementor-top-column elementor-element elementor-element-aa9a722\" data-id=\"aa9a722\" data-element_type=\"column\">\n\t\t\t<div class=\"elementor-column-wrap elementor-element-populated\">\n\t\t\t\t\t\t\t<div class=\"elementor-widget-wrap\">\n\t\t\t\t\t\t<div class=\"elementor-element elementor-element-c654130 elementor-widget elementor-widget-text-editor\" data-id=\"c654130\" data-element_type=\"widget\" data-widget_type=\"text-editor.default\">\n\t\t\t\t<div class=\"elementor-widget-container\">\n\t\t\t\t\t<div class=\"elementor-text-editor elementor-clearfix\"><h1><span style=\"color: #000000;\"><strong>Midsommardagen \u2013 succ\u00e9n forts\u00e4tter<\/strong><\/span><\/h1><p><br \/><span style=\"color: #000000;\">Varf\u00f6r l\u00e5ta midsommaren ta slut n\u00e4r den precis har b\u00f6rjat? Forts\u00e4tt firandet p\u00e5 Sveriges hetaste swingersklubb, tillsammans med andra som delar samma lust att stanna kvar i st\u00e4mningen.<\/span><\/p><p><span style=\"color: #000000;\">Vi dukar upp en gener\u00f6s midsommarbuff\u00e9 och l\u00e5ter festen p\u00e5g\u00e5 l\u00e5ngt in i natten. I baren serveras \u00f6l, vin och fr\u00e4scha sommardrinkar, medan kv\u00e4llen utvecklas i sin egen takt.<\/span><\/p><h4><strong><span style=\"color: #000000;\">Datum: 20 juni<\/span><\/strong><\/h4><p><span style=\"color: #000000;\"><strong>Tid:<\/strong> 20:00-02:00<br \/><\/span><span style=\"color: #000000;\">Vad kostar det?<br \/><\/span><span style=\"color: #000000;\"><strong>500kr\/person<\/strong> f\u00f6r medlemmar\u00a0<br \/><\/span><span style=\"color: #000000;\"><strong>650kr\/person f<\/strong>\u00f6r g\u00e4ster.<br \/><br \/><\/span><span style=\"color: #000000;\">Par, tjejer och medlemskillar \u00e4r v\u00e4lkomna<\/span><br \/><span style=\"color: #000000;\">Obligatorisk f\u00f6ranm\u00e4lan och f\u00f6rskottsbetalning till <a href=\"mailto:info@clubadamoeva.se\">info@clubadamoeva.se<\/a><br \/><\/span><span style=\"color: #000000;\">Medlemmar bifogar medlemskort tillsammans med anm\u00e4lan<\/span><\/p><p><em><strong><span style=\"color: #000000;\">Varmt v\u00e4lkomna!<\/span><\/strong><\/em><\/p><\/div>\n\t\t\t\t<\/div>\n\t\t\t\t<\/div>\n\t\t\t\t\t\t<\/div>\n\t\t\t\t\t<\/div>\n\t\t<\/div>\n\t\t\t\t\t\t\t\t<\/div>\n\t\t\t\t\t<\/div>\n\t\t<\/section>\n\t\t\t\t\t\t<\/div>\n\t\t\t\t\t\t<\/div>\n\t\t\t\t\t<\/div>","protected":false},"excerpt":{"rendered":"<p>Midsommardagsfest p\u00e5 Club Adam &amp; Eva Midsommardagen \u2013 succ\u00e9n forts\u00e4tter Varf\u00f6r l\u00e5ta midsommaren ta slut n\u00e4r den precis har b\u00f6rjat? Forts\u00e4tt firandet p\u00e5 Sveriges hetaste swingersklubb, tillsammans med andra som delar samma lust att stanna kvar i st\u00e4mningen. Vi dukar upp en gener\u00f6s midsommarbuff\u00e9 och l\u00e5ter festen p\u00e5g\u00e5 l\u00e5ngt in i natten. I baren serveras &hellip;<\/p>\n<p class=\"read-more\"> <a class=\"\" href=\"https:\/\/clubadamoeva.se\/en\/midsommardagen\/\"> <span class=\"screen-reader-text\">Midsommardagen<\/span> Read More &raquo;<\/a><\/p>","protected":false},"author":1,"featured_media":5404,"parent":0,"menu_order":0,"comment_status":"closed","ping_status":"closed","template":"elementor_header_footer","meta":{"spay_email":""},"yoast_head":"<!-- This site is optimized with the Yoast SEO plugin v16.1.1 - https:\/\/yoast.com\/wordpress\/plugins\/seo\/ -->\n<title>Midsommardagen - Club Adam &amp; Eva<\/title>\n<link rel=\"canonical\" href=\"https:\/\/clubadamoeva.se\/en\/midsommardagen\/\" \/>\n<meta property=\"og:locale\" content=\"en_GB\" \/>\n<meta property=\"og:type\" content=\"article\" \/>\n<meta property=\"og:title\" content=\"Midsommardagen - Club Adam &amp; Eva\" \/>\n<meta property=\"og:description\" content=\"Midsommardagsfest p\u00e5 Club Adam &amp; Eva Midsommardagen \u2013 succ\u00e9n forts\u00e4tter Varf\u00f6r l\u00e5ta midsommaren ta slut n\u00e4r den precis har b\u00f6rjat? Forts\u00e4tt firandet p\u00e5 Sveriges hetaste swingersklubb, tillsammans med andra som delar samma lust att stanna kvar i st\u00e4mningen. Vi dukar upp en gener\u00f6s midsommarbuff\u00e9 och l\u00e5ter festen p\u00e5g\u00e5 l\u00e5ngt in i natten. I baren serveras &hellip; Midsommardagen Read More &raquo;\" \/>\n<meta property=\"og:url\" content=\"https:\/\/clubadamoeva.se\/en\/midsommardagen\/\" \/>\n<meta property=\"og:site_name\" content=\"Club Adam &amp; Eva\" \/>\n<meta property=\"article:modified_time\" content=\"2025-12-26T19:57:26+00:00\" \/>\n<meta property=\"og:image\" content=\"https:\/\/clubadamoeva.se\/wp-content\/uploads\/2025\/03\/Midsommarfest-2025-1.jpeg\" \/>\n\t<meta property=\"og:image:width\" content=\"1920\" \/>\n\t<meta property=\"og:image:height\" content=\"1080\" \/>\n<meta name=\"twitter:card\" content=\"summary_large_image\" \/>\n<meta name=\"twitter:label1\" content=\"Estimated reading time\">\n\t<meta name=\"twitter:data1\" content=\"1 minute\">\n<script type=\"application\/ld+json\" class=\"yoast-schema-graph\">{\"@context\":\"https:\/\/schema.org\",\"@graph\":[{\"@type\":\"Organization\",\"@id\":\"https:\/\/clubadamoeva.se\/#organization\",\"name\":\"Club Adam & Eva\",\"url\":\"https:\/\/clubadamoeva.se\/\",\"sameAs\":[],\"logo\":{\"@type\":\"ImageObject\",\"@id\":\"https:\/\/clubadamoeva.se\/#logo\",\"inLanguage\":\"en-GB\",\"url\":\"https:\/\/clubadamoeva.se\/wp-content\/uploads\/2021\/01\/CAE-logo-juli-2016-NY-e1610480592101.jpg\",\"contentUrl\":\"https:\/\/clubadamoeva.se\/wp-content\/uploads\/2021\/01\/CAE-logo-juli-2016-NY-e1610480592101.jpg\",\"width\":200,\"height\":95,\"caption\":\"Club Adam & Eva\"},\"image\":{\"@id\":\"https:\/\/clubadamoeva.se\/#logo\"}},{\"@type\":\"WebSite\",\"@id\":\"https:\/\/clubadamoeva.se\/#website\",\"url\":\"https:\/\/clubadamoeva.se\/\",\"name\":\"Club Adam &amp; Eva\",\"description\":\"Club Adam &amp; Eva - Sveriges ledande swingersklubb\",\"publisher\":{\"@id\":\"https:\/\/clubadamoeva.se\/#organization\"},\"potentialAction\":[{\"@type\":\"SearchAction\",\"target\":\"https:\/\/clubadamoeva.se\/?s={search_term_string}\",\"query-input\":\"required name=search_term_string\"}],\"inLanguage\":\"en-GB\"},{\"@type\":\"ImageObject\",\"@id\":\"https:\/\/clubadamoeva.se\/midsommardagen\/#primaryimage\",\"inLanguage\":\"en-GB\",\"url\":\"https:\/\/clubadamoeva.se\/wp-content\/uploads\/2025\/03\/Midsommarfest-2025-1.jpeg\",\"contentUrl\":\"https:\/\/clubadamoeva.se\/wp-content\/uploads\/2025\/03\/Midsommarfest-2025-1.jpeg\",\"width\":1920,\"height\":1080},{\"@type\":\"WebPage\",\"@id\":\"https:\/\/clubadamoeva.se\/midsommardagen\/#webpage\",\"url\":\"https:\/\/clubadamoeva.se\/midsommardagen\/\",\"name\":\"Midsommardagen - Club Adam &amp; Eva\",\"isPartOf\":{\"@id\":\"https:\/\/clubadamoeva.se\/#website\"},\"primaryImageOfPage\":{\"@id\":\"https:\/\/clubadamoeva.se\/midsommardagen\/#primaryimage\"},\"datePublished\":\"2024-06-02T05:28:12+00:00\",\"dateModified\":\"2025-12-26T19:57:26+00:00\",\"breadcrumb\":{\"@id\":\"https:\/\/clubadamoeva.se\/midsommardagen\/#breadcrumb\"},\"inLanguage\":\"en-GB\",\"potentialAction\":[{\"@type\":\"ReadAction\",\"target\":[\"https:\/\/clubadamoeva.se\/midsommardagen\/\"]}]},{\"@type\":\"BreadcrumbList\",\"@id\":\"https:\/\/clubadamoeva.se\/midsommardagen\/#breadcrumb\",\"itemListElement\":[{\"@type\":\"ListItem\",\"position\":1,\"item\":{\"@type\":\"WebPage\",\"@id\":\"https:\/\/clubadamoeva.se\/\",\"url\":\"https:\/\/clubadamoeva.se\/\",\"name\":\"Hem\"}},{\"@type\":\"ListItem\",\"position\":2,\"item\":{\"@type\":\"WebPage\",\"@id\":\"https:\/\/clubadamoeva.se\/midsommardagen\/\",\"url\":\"https:\/\/clubadamoeva.se\/midsommardagen\/\",\"name\":\"Midsommardagen\"}}]}]}<\/script>\n<!-- \/ Yoast SEO plugin. -->","_links":{"self":[{"href":"https:\/\/clubadamoeva.se\/en\/wp-json\/wp\/v2\/pages\/4044"}],"collection":[{"href":"https:\/\/clubadamoeva.se\/en\/wp-json\/wp\/v2\/pages"}],"about":[{"href":"https:\/\/clubadamoeva.se\/en\/wp-json\/wp\/v2\/types\/page"}],"author":[{"embeddable":true,"href":"https:\/\/clubadamoeva.se\/en\/wp-json\/wp\/v2\/users\/1"}],"replies":[{"embeddable":true,"href":"https:\/\/clubadamoeva.se\/en\/wp-json\/wp\/v2\/comments?post=4044"}],"version-history":[{"count":68,"href":"https:\/\/clubadamoeva.se\/en\/wp-json\/wp\/v2\/pages\/4044\/revisions"}],"predecessor-version":[{"id":6279,"href":"https:\/\/clubadamoeva.se\/en\/wp-json\/wp\/v2\/pages\/4044\/revisions\/6279"}],"wp:featuredmedia":[{"embeddable":true,"href":"https:\/\/clubadamoeva.se\/en\/wp-json\/wp\/v2\/media\/5404"}],"wp:attachment":[{"href":"https:\/\/clubadamoeva.se\/en\/wp-json\/wp\/v2\/media?parent=4044"}],"curies":[{"name":"wp","href":"https:\/\/api.w.org\/{rel}","templated":true}]}}