{"id":3943,"date":"2024-04-11T15:31:15","date_gmt":"2024-04-11T15:31:15","guid":{"rendered":"https:\/\/clubadamoeva.se\/?page_id=3943"},"modified":"2026-03-23T18:17:54","modified_gmt":"2026-03-23T18:17:54","slug":"meny","status":"publish","type":"page","link":"https:\/\/clubadamoeva.se\/en\/meny\/","title":{"rendered":"Meny"},"content":{"rendered":"<div data-elementor-type=\"wp-page\" data-elementor-id=\"3943\" class=\"elementor elementor-3943\" data-elementor-settings=\"[]\">\n\t\t\t\t\t\t<div class=\"elementor-inner\">\n\t\t\t\t\t\t\t<div class=\"elementor-section-wrap\">\n\t\t\t\t\t\t\t<section class=\"elementor-section elementor-top-section elementor-element elementor-element-e8a4c97 elementor-section-height-min-height elementor-section-boxed elementor-section-height-default elementor-section-items-middle\" data-id=\"e8a4c97\" data-element_type=\"section\" data-settings=\"{&quot;background_background&quot;:&quot;classic&quot;}\">\n\t\t\t\t\t\t\t<div class=\"elementor-background-overlay\"><\/div>\n\t\t\t\t\t\t\t<div class=\"elementor-container elementor-column-gap-default\">\n\t\t\t\t\t\t\t<div class=\"elementor-row\">\n\t\t\t\t\t<div class=\"elementor-column elementor-col-100 elementor-top-column elementor-element elementor-element-9a1451b\" data-id=\"9a1451b\" data-element_type=\"column\">\n\t\t\t<div class=\"elementor-column-wrap elementor-element-populated\">\n\t\t\t\t\t\t\t<div class=\"elementor-widget-wrap\">\n\t\t\t\t\t\t<div class=\"elementor-element elementor-element-0f8726f elementor-widget elementor-widget-heading\" data-id=\"0f8726f\" data-element_type=\"widget\" data-widget_type=\"heading.default\">\n\t\t\t\t<div class=\"elementor-widget-container\">\n\t\t\t<h2 class=\"elementor-heading-title elementor-size-xl\">Meny CAE Bar & Restaurang<\/h2>\t\t<\/div>\n\t\t\t\t<\/div>\n\t\t\t\t\t\t<\/div>\n\t\t\t\t\t<\/div>\n\t\t<\/div>\n\t\t\t\t\t\t\t\t<\/div>\n\t\t\t\t\t<\/div>\n\t\t<\/section>\n\t\t\t\t<section class=\"elementor-section elementor-top-section elementor-element elementor-element-a9d092b elementor-section-boxed elementor-section-height-default elementor-section-height-default\" data-id=\"a9d092b\" data-element_type=\"section\">\n\t\t\t\t\t\t<div class=\"elementor-container elementor-column-gap-default\">\n\t\t\t\t\t\t\t<div class=\"elementor-row\">\n\t\t\t\t\t<div class=\"elementor-column elementor-col-100 elementor-top-column elementor-element elementor-element-a3d2ad6\" data-id=\"a3d2ad6\" data-element_type=\"column\">\n\t\t\t<div class=\"elementor-column-wrap elementor-element-populated\">\n\t\t\t\t\t\t\t<div class=\"elementor-widget-wrap\">\n\t\t\t\t\t\t<div class=\"elementor-element elementor-element-fddc6e4 elementor-widget elementor-widget-text-editor\" data-id=\"fddc6e4\" data-element_type=\"widget\" data-widget_type=\"text-editor.default\">\n\t\t\t\t<div class=\"elementor-widget-container\">\n\t\t\t\t\t<div class=\"elementor-text-editor elementor-clearfix\"><h2>\u00a0<\/h2><h2 style=\"text-align: center;\"><strong>F\u00f6rr\u00e4tter<\/strong><\/h2><p style=\"text-align: center;\">Ostgratinerade nachos med salsa &amp; jalape\u00f1os 99 kr<br \/>Skagencr\u00e8me p\u00e5 m\u00f6rkt br\u00f6d toppad med rom 110 kr<br \/>Grillad Club Sandwich med sallad 89 kr<br \/>(Levainbr\u00f6d, skinka, ost, dijonsenap)<\/p><h2 style=\"text-align: center;\"><strong>Huvudr\u00e4tter<\/strong><\/h2><p style=\"text-align: center;\">Ugnsbakad laxfil\u00e9 p\u00e5 rotfruktsb\u00e4dd<br \/>Serveras med gratinerad r\u00f6sti samt sallad 295 kr<br \/>Fl\u00e4skfil\u00e9 p\u00e5 rotfruktsb\u00e4dd med bearnaises\u00e5s<br \/>Serveras med gratinerad r\u00f6sti samt sallad 325 kr<br \/>Lasagne med gr\u00f6nsallad 145 kr<br \/>Vegetarisk lasagne med gr\u00f6nsalladsallad 145 kr<\/p><h2 style=\"text-align: center;\"><strong>Sm\u00e5r\u00e4tter<\/strong><\/h2><p style=\"text-align: center;\">Panpizza 39 kr<br \/>Pirog 39 kr<\/p><h2 style=\"text-align: center;\"><strong>Efterr\u00e4tter<\/strong><\/h2><p style=\"text-align: center;\">Vaniljglass med lemoncurds\u00e5s samt riven het choklad 99 kr<br \/>Kladdkaka med gr\u00e4dde 99 kr<br \/>Glasskula med varm choklads\u00e5s 49 kr<\/p><p style=\"text-align: center;\"><em>Har du n\u00e5gon allergi, s\u00e4g till vid best\u00e4llning<\/em><\/p><p style=\"text-align: center;\"><em>\u00a0<\/em><\/p><\/div>\n\t\t\t\t<\/div>\n\t\t\t\t<\/div>\n\t\t\t\t\t\t<\/div>\n\t\t\t\t\t<\/div>\n\t\t<\/div>\n\t\t\t\t\t\t\t\t<\/div>\n\t\t\t\t\t<\/div>\n\t\t<\/section>\n\t\t\t\t\t\t<\/div>\n\t\t\t\t\t\t<\/div>\n\t\t\t\t\t<\/div>","protected":false},"excerpt":{"rendered":"<p>Meny CAE Bar &#038; Restaurang \u00a0 F\u00f6rr\u00e4tter Ostgratinerade nachos med salsa &amp; jalape\u00f1os 99 krSkagencr\u00e8me p\u00e5 m\u00f6rkt br\u00f6d toppad med rom 110 krGrillad Club Sandwich med sallad 89 kr(Levainbr\u00f6d, skinka, ost, dijonsenap) Huvudr\u00e4tter Ugnsbakad laxfil\u00e9 p\u00e5 rotfruktsb\u00e4ddServeras med gratinerad r\u00f6sti samt sallad 295 krFl\u00e4skfil\u00e9 p\u00e5 rotfruktsb\u00e4dd med bearnaises\u00e5sServeras med gratinerad r\u00f6sti samt sallad 325 krLasagne &hellip;<\/p>\n<p class=\"read-more\"> <a class=\"\" href=\"https:\/\/clubadamoeva.se\/en\/meny\/\"> <span class=\"screen-reader-text\">Meny<\/span> Read More &raquo;<\/a><\/p>","protected":false},"author":1,"featured_media":0,"parent":0,"menu_order":0,"comment_status":"closed","ping_status":"closed","template":"elementor_header_footer","meta":{"spay_email":""},"yoast_head":"<!-- This site is optimized with the Yoast SEO plugin v16.1.1 - https:\/\/yoast.com\/wordpress\/plugins\/seo\/ -->\n<title>Meny - Club Adam &amp; Eva<\/title>\n<link rel=\"canonical\" href=\"https:\/\/clubadamoeva.se\/en\/meny\/\" \/>\n<meta property=\"og:locale\" content=\"en_GB\" \/>\n<meta property=\"og:type\" content=\"article\" \/>\n<meta property=\"og:title\" content=\"Meny - Club Adam &amp; Eva\" \/>\n<meta property=\"og:description\" content=\"Meny CAE Bar &#038; Restaurang \u00a0 F\u00f6rr\u00e4tter Ostgratinerade nachos med salsa &amp; jalape\u00f1os 99 krSkagencr\u00e8me p\u00e5 m\u00f6rkt br\u00f6d toppad med rom 110 krGrillad Club Sandwich med sallad 89 kr(Levainbr\u00f6d, skinka, ost, dijonsenap) Huvudr\u00e4tter Ugnsbakad laxfil\u00e9 p\u00e5 rotfruktsb\u00e4ddServeras med gratinerad r\u00f6sti samt sallad 295 krFl\u00e4skfil\u00e9 p\u00e5 rotfruktsb\u00e4dd med bearnaises\u00e5sServeras med gratinerad r\u00f6sti samt sallad 325 krLasagne &hellip; Meny Read More &raquo;\" \/>\n<meta property=\"og:url\" content=\"https:\/\/clubadamoeva.se\/en\/meny\/\" \/>\n<meta property=\"og:site_name\" content=\"Club Adam &amp; Eva\" \/>\n<meta property=\"article:modified_time\" content=\"2026-03-23T18:17:54+00:00\" \/>\n<meta name=\"twitter:card\" content=\"summary_large_image\" \/>\n<meta name=\"twitter:label1\" content=\"Estimated reading time\">\n\t<meta name=\"twitter:data1\" content=\"1 minute\">\n<script type=\"application\/ld+json\" class=\"yoast-schema-graph\">{\"@context\":\"https:\/\/schema.org\",\"@graph\":[{\"@type\":\"Organization\",\"@id\":\"https:\/\/clubadamoeva.se\/#organization\",\"name\":\"Club Adam & Eva\",\"url\":\"https:\/\/clubadamoeva.se\/\",\"sameAs\":[],\"logo\":{\"@type\":\"ImageObject\",\"@id\":\"https:\/\/clubadamoeva.se\/#logo\",\"inLanguage\":\"en-GB\",\"url\":\"https:\/\/clubadamoeva.se\/wp-content\/uploads\/2021\/01\/CAE-logo-juli-2016-NY-e1610480592101.jpg\",\"contentUrl\":\"https:\/\/clubadamoeva.se\/wp-content\/uploads\/2021\/01\/CAE-logo-juli-2016-NY-e1610480592101.jpg\",\"width\":200,\"height\":95,\"caption\":\"Club Adam & Eva\"},\"image\":{\"@id\":\"https:\/\/clubadamoeva.se\/#logo\"}},{\"@type\":\"WebSite\",\"@id\":\"https:\/\/clubadamoeva.se\/#website\",\"url\":\"https:\/\/clubadamoeva.se\/\",\"name\":\"Club Adam &amp; Eva\",\"description\":\"Club Adam &amp; Eva - Sveriges ledande swingersklubb\",\"publisher\":{\"@id\":\"https:\/\/clubadamoeva.se\/#organization\"},\"potentialAction\":[{\"@type\":\"SearchAction\",\"target\":\"https:\/\/clubadamoeva.se\/?s={search_term_string}\",\"query-input\":\"required name=search_term_string\"}],\"inLanguage\":\"en-GB\"},{\"@type\":\"WebPage\",\"@id\":\"https:\/\/clubadamoeva.se\/meny\/#webpage\",\"url\":\"https:\/\/clubadamoeva.se\/meny\/\",\"name\":\"Meny - Club Adam &amp; Eva\",\"isPartOf\":{\"@id\":\"https:\/\/clubadamoeva.se\/#website\"},\"datePublished\":\"2024-04-11T15:31:15+00:00\",\"dateModified\":\"2026-03-23T18:17:54+00:00\",\"breadcrumb\":{\"@id\":\"https:\/\/clubadamoeva.se\/meny\/#breadcrumb\"},\"inLanguage\":\"en-GB\",\"potentialAction\":[{\"@type\":\"ReadAction\",\"target\":[\"https:\/\/clubadamoeva.se\/meny\/\"]}]},{\"@type\":\"BreadcrumbList\",\"@id\":\"https:\/\/clubadamoeva.se\/meny\/#breadcrumb\",\"itemListElement\":[{\"@type\":\"ListItem\",\"position\":1,\"item\":{\"@type\":\"WebPage\",\"@id\":\"https:\/\/clubadamoeva.se\/\",\"url\":\"https:\/\/clubadamoeva.se\/\",\"name\":\"Hem\"}},{\"@type\":\"ListItem\",\"position\":2,\"item\":{\"@type\":\"WebPage\",\"@id\":\"https:\/\/clubadamoeva.se\/meny\/\",\"url\":\"https:\/\/clubadamoeva.se\/meny\/\",\"name\":\"Meny\"}}]}]}<\/script>\n<!-- \/ Yoast SEO plugin. -->","_links":{"self":[{"href":"https:\/\/clubadamoeva.se\/en\/wp-json\/wp\/v2\/pages\/3943"}],"collection":[{"href":"https:\/\/clubadamoeva.se\/en\/wp-json\/wp\/v2\/pages"}],"about":[{"href":"https:\/\/clubadamoeva.se\/en\/wp-json\/wp\/v2\/types\/page"}],"author":[{"embeddable":true,"href":"https:\/\/clubadamoeva.se\/en\/wp-json\/wp\/v2\/users\/1"}],"replies":[{"embeddable":true,"href":"https:\/\/clubadamoeva.se\/en\/wp-json\/wp\/v2\/comments?post=3943"}],"version-history":[{"count":10,"href":"https:\/\/clubadamoeva.se\/en\/wp-json\/wp\/v2\/pages\/3943\/revisions"}],"predecessor-version":[{"id":6900,"href":"https:\/\/clubadamoeva.se\/en\/wp-json\/wp\/v2\/pages\/3943\/revisions\/6900"}],"wp:attachment":[{"href":"https:\/\/clubadamoeva.se\/en\/wp-json\/wp\/v2\/media?parent=3943"}],"curies":[{"name":"wp","href":"https:\/\/api.w.org\/{rel}","templated":true}]}}