{"id":3338,"date":"2023-09-24T06:06:51","date_gmt":"2023-09-24T06:06:51","guid":{"rendered":"https:\/\/clubadamoeva.se\/?page_id=3338"},"modified":"2025-12-26T20:42:24","modified_gmt":"2025-12-26T20:42:24","slug":"julfest","status":"publish","type":"page","link":"https:\/\/clubadamoeva.se\/en\/julfest\/","title":{"rendered":"julfest"},"content":{"rendered":"<div data-elementor-type=\"wp-page\" data-elementor-id=\"3338\" class=\"elementor elementor-3338\" data-elementor-settings=\"[]\">\n\t\t\t\t\t\t<div class=\"elementor-inner\">\n\t\t\t\t\t\t\t<div class=\"elementor-section-wrap\">\n\t\t\t\t\t\t\t<section class=\"elementor-section elementor-top-section elementor-element elementor-element-61efb5d elementor-section-height-min-height elementor-section-content-middle elementor-section-boxed elementor-section-height-default elementor-section-items-middle\" data-id=\"61efb5d\" data-element_type=\"section\" data-settings=\"{&quot;background_background&quot;:&quot;classic&quot;}\">\n\t\t\t\t\t\t\t<div class=\"elementor-background-overlay\"><\/div>\n\t\t\t\t\t\t\t<div class=\"elementor-container elementor-column-gap-default\">\n\t\t\t\t\t\t\t<div class=\"elementor-row\">\n\t\t\t\t\t<div class=\"elementor-column elementor-col-100 elementor-top-column elementor-element elementor-element-8b81822\" data-id=\"8b81822\" data-element_type=\"column\">\n\t\t\t<div class=\"elementor-column-wrap elementor-element-populated\">\n\t\t\t\t\t\t\t<div class=\"elementor-widget-wrap\">\n\t\t\t\t\t\t<div class=\"elementor-element elementor-element-8657e04 elementor-widget elementor-widget-heading\" data-id=\"8657e04\" data-element_type=\"widget\" data-widget_type=\"heading.default\">\n\t\t\t\t<div class=\"elementor-widget-container\">\n\t\t\t<h1 class=\"elementor-heading-title elementor-size-default\">Julparty p\u00e5 Club Adam & Eva <\/h1>\t\t<\/div>\n\t\t\t\t<\/div>\n\t\t\t\t\t\t<\/div>\n\t\t\t\t\t<\/div>\n\t\t<\/div>\n\t\t\t\t\t\t\t\t<\/div>\n\t\t\t\t\t<\/div>\n\t\t<\/section>\n\t\t\t\t<section class=\"elementor-section elementor-top-section elementor-element elementor-element-ffbe136 elementor-section-boxed elementor-section-height-default elementor-section-height-default\" data-id=\"ffbe136\" data-element_type=\"section\">\n\t\t\t\t\t\t<div class=\"elementor-container elementor-column-gap-default\">\n\t\t\t\t\t\t\t<div class=\"elementor-row\">\n\t\t\t\t\t<div class=\"elementor-column elementor-col-100 elementor-top-column elementor-element elementor-element-36bdeb8\" data-id=\"36bdeb8\" data-element_type=\"column\">\n\t\t\t<div class=\"elementor-column-wrap elementor-element-populated\">\n\t\t\t\t\t\t\t<div class=\"elementor-widget-wrap\">\n\t\t\t\t\t\t<div class=\"elementor-element elementor-element-7965976 elementor-widget elementor-widget-text-editor\" data-id=\"7965976\" data-element_type=\"widget\" data-widget_type=\"text-editor.default\">\n\t\t\t\t<div class=\"elementor-widget-container\">\n\t\t\t\t\t<div class=\"elementor-text-editor elementor-clearfix\"><h2 data-pm-slice=\"1 1 []\" data-en-clipboard=\"true\">\u00a0<\/h2><h2 data-pm-slice=\"1 1 []\" data-en-clipboard=\"true\"><span style=\"color: #000000;\"><strong>V\u00e4lkommen till Sveriges hetaste julfest p\u00e5 Club Adam &amp; Eva!<\/strong><\/span><\/h2><div><p><span style=\"color: #000000;\">Ta en paus fr\u00e5n julstressen och kom till Norrk\u00f6ping f\u00f6r en of\u00f6rgl\u00f6mlig helg fylld av passion och lekfullt julfirande \u00e1 la swingers p\u00e5 Sveriges mest sp\u00e4nnande klubb.<\/span><\/p><p><span style=\"color: #000000;\">H\u00e4r m\u00f6ts sexiga tomtenissar, f\u00f6rf\u00f6riska t\u00e4rnor och frestande pepparkaksgubbar f\u00f6r \u00e5rets hetaste julfest. Tomtefar och tomtemor v\u00e4ntar p\u00e5 att g\u00f6ra din kv\u00e4ll extra minnesv\u00e4rd, och kanske dyker det upp en k\u00e5tbock eller tv\u00e5! Den b\u00e4sta julutstyrseln bel\u00f6nas med ett sp\u00e4nnande pris.<\/span><\/p><p><span style=\"color: #000000;\">Vi bjuder p\u00e5 gl\u00f6gg, pepparkakor och massor av godsaker.<\/span><br \/><span style=\"color: #000000;\"><strong>\u00c4ven i \u00e5r kommer vi ha fiskdamm f\u00f6r vuxna<\/strong><\/span><br \/><span style=\"color: #000000;\"><em><strong>Missa inte \u00e5rets mest st\u00e4mningsfulla och heta julparty!<\/strong><\/em><\/span><\/p><\/div><div><div>\u00a0<\/div><div><span style=\"color: #000000;\"><b>L\u00f6rdag 12 december<\/b><\/span><\/div><div><span style=\"color: #000000;\"><b>Plats: <\/b>Club Adam &amp; Eva i Norrk\u00f6ping<\/span><\/div><div><span style=\"color: #000000;\"><b>Tid: <\/b>20:00-02:00<\/span><\/div><div><span style=\"color: #000000;\"><b>Medlemspris:<\/b> 500 kr\/person<\/span><\/div><div><span style=\"color: #000000;\"><b>G\u00e4stpris: <\/b>650 kr\/person<\/span><\/div><div>\u00a0<\/div><div><span style=\"color: #000000;\">Par, tjejer och medlemskillar \u00e4r v\u00e4lkomna!<\/span><\/div><div><span style=\"color: #000000;\"><b>Obligatorisk f\u00f6ranm\u00e4lan och f\u00f6rskottsbetalning.<\/b><\/span><\/div><div><span style=\"color: #000000;\">Anm\u00e4l er p\u00e5 <a style=\"color: #000000;\" href=\"mailto:info@clubadamoeva.se\">info@clubadamoeva.se\u00a0 \u00a0<\/a><\/span><\/div><\/div><div><span style=\"color: #000000;\"><em><strong>Vill ni betala medlemspris, skicka med medlemskortet n\u00e4r ni anm\u00e4ler er.<\/strong><\/em><\/span><\/div><\/div>\n\t\t\t\t<\/div>\n\t\t\t\t<\/div>\n\t\t\t\t\t\t<\/div>\n\t\t\t\t\t<\/div>\n\t\t<\/div>\n\t\t\t\t\t\t\t\t<\/div>\n\t\t\t\t\t<\/div>\n\t\t<\/section>\n\t\t\t\t\t\t<\/div>\n\t\t\t\t\t\t<\/div>\n\t\t\t\t\t<\/div>","protected":false},"excerpt":{"rendered":"<p>Julparty p\u00e5 Club Adam &#038; Eva \u00a0 V\u00e4lkommen till Sveriges hetaste julfest p\u00e5 Club Adam &amp; Eva! Ta en paus fr\u00e5n julstressen och kom till Norrk\u00f6ping f\u00f6r en of\u00f6rgl\u00f6mlig helg fylld av passion och lekfullt julfirande \u00e1 la swingers p\u00e5 Sveriges mest sp\u00e4nnande klubb. H\u00e4r m\u00f6ts sexiga tomtenissar, f\u00f6rf\u00f6riska t\u00e4rnor och frestande pepparkaksgubbar f\u00f6r \u00e5rets &hellip;<\/p>\n<p class=\"read-more\"> <a class=\"\" href=\"https:\/\/clubadamoeva.se\/en\/julfest\/\"> <span class=\"screen-reader-text\">julfest<\/span> Read More &raquo;<\/a><\/p>","protected":false},"author":1,"featured_media":5900,"parent":0,"menu_order":0,"comment_status":"closed","ping_status":"closed","template":"elementor_header_footer","meta":{"spay_email":""},"yoast_head":"<!-- This site is optimized with the Yoast SEO plugin v16.1.1 - https:\/\/yoast.com\/wordpress\/plugins\/seo\/ -->\n<title>julfest - Club Adam &amp; Eva<\/title>\n<link rel=\"canonical\" href=\"https:\/\/clubadamoeva.se\/en\/julfest\/\" \/>\n<meta property=\"og:locale\" content=\"en_GB\" \/>\n<meta property=\"og:type\" content=\"article\" \/>\n<meta property=\"og:title\" content=\"julfest - Club Adam &amp; Eva\" \/>\n<meta property=\"og:description\" content=\"Julparty p\u00e5 Club Adam &#038; Eva \u00a0 V\u00e4lkommen till Sveriges hetaste julfest p\u00e5 Club Adam &amp; Eva! Ta en paus fr\u00e5n julstressen och kom till Norrk\u00f6ping f\u00f6r en of\u00f6rgl\u00f6mlig helg fylld av passion och lekfullt julfirande \u00e1 la swingers p\u00e5 Sveriges mest sp\u00e4nnande klubb. H\u00e4r m\u00f6ts sexiga tomtenissar, f\u00f6rf\u00f6riska t\u00e4rnor och frestande pepparkaksgubbar f\u00f6r \u00e5rets &hellip; julfest Read More &raquo;\" \/>\n<meta property=\"og:url\" content=\"https:\/\/clubadamoeva.se\/en\/julfest\/\" \/>\n<meta property=\"og:site_name\" content=\"Club Adam &amp; Eva\" \/>\n<meta property=\"article:modified_time\" content=\"2025-12-26T20:42:24+00:00\" \/>\n<meta property=\"og:image\" content=\"https:\/\/clubadamoeva.se\/wp-content\/uploads\/2025\/09\/Julfest-18-augusti-2024-1.jpeg\" \/>\n\t<meta property=\"og:image:width\" content=\"1920\" \/>\n\t<meta property=\"og:image:height\" content=\"1080\" \/>\n<meta name=\"twitter:card\" content=\"summary_large_image\" \/>\n<meta name=\"twitter:label1\" content=\"Estimated reading time\">\n\t<meta name=\"twitter:data1\" content=\"1 minute\">\n<script type=\"application\/ld+json\" class=\"yoast-schema-graph\">{\"@context\":\"https:\/\/schema.org\",\"@graph\":[{\"@type\":\"Organization\",\"@id\":\"https:\/\/clubadamoeva.se\/#organization\",\"name\":\"Club Adam & Eva\",\"url\":\"https:\/\/clubadamoeva.se\/\",\"sameAs\":[],\"logo\":{\"@type\":\"ImageObject\",\"@id\":\"https:\/\/clubadamoeva.se\/#logo\",\"inLanguage\":\"en-GB\",\"url\":\"https:\/\/clubadamoeva.se\/wp-content\/uploads\/2021\/01\/CAE-logo-juli-2016-NY-e1610480592101.jpg\",\"contentUrl\":\"https:\/\/clubadamoeva.se\/wp-content\/uploads\/2021\/01\/CAE-logo-juli-2016-NY-e1610480592101.jpg\",\"width\":200,\"height\":95,\"caption\":\"Club Adam & Eva\"},\"image\":{\"@id\":\"https:\/\/clubadamoeva.se\/#logo\"}},{\"@type\":\"WebSite\",\"@id\":\"https:\/\/clubadamoeva.se\/#website\",\"url\":\"https:\/\/clubadamoeva.se\/\",\"name\":\"Club Adam &amp; Eva\",\"description\":\"Club Adam &amp; Eva - Sveriges ledande swingersklubb\",\"publisher\":{\"@id\":\"https:\/\/clubadamoeva.se\/#organization\"},\"potentialAction\":[{\"@type\":\"SearchAction\",\"target\":\"https:\/\/clubadamoeva.se\/?s={search_term_string}\",\"query-input\":\"required name=search_term_string\"}],\"inLanguage\":\"en-GB\"},{\"@type\":\"ImageObject\",\"@id\":\"https:\/\/clubadamoeva.se\/julfest\/#primaryimage\",\"inLanguage\":\"en-GB\",\"url\":\"https:\/\/clubadamoeva.se\/wp-content\/uploads\/2025\/09\/Julfest-18-augusti-2024-1.jpeg\",\"contentUrl\":\"https:\/\/clubadamoeva.se\/wp-content\/uploads\/2025\/09\/Julfest-18-augusti-2024-1.jpeg\",\"width\":1920,\"height\":1080},{\"@type\":\"WebPage\",\"@id\":\"https:\/\/clubadamoeva.se\/julfest\/#webpage\",\"url\":\"https:\/\/clubadamoeva.se\/julfest\/\",\"name\":\"julfest - Club Adam &amp; Eva\",\"isPartOf\":{\"@id\":\"https:\/\/clubadamoeva.se\/#website\"},\"primaryImageOfPage\":{\"@id\":\"https:\/\/clubadamoeva.se\/julfest\/#primaryimage\"},\"datePublished\":\"2023-09-24T06:06:51+00:00\",\"dateModified\":\"2025-12-26T20:42:24+00:00\",\"breadcrumb\":{\"@id\":\"https:\/\/clubadamoeva.se\/julfest\/#breadcrumb\"},\"inLanguage\":\"en-GB\",\"potentialAction\":[{\"@type\":\"ReadAction\",\"target\":[\"https:\/\/clubadamoeva.se\/julfest\/\"]}]},{\"@type\":\"BreadcrumbList\",\"@id\":\"https:\/\/clubadamoeva.se\/julfest\/#breadcrumb\",\"itemListElement\":[{\"@type\":\"ListItem\",\"position\":1,\"item\":{\"@type\":\"WebPage\",\"@id\":\"https:\/\/clubadamoeva.se\/\",\"url\":\"https:\/\/clubadamoeva.se\/\",\"name\":\"Hem\"}},{\"@type\":\"ListItem\",\"position\":2,\"item\":{\"@type\":\"WebPage\",\"@id\":\"https:\/\/clubadamoeva.se\/julfest\/\",\"url\":\"https:\/\/clubadamoeva.se\/julfest\/\",\"name\":\"julfest\"}}]}]}<\/script>\n<!-- \/ Yoast SEO plugin. -->","_links":{"self":[{"href":"https:\/\/clubadamoeva.se\/en\/wp-json\/wp\/v2\/pages\/3338"}],"collection":[{"href":"https:\/\/clubadamoeva.se\/en\/wp-json\/wp\/v2\/pages"}],"about":[{"href":"https:\/\/clubadamoeva.se\/en\/wp-json\/wp\/v2\/types\/page"}],"author":[{"embeddable":true,"href":"https:\/\/clubadamoeva.se\/en\/wp-json\/wp\/v2\/users\/1"}],"replies":[{"embeddable":true,"href":"https:\/\/clubadamoeva.se\/en\/wp-json\/wp\/v2\/comments?post=3338"}],"version-history":[{"count":57,"href":"https:\/\/clubadamoeva.se\/en\/wp-json\/wp\/v2\/pages\/3338\/revisions"}],"predecessor-version":[{"id":6313,"href":"https:\/\/clubadamoeva.se\/en\/wp-json\/wp\/v2\/pages\/3338\/revisions\/6313"}],"wp:featuredmedia":[{"embeddable":true,"href":"https:\/\/clubadamoeva.se\/en\/wp-json\/wp\/v2\/media\/5900"}],"wp:attachment":[{"href":"https:\/\/clubadamoeva.se\/en\/wp-json\/wp\/v2\/media?parent=3338"}],"curies":[{"name":"wp","href":"https:\/\/api.w.org\/{rel}","templated":true}]}}