{"id":3257,"date":"2023-08-22T16:31:47","date_gmt":"2023-08-22T16:31:47","guid":{"rendered":"https:\/\/clubadamoeva.se\/?page_id=3257"},"modified":"2025-11-25T18:55:46","modified_gmt":"2025-11-25T18:55:46","slug":"nyar","status":"publish","type":"page","link":"https:\/\/clubadamoeva.se\/en\/nyar\/","title":{"rendered":"ny\u00e5r"},"content":{"rendered":"<div data-elementor-type=\"wp-page\" data-elementor-id=\"3257\" class=\"elementor elementor-3257\" data-elementor-settings=\"[]\">\n\t\t\t\t\t\t<div class=\"elementor-inner\">\n\t\t\t\t\t\t\t<div class=\"elementor-section-wrap\">\n\t\t\t\t\t\t\t<section class=\"elementor-section elementor-top-section elementor-element elementor-element-5794db2 elementor-section-full_width elementor-section-height-min-height elementor-section-height-default elementor-section-items-middle\" data-id=\"5794db2\" data-element_type=\"section\" data-settings=\"{&quot;background_background&quot;:&quot;classic&quot;}\">\n\t\t\t\t\t\t\t<div class=\"elementor-background-overlay\"><\/div>\n\t\t\t\t\t\t\t<div class=\"elementor-container elementor-column-gap-default\">\n\t\t\t\t\t\t\t<div class=\"elementor-row\">\n\t\t\t\t\t<div class=\"elementor-column elementor-col-100 elementor-top-column elementor-element elementor-element-b1716c9\" data-id=\"b1716c9\" data-element_type=\"column\">\n\t\t\t<div class=\"elementor-column-wrap elementor-element-populated\">\n\t\t\t\t\t\t\t<div class=\"elementor-widget-wrap\">\n\t\t\t\t\t\t<div class=\"elementor-element elementor-element-3b2c3f8 elementor-widget elementor-widget-heading\" data-id=\"3b2c3f8\" data-element_type=\"widget\" data-widget_type=\"heading.default\">\n\t\t\t\t<div class=\"elementor-widget-container\">\n\t\t\t<h1 class=\"elementor-heading-title elementor-size-default\">Ny\u00e5rsafton p\u00e5 Club Adam &amp; Eva<\/h1>\t\t<\/div>\n\t\t\t\t<\/div>\n\t\t\t\t\t\t<\/div>\n\t\t\t\t\t<\/div>\n\t\t<\/div>\n\t\t\t\t\t\t\t\t<\/div>\n\t\t\t\t\t<\/div>\n\t\t<\/section>\n\t\t\t\t<section class=\"elementor-section elementor-top-section elementor-element elementor-element-0fa2de0 elementor-section-boxed elementor-section-height-default elementor-section-height-default\" data-id=\"0fa2de0\" data-element_type=\"section\">\n\t\t\t\t\t\t<div class=\"elementor-container elementor-column-gap-default\">\n\t\t\t\t\t\t\t<div class=\"elementor-row\">\n\t\t\t\t\t<div class=\"elementor-column elementor-col-100 elementor-top-column elementor-element elementor-element-6fd8b8b\" data-id=\"6fd8b8b\" data-element_type=\"column\">\n\t\t\t<div class=\"elementor-column-wrap elementor-element-populated\">\n\t\t\t\t\t\t\t<div class=\"elementor-widget-wrap\">\n\t\t\t\t\t\t<div class=\"elementor-element elementor-element-560d666 elementor-widget elementor-widget-text-editor\" data-id=\"560d666\" data-element_type=\"widget\" data-widget_type=\"text-editor.default\">\n\t\t\t\t<div class=\"elementor-widget-container\">\n\t\t\t\t\t<div class=\"elementor-text-editor elementor-clearfix\"><h2><strong>Fira in 2026 med stil p\u00e5 Club Adam &amp; Eva!<\/strong><\/h2><p>Gl\u00f6m allt du h\u00f6rt om vanliga ny\u00e5rsfester \u2013 hos oss p\u00e5 Club Adam &amp; Eva tar vi ny\u00e5rsfirandet till en helt ny niv\u00e5! T\u00e4nk dig en kv\u00e4ll fylld av glittrande glamour, f\u00f6rf\u00f6riska smaker och o\u00e4ndliga m\u00f6jligheter till of\u00f6rgl\u00f6mliga m\u00f6ten. V\u00e4lkommen att uppleva en ny\u00e5rsafton som \u00f6vertr\u00e4ffar alla dina f\u00f6rv\u00e4ntningar.<\/p><p>Kv\u00e4llen b\u00f6rjar med en v\u00e4lkomstdrink som s\u00e4tter st\u00e4mningen, f\u00f6ljt av en lyxig trer\u00e4tters ny\u00e5rssup\u00e9 i v\u00e5r vackra klubbmilj\u00f6. I en atmosf\u00e4r som andas exklusivitet och sensualitet f\u00e5r ni njuta av varje r\u00e4tt innan vi \u00f6ppnar d\u00f6rrarna till en fest som ingen annan \u2013 h\u00e4r dansar vi, minglar och firar in det nya \u00e5ret p\u00e5 det mest sp\u00e4nnande och sensuella s\u00e4tt du kan t\u00e4nka dig.<\/p><p>P\u00e5 Club Adam &amp; Eva handlar ny\u00e5rsafton om mer \u00e4n bara ett firande \u2013 det \u00e4r en natt d\u00e4r vi tillsammans skapar magi. L\u00e5t dig svepas med av musiken, njut av bubblande drycker och l\u00e5t 2026 b\u00f6rja med en explosion av gl\u00e4dje och passion.<\/p><p><em><strong>Missar du denna fest, missar du \u00e5rets hetaste ny\u00e5rsfirande!<\/strong><\/em><\/p><p><strong>Datum:<\/strong> 31 december 2025<br \/><strong>Plats:<\/strong> Club Adam &amp; Eva, Norrk\u00f6ping (nere p\u00e5 klubben)<br \/><strong>Dresscode:<\/strong> Glittrande glamour eller sofistikerad elegans<br \/><em>Boka din plats nu och se till att du \u00e4r en del av \u00e5rets mest exklusiva ny\u00e5rsfest!<\/em><\/p><h3><strong>Vad ing\u00e5r?<\/strong><\/h3><p>Trer\u00e4tters ny\u00e5rssup\u00e9 <br \/>V\u00e4lkomstdrink<br \/>Dryck till maten (vin\/\u00f6l\/alkoholfritt)<br \/>Ny\u00e5rsskumpa<br \/>Konfettifyrverkeri<br \/>Entr\u00e9 till klubben<\/p><h3><strong>Ny\u00e5rssup\u00e9<\/strong><\/h3><p><strong>Medlemmar:<\/strong> 1950:-\/person (bifoga medlemskort f\u00f6r medlemspris)<br \/><strong>G\u00e4ster:<\/strong> 2250:-\/person<\/p><p><strong>OBS:<\/strong> <br \/>D\u00e5 vi dukar upp f\u00f6r fest p\u00e5 klubben finns det endast 60 platser. <br \/>Boka i tid f\u00f6r att s\u00e4kra din plats p\u00e5 \u00e5rets mest eftertraktade ny\u00e5rsfest!<\/p><p><strong>Par, tjejer och medlemskillar \u00e4r v\u00e4lkomna!<\/strong><br \/>Obligatorisk f\u00f6ranm\u00e4lan och f\u00f6rskottsbetalning.<br \/>Anm\u00e4l er p\u00e5 <a href=\"mailto:info@clubadamoeva.se\">info@clubadamoeva.se<\/a><\/p><h3><strong>Eftersl\u00e4pp<\/strong><\/h3><p>21:30-22:00<br \/><strong>Medlemmar:<\/strong> 650:-\/person (bifoga medlemskort f\u00f6r medlemspris)<br \/><strong>G\u00e4ster:<\/strong> 800:-\/person<br \/>Par, tjejer och medlemskillar \u00e4r v\u00e4lkomna!<br \/>Obligatorisk f\u00f6ranm\u00e4lan och f\u00f6rskottsbetalning.<br \/>Anm\u00e4l er p\u00e5 <a href=\"mailto:info@clubadamoeva.se\">info@clubadamoeva.se<\/a> <br \/>Begr\u00e4nsat antal<br \/>Ny\u00e5rsskumpa ing\u00e5r<\/p><p><em><strong>Vi har lyckats boka in samma stj\u00e4rnkock som f\u00f6rra \u00e5ret<\/strong><\/em><\/p><p>\u00a0<\/p><\/div>\n\t\t\t\t<\/div>\n\t\t\t\t<\/div>\n\t\t\t\t<div class=\"elementor-element elementor-element-ad80efb elementor-widget elementor-widget-heading\" data-id=\"ad80efb\" data-element_type=\"widget\" data-widget_type=\"heading.default\">\n\t\t\t\t<div class=\"elementor-widget-container\">\n\t\t\t<h2 class=\"elementor-heading-title elementor-size-default\">Meny<\/h2>\t\t<\/div>\n\t\t\t\t<\/div>\n\t\t\t\t<div class=\"elementor-element elementor-element-dab8ab6 elementor-widget elementor-widget-text-editor\" data-id=\"dab8ab6\" data-element_type=\"widget\" data-widget_type=\"text-editor.default\">\n\t\t\t\t<div class=\"elementor-widget-container\">\n\t\t\t\t\t<div class=\"elementor-text-editor elementor-clearfix\"><p style=\"text-align: center;\"><span style=\"color: #000000;\">Kr\u00e4mig&nbsp;<\/span><span style=\"color: rgb(8, 8, 9); font-family: &quot;Segoe UI Historic&quot;, &quot;Segoe UI&quot;, Helvetica, Arial, sans-serif; font-size: 15px; font-style: normal; font-weight: 400; text-align: start; white-space-collapse: preserve; background-color: rgb(240, 240, 240);\">Chevre<\/span><span style=\"color: #000000;\">&amp; Prosciutto<\/span><br><span style=\"color: #000000;\">Serveras med honungsmarinerade fikon och<\/span><br><span style=\"color: #000000;\">l\u00e4tt semitorkade tomater<\/span><\/p>\n<p style=\"text-align: center;\"><span style=\"color: #000000;\">Helstekt m\u00f6r oxfil\u00e9 med frisk gremolata<\/span><br><span style=\"color: #000000;\">Till detta en djup tryffelsky och potatisgrat\u00e4ng <\/span><br><span style=\"color: #000000;\">med lagrad v\u00e4sterbottenost<\/span><br><span style=\"color: #000000;\">Alt<\/span><br><span style=\"color: #000000;\">Saftig helstekt laxfil\u00e9 med en elegant vitvinss\u00e5s<\/span><br><span style=\"color: #000000;\">Toppad med handskalade r\u00e4kor och potatisgrat\u00e4ng<\/span><br><span style=\"color: #000000;\">med lagrad v\u00e4sterbottenost<\/span><\/p>\n<p style=\"text-align: center;\"><span style=\"color: #000000;\">Len pannacotta med en touch av Baileys<\/span><br><span style=\"color: #000000;\">Serveras med f\u00e4rska hallon, en djup halloncoulis och<\/span><br><span style=\"color: #000000;\">rostad, krispig vitchoklad<\/span><\/p><\/div>\n\t\t\t\t<\/div>\n\t\t\t\t<\/div>\n\t\t\t\t\t\t<\/div>\n\t\t\t\t\t<\/div>\n\t\t<\/div>\n\t\t\t\t\t\t\t\t<\/div>\n\t\t\t\t\t<\/div>\n\t\t<\/section>\n\t\t\t\t\t\t<\/div>\n\t\t\t\t\t\t<\/div>\n\t\t\t\t\t<\/div>","protected":false},"excerpt":{"rendered":"<p>Ny\u00e5rsafton p\u00e5 Club Adam &amp; Eva Fira in 2026 med stil p\u00e5 Club Adam &amp; Eva! Gl\u00f6m allt du h\u00f6rt om vanliga ny\u00e5rsfester \u2013 hos oss p\u00e5 Club Adam &amp; Eva tar vi ny\u00e5rsfirandet till en helt ny niv\u00e5! T\u00e4nk dig en kv\u00e4ll fylld av glittrande glamour, f\u00f6rf\u00f6riska smaker och o\u00e4ndliga m\u00f6jligheter till of\u00f6rgl\u00f6mliga m\u00f6ten. &hellip;<\/p>\n<p class=\"read-more\"> <a class=\"\" href=\"https:\/\/clubadamoeva.se\/en\/nyar\/\"> <span class=\"screen-reader-text\">ny\u00e5r<\/span> Read More &raquo;<\/a><\/p>","protected":false},"author":1,"featured_media":3710,"parent":0,"menu_order":0,"comment_status":"closed","ping_status":"closed","template":"elementor_header_footer","meta":{"spay_email":""},"yoast_head":"<!-- This site is optimized with the Yoast SEO plugin v16.1.1 - https:\/\/yoast.com\/wordpress\/plugins\/seo\/ -->\n<title>ny\u00e5r - Club Adam &amp; Eva<\/title>\n<link rel=\"canonical\" href=\"https:\/\/clubadamoeva.se\/en\/nyar\/\" \/>\n<meta property=\"og:locale\" content=\"en_GB\" \/>\n<meta property=\"og:type\" content=\"article\" \/>\n<meta property=\"og:title\" content=\"ny\u00e5r - Club Adam &amp; Eva\" \/>\n<meta property=\"og:description\" content=\"Ny\u00e5rsafton p\u00e5 Club Adam &amp; Eva Fira in 2026 med stil p\u00e5 Club Adam &amp; Eva! Gl\u00f6m allt du h\u00f6rt om vanliga ny\u00e5rsfester \u2013 hos oss p\u00e5 Club Adam &amp; Eva tar vi ny\u00e5rsfirandet till en helt ny niv\u00e5! T\u00e4nk dig en kv\u00e4ll fylld av glittrande glamour, f\u00f6rf\u00f6riska smaker och o\u00e4ndliga m\u00f6jligheter till of\u00f6rgl\u00f6mliga m\u00f6ten. &hellip; ny\u00e5r Read More &raquo;\" \/>\n<meta property=\"og:url\" content=\"https:\/\/clubadamoeva.se\/en\/nyar\/\" \/>\n<meta property=\"og:site_name\" content=\"Club Adam &amp; Eva\" \/>\n<meta property=\"article:modified_time\" content=\"2025-11-25T18:55:46+00:00\" \/>\n<meta property=\"og:image\" content=\"https:\/\/clubadamoeva.se\/wp-content\/uploads\/2024\/01\/laughing-women-man-evening-cloths-tossing-confetti-scaled-e1729014623610.jpg\" \/>\n\t<meta property=\"og:image:width\" content=\"600\" \/>\n\t<meta property=\"og:image:height\" content=\"401\" \/>\n<meta name=\"twitter:card\" content=\"summary_large_image\" \/>\n<meta name=\"twitter:label1\" content=\"Estimated reading time\">\n\t<meta name=\"twitter:data1\" content=\"2 minutes\">\n<script type=\"application\/ld+json\" class=\"yoast-schema-graph\">{\"@context\":\"https:\/\/schema.org\",\"@graph\":[{\"@type\":\"Organization\",\"@id\":\"https:\/\/clubadamoeva.se\/#organization\",\"name\":\"Club Adam & Eva\",\"url\":\"https:\/\/clubadamoeva.se\/\",\"sameAs\":[],\"logo\":{\"@type\":\"ImageObject\",\"@id\":\"https:\/\/clubadamoeva.se\/#logo\",\"inLanguage\":\"en-GB\",\"url\":\"https:\/\/clubadamoeva.se\/wp-content\/uploads\/2021\/01\/CAE-logo-juli-2016-NY-e1610480592101.jpg\",\"contentUrl\":\"https:\/\/clubadamoeva.se\/wp-content\/uploads\/2021\/01\/CAE-logo-juli-2016-NY-e1610480592101.jpg\",\"width\":200,\"height\":95,\"caption\":\"Club Adam & Eva\"},\"image\":{\"@id\":\"https:\/\/clubadamoeva.se\/#logo\"}},{\"@type\":\"WebSite\",\"@id\":\"https:\/\/clubadamoeva.se\/#website\",\"url\":\"https:\/\/clubadamoeva.se\/\",\"name\":\"Club Adam &amp; Eva\",\"description\":\"Club Adam &amp; Eva - Sveriges ledande swingersklubb\",\"publisher\":{\"@id\":\"https:\/\/clubadamoeva.se\/#organization\"},\"potentialAction\":[{\"@type\":\"SearchAction\",\"target\":\"https:\/\/clubadamoeva.se\/?s={search_term_string}\",\"query-input\":\"required name=search_term_string\"}],\"inLanguage\":\"en-GB\"},{\"@type\":\"ImageObject\",\"@id\":\"https:\/\/clubadamoeva.se\/nyar\/#primaryimage\",\"inLanguage\":\"en-GB\",\"url\":\"https:\/\/clubadamoeva.se\/wp-content\/uploads\/2024\/01\/laughing-women-man-evening-cloths-tossing-confetti-scaled-e1729014623610.jpg\",\"contentUrl\":\"https:\/\/clubadamoeva.se\/wp-content\/uploads\/2024\/01\/laughing-women-man-evening-cloths-tossing-confetti-scaled-e1729014623610.jpg\",\"width\":600,\"height\":401},{\"@type\":\"WebPage\",\"@id\":\"https:\/\/clubadamoeva.se\/nyar\/#webpage\",\"url\":\"https:\/\/clubadamoeva.se\/nyar\/\",\"name\":\"ny\\u00e5r - Club Adam &amp; Eva\",\"isPartOf\":{\"@id\":\"https:\/\/clubadamoeva.se\/#website\"},\"primaryImageOfPage\":{\"@id\":\"https:\/\/clubadamoeva.se\/nyar\/#primaryimage\"},\"datePublished\":\"2023-08-22T16:31:47+00:00\",\"dateModified\":\"2025-11-25T18:55:46+00:00\",\"breadcrumb\":{\"@id\":\"https:\/\/clubadamoeva.se\/nyar\/#breadcrumb\"},\"inLanguage\":\"en-GB\",\"potentialAction\":[{\"@type\":\"ReadAction\",\"target\":[\"https:\/\/clubadamoeva.se\/nyar\/\"]}]},{\"@type\":\"BreadcrumbList\",\"@id\":\"https:\/\/clubadamoeva.se\/nyar\/#breadcrumb\",\"itemListElement\":[{\"@type\":\"ListItem\",\"position\":1,\"item\":{\"@type\":\"WebPage\",\"@id\":\"https:\/\/clubadamoeva.se\/\",\"url\":\"https:\/\/clubadamoeva.se\/\",\"name\":\"Hem\"}},{\"@type\":\"ListItem\",\"position\":2,\"item\":{\"@type\":\"WebPage\",\"@id\":\"https:\/\/clubadamoeva.se\/nyar\/\",\"url\":\"https:\/\/clubadamoeva.se\/nyar\/\",\"name\":\"ny\\u00e5r\"}}]}]}<\/script>\n<!-- \/ Yoast SEO plugin. -->","_links":{"self":[{"href":"https:\/\/clubadamoeva.se\/en\/wp-json\/wp\/v2\/pages\/3257"}],"collection":[{"href":"https:\/\/clubadamoeva.se\/en\/wp-json\/wp\/v2\/pages"}],"about":[{"href":"https:\/\/clubadamoeva.se\/en\/wp-json\/wp\/v2\/types\/page"}],"author":[{"embeddable":true,"href":"https:\/\/clubadamoeva.se\/en\/wp-json\/wp\/v2\/users\/1"}],"replies":[{"embeddable":true,"href":"https:\/\/clubadamoeva.se\/en\/wp-json\/wp\/v2\/comments?post=3257"}],"version-history":[{"count":120,"href":"https:\/\/clubadamoeva.se\/en\/wp-json\/wp\/v2\/pages\/3257\/revisions"}],"predecessor-version":[{"id":6092,"href":"https:\/\/clubadamoeva.se\/en\/wp-json\/wp\/v2\/pages\/3257\/revisions\/6092"}],"wp:featuredmedia":[{"embeddable":true,"href":"https:\/\/clubadamoeva.se\/en\/wp-json\/wp\/v2\/media\/3710"}],"wp:attachment":[{"href":"https:\/\/clubadamoeva.se\/en\/wp-json\/wp\/v2\/media?parent=3257"}],"curies":[{"name":"wp","href":"https:\/\/api.w.org\/{rel}","templated":true}]}}