{"id":2552,"date":"2023-03-29T16:06:09","date_gmt":"2023-03-29T16:06:09","guid":{"rendered":"https:\/\/clubadamoeva.se\/?page_id=2552"},"modified":"2025-08-04T07:57:39","modified_gmt":"2025-08-04T07:57:39","slug":"extra-kille","status":"publish","type":"page","link":"https:\/\/clubadamoeva.se\/en\/extra-kille\/","title":{"rendered":"Extra kille"},"content":{"rendered":"<div data-elementor-type=\"wp-page\" data-elementor-id=\"2552\" class=\"elementor elementor-2552\" data-elementor-settings=\"[]\">\n\t\t\t\t\t\t<div class=\"elementor-inner\">\n\t\t\t\t\t\t\t<div class=\"elementor-section-wrap\">\n\t\t\t\t\t\t\t<section class=\"elementor-section elementor-top-section elementor-element elementor-element-42705b54 elementor-section-full_width elementor-section-height-min-height elementor-section-height-default elementor-section-items-middle\" data-id=\"42705b54\" data-element_type=\"section\" data-settings=\"{&quot;background_background&quot;:&quot;classic&quot;}\">\n\t\t\t\t\t\t\t<div class=\"elementor-background-overlay\"><\/div>\n\t\t\t\t\t\t\t<div class=\"elementor-container elementor-column-gap-default\">\n\t\t\t\t\t\t\t<div class=\"elementor-row\">\n\t\t\t\t\t<div class=\"elementor-column elementor-col-100 elementor-top-column elementor-element elementor-element-57627eb6\" data-id=\"57627eb6\" data-element_type=\"column\">\n\t\t\t<div class=\"elementor-column-wrap elementor-element-populated\">\n\t\t\t\t\t\t\t<div class=\"elementor-widget-wrap\">\n\t\t\t\t\t\t<div class=\"elementor-element elementor-element-6c23e330 elementor-widget elementor-widget-heading\" data-id=\"6c23e330\" data-element_type=\"widget\" data-widget_type=\"heading.default\">\n\t\t\t\t<div class=\"elementor-widget-container\">\n\t\t\t<h1 class=\"elementor-heading-title elementor-size-default\">Ta med en extra kille till oss<\/h1>\t\t<\/div>\n\t\t\t\t<\/div>\n\t\t\t\t\t\t<\/div>\n\t\t\t\t\t<\/div>\n\t\t<\/div>\n\t\t\t\t\t\t\t\t<\/div>\n\t\t\t\t\t<\/div>\n\t\t<\/section>\n\t\t\t\t<section class=\"elementor-section elementor-top-section elementor-element elementor-element-9954035 elementor-section-boxed elementor-section-height-default elementor-section-height-default\" data-id=\"9954035\" data-element_type=\"section\">\n\t\t\t\t\t\t<div class=\"elementor-container elementor-column-gap-default\">\n\t\t\t\t\t\t\t<div class=\"elementor-row\">\n\t\t\t\t\t<div class=\"elementor-column elementor-col-100 elementor-top-column elementor-element elementor-element-e08cdb8\" data-id=\"e08cdb8\" data-element_type=\"column\">\n\t\t\t<div class=\"elementor-column-wrap elementor-element-populated\">\n\t\t\t\t\t\t\t<div class=\"elementor-widget-wrap\">\n\t\t\t\t\t\t<div class=\"elementor-element elementor-element-a20e8db elementor-widget elementor-widget-text-editor\" data-id=\"a20e8db\" data-element_type=\"widget\" data-widget_type=\"text-editor.default\">\n\t\t\t\t<div class=\"elementor-widget-container\">\n\t\t\t\t\t<div class=\"elementor-text-editor elementor-clearfix\"><h4 data-pm-slice=\"1 3 []\" data-en-clipboard=\"true\"><strong>Ta med en extra singelkille som inte \u00e4r medlem p\u00e5 MIX-Kv\u00e4llar.<\/strong><\/h4><div><em><strong>F\u00f6ljande g\u00e4ller.<\/strong><\/em><\/div><ul><li>Obligatorisk f\u00f6ranm\u00e4lan med \u00e5lder, f\u00f6r- och efternamn, par som vill ha med extra kille g\u00f6r anm\u00e4lan<\/li><li>Entr\u00e9 f\u00f6r killen 1000 kr<\/li><li>Anm\u00e4lan m\u00e5ste g\u00f6ras i god tid innan aktuell kv\u00e4ll<\/li><li>Vi f\u00f6rbeh\u00e5ller oss r\u00e4tten att neka<\/li><li>G\u00e4ller enbart ordinarie MIX-Kv\u00e4llar<\/li><\/ul><div>Maila till <a href=\"mailto:info@clubadamoeva.se\">info@clubadamoeva.se<\/a><\/div><div>\u00a0<\/div><div>\u00a0<\/div><div>\u00a0<\/div><div>\u00a0<\/div><\/div>\n\t\t\t\t<\/div>\n\t\t\t\t<\/div>\n\t\t\t\t\t\t<\/div>\n\t\t\t\t\t<\/div>\n\t\t<\/div>\n\t\t\t\t\t\t\t\t<\/div>\n\t\t\t\t\t<\/div>\n\t\t<\/section>\n\t\t\t\t\t\t<\/div>\n\t\t\t\t\t\t<\/div>\n\t\t\t\t\t<\/div>","protected":false},"excerpt":{"rendered":"<p>Ta med en extra kille till oss Ta med en extra singelkille som inte \u00e4r medlem p\u00e5 MIX-Kv\u00e4llar. F\u00f6ljande g\u00e4ller. Obligatorisk f\u00f6ranm\u00e4lan med \u00e5lder, f\u00f6r- och efternamn, par som vill ha med extra kille g\u00f6r anm\u00e4lan Entr\u00e9 f\u00f6r killen 1000 kr Anm\u00e4lan m\u00e5ste g\u00f6ras i god tid innan aktuell kv\u00e4ll Vi f\u00f6rbeh\u00e5ller oss r\u00e4tten att &hellip;<\/p>\n<p class=\"read-more\"> <a class=\"\" href=\"https:\/\/clubadamoeva.se\/en\/extra-kille\/\"> <span class=\"screen-reader-text\">Extra kille<\/span> Read More &raquo;<\/a><\/p>","protected":false},"author":1,"featured_media":0,"parent":0,"menu_order":0,"comment_status":"closed","ping_status":"closed","template":"","meta":{"spay_email":""},"yoast_head":"<!-- This site is optimized with the Yoast SEO plugin v16.1.1 - https:\/\/yoast.com\/wordpress\/plugins\/seo\/ -->\n<title>Extra kille - Club Adam &amp; Eva<\/title>\n<link rel=\"canonical\" href=\"https:\/\/clubadamoeva.se\/en\/extra-kille\/\" \/>\n<meta property=\"og:locale\" content=\"en_GB\" \/>\n<meta property=\"og:type\" content=\"article\" \/>\n<meta property=\"og:title\" content=\"Extra kille - Club Adam &amp; Eva\" \/>\n<meta property=\"og:description\" content=\"Ta med en extra kille till oss Ta med en extra singelkille som inte \u00e4r medlem p\u00e5 MIX-Kv\u00e4llar. F\u00f6ljande g\u00e4ller. Obligatorisk f\u00f6ranm\u00e4lan med \u00e5lder, f\u00f6r- och efternamn, par som vill ha med extra kille g\u00f6r anm\u00e4lan Entr\u00e9 f\u00f6r killen 1000 kr Anm\u00e4lan m\u00e5ste g\u00f6ras i god tid innan aktuell kv\u00e4ll Vi f\u00f6rbeh\u00e5ller oss r\u00e4tten att &hellip; Extra kille Read More &raquo;\" \/>\n<meta property=\"og:url\" content=\"https:\/\/clubadamoeva.se\/en\/extra-kille\/\" \/>\n<meta property=\"og:site_name\" content=\"Club Adam &amp; Eva\" \/>\n<meta property=\"article:modified_time\" content=\"2025-08-04T07:57:39+00:00\" \/>\n<meta name=\"twitter:card\" content=\"summary_large_image\" \/>\n<meta name=\"twitter:label1\" content=\"Estimated reading time\">\n\t<meta name=\"twitter:data1\" content=\"1 minute\">\n<script type=\"application\/ld+json\" class=\"yoast-schema-graph\">{\"@context\":\"https:\/\/schema.org\",\"@graph\":[{\"@type\":\"Organization\",\"@id\":\"https:\/\/clubadamoeva.se\/#organization\",\"name\":\"Club Adam & Eva\",\"url\":\"https:\/\/clubadamoeva.se\/\",\"sameAs\":[],\"logo\":{\"@type\":\"ImageObject\",\"@id\":\"https:\/\/clubadamoeva.se\/#logo\",\"inLanguage\":\"en-GB\",\"url\":\"https:\/\/clubadamoeva.se\/wp-content\/uploads\/2021\/01\/CAE-logo-juli-2016-NY-e1610480592101.jpg\",\"contentUrl\":\"https:\/\/clubadamoeva.se\/wp-content\/uploads\/2021\/01\/CAE-logo-juli-2016-NY-e1610480592101.jpg\",\"width\":200,\"height\":95,\"caption\":\"Club Adam & Eva\"},\"image\":{\"@id\":\"https:\/\/clubadamoeva.se\/#logo\"}},{\"@type\":\"WebSite\",\"@id\":\"https:\/\/clubadamoeva.se\/#website\",\"url\":\"https:\/\/clubadamoeva.se\/\",\"name\":\"Club Adam &amp; Eva\",\"description\":\"Club Adam &amp; Eva - Sveriges ledande swingersklubb\",\"publisher\":{\"@id\":\"https:\/\/clubadamoeva.se\/#organization\"},\"potentialAction\":[{\"@type\":\"SearchAction\",\"target\":\"https:\/\/clubadamoeva.se\/?s={search_term_string}\",\"query-input\":\"required name=search_term_string\"}],\"inLanguage\":\"en-GB\"},{\"@type\":\"WebPage\",\"@id\":\"https:\/\/clubadamoeva.se\/extra-kille\/#webpage\",\"url\":\"https:\/\/clubadamoeva.se\/extra-kille\/\",\"name\":\"Extra kille - Club Adam &amp; Eva\",\"isPartOf\":{\"@id\":\"https:\/\/clubadamoeva.se\/#website\"},\"datePublished\":\"2023-03-29T16:06:09+00:00\",\"dateModified\":\"2025-08-04T07:57:39+00:00\",\"breadcrumb\":{\"@id\":\"https:\/\/clubadamoeva.se\/extra-kille\/#breadcrumb\"},\"inLanguage\":\"en-GB\",\"potentialAction\":[{\"@type\":\"ReadAction\",\"target\":[\"https:\/\/clubadamoeva.se\/extra-kille\/\"]}]},{\"@type\":\"BreadcrumbList\",\"@id\":\"https:\/\/clubadamoeva.se\/extra-kille\/#breadcrumb\",\"itemListElement\":[{\"@type\":\"ListItem\",\"position\":1,\"item\":{\"@type\":\"WebPage\",\"@id\":\"https:\/\/clubadamoeva.se\/\",\"url\":\"https:\/\/clubadamoeva.se\/\",\"name\":\"Hem\"}},{\"@type\":\"ListItem\",\"position\":2,\"item\":{\"@type\":\"WebPage\",\"@id\":\"https:\/\/clubadamoeva.se\/extra-kille\/\",\"url\":\"https:\/\/clubadamoeva.se\/extra-kille\/\",\"name\":\"Extra kille\"}}]}]}<\/script>\n<!-- \/ Yoast SEO plugin. -->","_links":{"self":[{"href":"https:\/\/clubadamoeva.se\/en\/wp-json\/wp\/v2\/pages\/2552"}],"collection":[{"href":"https:\/\/clubadamoeva.se\/en\/wp-json\/wp\/v2\/pages"}],"about":[{"href":"https:\/\/clubadamoeva.se\/en\/wp-json\/wp\/v2\/types\/page"}],"author":[{"embeddable":true,"href":"https:\/\/clubadamoeva.se\/en\/wp-json\/wp\/v2\/users\/1"}],"replies":[{"embeddable":true,"href":"https:\/\/clubadamoeva.se\/en\/wp-json\/wp\/v2\/comments?post=2552"}],"version-history":[{"count":31,"href":"https:\/\/clubadamoeva.se\/en\/wp-json\/wp\/v2\/pages\/2552\/revisions"}],"predecessor-version":[{"id":5765,"href":"https:\/\/clubadamoeva.se\/en\/wp-json\/wp\/v2\/pages\/2552\/revisions\/5765"}],"wp:attachment":[{"href":"https:\/\/clubadamoeva.se\/en\/wp-json\/wp\/v2\/media?parent=2552"}],"curies":[{"name":"wp","href":"https:\/\/api.w.org\/{rel}","templated":true}]}}