{"id":2398,"date":"2023-01-29T21:38:46","date_gmt":"2023-01-29T21:38:46","guid":{"rendered":"https:\/\/clubadamoeva.se\/?page_id=2398"},"modified":"2026-01-06T19:56:21","modified_gmt":"2026-01-06T19:56:21","slug":"sommarklubben","status":"publish","type":"page","link":"https:\/\/clubadamoeva.se\/en\/sommarklubben\/","title":{"rendered":"Sommarklubben"},"content":{"rendered":"<div data-elementor-type=\"wp-page\" data-elementor-id=\"2398\" class=\"elementor elementor-2398\" data-elementor-settings=\"[]\">\n\t\t\t\t\t\t<div class=\"elementor-inner\">\n\t\t\t\t\t\t\t<div class=\"elementor-section-wrap\">\n\t\t\t\t\t\t\t<section class=\"elementor-section elementor-top-section elementor-element elementor-element-61efb5d elementor-section-height-min-height elementor-section-content-middle elementor-section-boxed elementor-section-height-default elementor-section-items-middle\" data-id=\"61efb5d\" data-element_type=\"section\" data-settings=\"{&quot;background_background&quot;:&quot;video&quot;,&quot;background_video_link&quot;:&quot;https:\\\/\\\/youtu.be\\\/TFUosfVhjGg&quot;,&quot;background_video_start&quot;:0,&quot;animation&quot;:&quot;none&quot;}\">\n\t\t\t\t\t\t\t\t<div class=\"elementor-background-video-container elementor-hidden-phone\">\n\t\t\t\t\t\t\t\t\t\t\t\t\t<div class=\"elementor-background-video-embed\"><\/div>\n\t\t\t\t\t\t\t\t\t\t\t\t<\/div>\n\t\t\t\t\t\t\t\t\t<div class=\"elementor-background-overlay\"><\/div>\n\t\t\t\t\t\t\t<div class=\"elementor-container elementor-column-gap-default\">\n\t\t\t\t\t\t\t<div class=\"elementor-row\">\n\t\t\t\t\t<div class=\"elementor-column elementor-col-100 elementor-top-column elementor-element elementor-element-8b81822\" data-id=\"8b81822\" data-element_type=\"column\">\n\t\t\t<div class=\"elementor-column-wrap elementor-element-populated\">\n\t\t\t\t\t\t\t<div class=\"elementor-widget-wrap\">\n\t\t\t\t\t\t<div class=\"elementor-element elementor-element-8657e04 elementor-widget elementor-widget-heading\" data-id=\"8657e04\" data-element_type=\"widget\" data-widget_type=\"heading.default\">\n\t\t\t\t<div class=\"elementor-widget-container\">\n\t\t\t<h1 class=\"elementor-heading-title elementor-size-default\">Sommarklubben 2026 p\u00e5 Club Adam &amp; Eva<\/h1>\t\t<\/div>\n\t\t\t\t<\/div>\n\t\t\t\t\t\t<\/div>\n\t\t\t\t\t<\/div>\n\t\t<\/div>\n\t\t\t\t\t\t\t\t<\/div>\n\t\t\t\t\t<\/div>\n\t\t<\/section>\n\t\t\t\t<section class=\"elementor-section elementor-top-section elementor-element elementor-element-ffbe136 elementor-section-boxed elementor-section-height-default elementor-section-height-default\" data-id=\"ffbe136\" data-element_type=\"section\">\n\t\t\t\t\t\t<div class=\"elementor-container elementor-column-gap-default\">\n\t\t\t\t\t\t\t<div class=\"elementor-row\">\n\t\t\t\t\t<div class=\"elementor-column elementor-col-100 elementor-top-column elementor-element elementor-element-36bdeb8\" data-id=\"36bdeb8\" data-element_type=\"column\">\n\t\t\t<div class=\"elementor-column-wrap elementor-element-populated\">\n\t\t\t\t\t\t\t<div class=\"elementor-widget-wrap\">\n\t\t\t\t\t\t<div class=\"elementor-element elementor-element-7965976 elementor-widget elementor-widget-text-editor\" data-id=\"7965976\" data-element_type=\"widget\" data-widget_type=\"text-editor.default\">\n\t\t\t\t<div class=\"elementor-widget-container\">\n\t\t\t\t\t<div class=\"elementor-text-editor elementor-clearfix\"><h2><em><strong>Sommaren \u00e4r snart h\u00e4r \u2013 och d\u00e5 har vi extra \u00f6ppet!<\/strong><\/em><\/h2><p>\u00a0<\/p><p>N\u00e4r andra tar semester g\u00e5r vi p\u00e5 h\u00f6gvarv! Sommarm\u00e5naderna \u00e4r v\u00e5ra mest popul\u00e4ra, och f\u00f6r att fler ska kunna ta del av upplevelsen har vi nu \u00f6ppet \u00e4ven p\u00e5 onsdagar.<\/p><p>Mellan <strong>24 juni och 15 augusti<\/strong> k\u00f6r vi <strong>Sommarklubben<\/strong>, d\u00e4r v\u00e5ra medlemmar kan samla st\u00e4mplar och f\u00e5 <strong>var tredje bes\u00f6k helt gratis<\/strong>. Ett perfekt tillf\u00e4lle att njuta av sommarkv\u00e4llarna hos oss!<\/p><p>Oavsett hur varmt det \u00e4r ute, kan du alltid r\u00e4kna med en behaglig temperatur hos oss. V\u00e5r effektiva kyl- och ventilationsanl\u00e4ggning ser till att skapa en sval och sk\u00f6n atmosf\u00e4r \u2013 perfekt f\u00f6r en het kv\u00e4ll i r\u00e4tt s\u00e4llskap.<\/p><p><em><strong>V\u00e4lkommen till en sommar att minnas!<\/strong><\/em><\/p><\/div>\n\t\t\t\t<\/div>\n\t\t\t\t<\/div>\n\t\t\t\t\t\t<\/div>\n\t\t\t\t\t<\/div>\n\t\t<\/div>\n\t\t\t\t\t\t\t\t<\/div>\n\t\t\t\t\t<\/div>\n\t\t<\/section>\n\t\t\t\t\t\t<\/div>\n\t\t\t\t\t\t<\/div>\n\t\t\t\t\t<\/div>","protected":false},"excerpt":{"rendered":"<p>Sommarklubben 2026 p\u00e5 Club Adam &amp; Eva Sommaren \u00e4r snart h\u00e4r \u2013 och d\u00e5 har vi extra \u00f6ppet! \u00a0 N\u00e4r andra tar semester g\u00e5r vi p\u00e5 h\u00f6gvarv! Sommarm\u00e5naderna \u00e4r v\u00e5ra mest popul\u00e4ra, och f\u00f6r att fler ska kunna ta del av upplevelsen har vi nu \u00f6ppet \u00e4ven p\u00e5 onsdagar. Mellan 24 juni och 15 augusti &hellip;<\/p>\n<p class=\"read-more\"> <a class=\"\" href=\"https:\/\/clubadamoeva.se\/en\/sommarklubben\/\"> <span class=\"screen-reader-text\">Sommarklubben<\/span> Read More &raquo;<\/a><\/p>","protected":false},"author":1,"featured_media":5414,"parent":0,"menu_order":0,"comment_status":"closed","ping_status":"closed","template":"elementor_header_footer","meta":{"spay_email":""},"yoast_head":"<!-- This site is optimized with the Yoast SEO plugin v16.1.1 - https:\/\/yoast.com\/wordpress\/plugins\/seo\/ -->\n<title>Sommarklubben - Club Adam &amp; Eva<\/title>\n<link rel=\"canonical\" href=\"https:\/\/clubadamoeva.se\/en\/sommarklubben\/\" \/>\n<meta property=\"og:locale\" content=\"en_GB\" \/>\n<meta property=\"og:type\" content=\"article\" \/>\n<meta property=\"og:title\" content=\"Sommarklubben - Club Adam &amp; Eva\" \/>\n<meta property=\"og:description\" content=\"Sommarklubben 2026 p\u00e5 Club Adam &amp; Eva Sommaren \u00e4r snart h\u00e4r \u2013 och d\u00e5 har vi extra \u00f6ppet! \u00a0 N\u00e4r andra tar semester g\u00e5r vi p\u00e5 h\u00f6gvarv! Sommarm\u00e5naderna \u00e4r v\u00e5ra mest popul\u00e4ra, och f\u00f6r att fler ska kunna ta del av upplevelsen har vi nu \u00f6ppet \u00e4ven p\u00e5 onsdagar. Mellan 24 juni och 15 augusti &hellip; Sommarklubben Read More &raquo;\" \/>\n<meta property=\"og:url\" content=\"https:\/\/clubadamoeva.se\/en\/sommarklubben\/\" \/>\n<meta property=\"og:site_name\" content=\"Club Adam &amp; Eva\" \/>\n<meta property=\"article:modified_time\" content=\"2026-01-06T19:56:21+00:00\" \/>\n<meta property=\"og:image\" content=\"https:\/\/clubadamoeva.se\/wp-content\/uploads\/2025\/03\/Sommarklubben-2025-banner-1.jpeg\" \/>\n\t<meta property=\"og:image:width\" content=\"1920\" \/>\n\t<meta property=\"og:image:height\" content=\"1080\" \/>\n<meta name=\"twitter:card\" content=\"summary_large_image\" \/>\n<meta name=\"twitter:label1\" content=\"Estimated reading time\">\n\t<meta name=\"twitter:data1\" content=\"1 minute\">\n<script type=\"application\/ld+json\" class=\"yoast-schema-graph\">{\"@context\":\"https:\/\/schema.org\",\"@graph\":[{\"@type\":\"Organization\",\"@id\":\"https:\/\/clubadamoeva.se\/#organization\",\"name\":\"Club Adam & Eva\",\"url\":\"https:\/\/clubadamoeva.se\/\",\"sameAs\":[],\"logo\":{\"@type\":\"ImageObject\",\"@id\":\"https:\/\/clubadamoeva.se\/#logo\",\"inLanguage\":\"en-GB\",\"url\":\"https:\/\/clubadamoeva.se\/wp-content\/uploads\/2021\/01\/CAE-logo-juli-2016-NY-e1610480592101.jpg\",\"contentUrl\":\"https:\/\/clubadamoeva.se\/wp-content\/uploads\/2021\/01\/CAE-logo-juli-2016-NY-e1610480592101.jpg\",\"width\":200,\"height\":95,\"caption\":\"Club Adam & Eva\"},\"image\":{\"@id\":\"https:\/\/clubadamoeva.se\/#logo\"}},{\"@type\":\"WebSite\",\"@id\":\"https:\/\/clubadamoeva.se\/#website\",\"url\":\"https:\/\/clubadamoeva.se\/\",\"name\":\"Club Adam &amp; Eva\",\"description\":\"Club Adam &amp; Eva - Sveriges ledande swingersklubb\",\"publisher\":{\"@id\":\"https:\/\/clubadamoeva.se\/#organization\"},\"potentialAction\":[{\"@type\":\"SearchAction\",\"target\":\"https:\/\/clubadamoeva.se\/?s={search_term_string}\",\"query-input\":\"required name=search_term_string\"}],\"inLanguage\":\"en-GB\"},{\"@type\":\"ImageObject\",\"@id\":\"https:\/\/clubadamoeva.se\/sommarklubben\/#primaryimage\",\"inLanguage\":\"en-GB\",\"url\":\"https:\/\/clubadamoeva.se\/wp-content\/uploads\/2025\/03\/Sommarklubben-2025-banner-1.jpeg\",\"contentUrl\":\"https:\/\/clubadamoeva.se\/wp-content\/uploads\/2025\/03\/Sommarklubben-2025-banner-1.jpeg\",\"width\":1920,\"height\":1080},{\"@type\":\"WebPage\",\"@id\":\"https:\/\/clubadamoeva.se\/sommarklubben\/#webpage\",\"url\":\"https:\/\/clubadamoeva.se\/sommarklubben\/\",\"name\":\"Sommarklubben - Club Adam &amp; Eva\",\"isPartOf\":{\"@id\":\"https:\/\/clubadamoeva.se\/#website\"},\"primaryImageOfPage\":{\"@id\":\"https:\/\/clubadamoeva.se\/sommarklubben\/#primaryimage\"},\"datePublished\":\"2023-01-29T21:38:46+00:00\",\"dateModified\":\"2026-01-06T19:56:21+00:00\",\"breadcrumb\":{\"@id\":\"https:\/\/clubadamoeva.se\/sommarklubben\/#breadcrumb\"},\"inLanguage\":\"en-GB\",\"potentialAction\":[{\"@type\":\"ReadAction\",\"target\":[\"https:\/\/clubadamoeva.se\/sommarklubben\/\"]}]},{\"@type\":\"BreadcrumbList\",\"@id\":\"https:\/\/clubadamoeva.se\/sommarklubben\/#breadcrumb\",\"itemListElement\":[{\"@type\":\"ListItem\",\"position\":1,\"item\":{\"@type\":\"WebPage\",\"@id\":\"https:\/\/clubadamoeva.se\/\",\"url\":\"https:\/\/clubadamoeva.se\/\",\"name\":\"Hem\"}},{\"@type\":\"ListItem\",\"position\":2,\"item\":{\"@type\":\"WebPage\",\"@id\":\"https:\/\/clubadamoeva.se\/sommarklubben\/\",\"url\":\"https:\/\/clubadamoeva.se\/sommarklubben\/\",\"name\":\"Sommarklubben\"}}]}]}<\/script>\n<!-- \/ Yoast SEO plugin. -->","_links":{"self":[{"href":"https:\/\/clubadamoeva.se\/en\/wp-json\/wp\/v2\/pages\/2398"}],"collection":[{"href":"https:\/\/clubadamoeva.se\/en\/wp-json\/wp\/v2\/pages"}],"about":[{"href":"https:\/\/clubadamoeva.se\/en\/wp-json\/wp\/v2\/types\/page"}],"author":[{"embeddable":true,"href":"https:\/\/clubadamoeva.se\/en\/wp-json\/wp\/v2\/users\/1"}],"replies":[{"embeddable":true,"href":"https:\/\/clubadamoeva.se\/en\/wp-json\/wp\/v2\/comments?post=2398"}],"version-history":[{"count":78,"href":"https:\/\/clubadamoeva.se\/en\/wp-json\/wp\/v2\/pages\/2398\/revisions"}],"predecessor-version":[{"id":6549,"href":"https:\/\/clubadamoeva.se\/en\/wp-json\/wp\/v2\/pages\/2398\/revisions\/6549"}],"wp:featuredmedia":[{"embeddable":true,"href":"https:\/\/clubadamoeva.se\/en\/wp-json\/wp\/v2\/media\/5414"}],"wp:attachment":[{"href":"https:\/\/clubadamoeva.se\/en\/wp-json\/wp\/v2\/media?parent=2398"}],"curies":[{"name":"wp","href":"https:\/\/api.w.org\/{rel}","templated":true}]}}