{"id":1979,"date":"2022-09-27T17:50:46","date_gmt":"2022-09-27T17:50:46","guid":{"rendered":"https:\/\/clubadamoeva.se\/?page_id=1979"},"modified":"2026-03-08T18:29:37","modified_gmt":"2026-03-08T18:29:37","slug":"beginnersnight","status":"publish","type":"page","link":"https:\/\/clubadamoeva.se\/en\/beginnersnight\/","title":{"rendered":"Beginners Night"},"content":{"rendered":"<div data-elementor-type=\"wp-page\" data-elementor-id=\"1979\" class=\"elementor elementor-1979\" data-elementor-settings=\"[]\">\n\t\t\t\t\t\t<div class=\"elementor-inner\">\n\t\t\t\t\t\t\t<div class=\"elementor-section-wrap\">\n\t\t\t\t\t\t\t<section class=\"elementor-section elementor-top-section elementor-element elementor-element-5794db2 elementor-section-full_width elementor-section-height-min-height elementor-section-height-default elementor-section-items-middle\" data-id=\"5794db2\" data-element_type=\"section\" data-settings=\"{&quot;background_background&quot;:&quot;classic&quot;}\">\n\t\t\t\t\t\t\t<div class=\"elementor-background-overlay\"><\/div>\n\t\t\t\t\t\t\t<div class=\"elementor-container elementor-column-gap-default\">\n\t\t\t\t\t\t\t<div class=\"elementor-row\">\n\t\t\t\t\t<div class=\"elementor-column elementor-col-100 elementor-top-column elementor-element elementor-element-b1716c9\" data-id=\"b1716c9\" data-element_type=\"column\">\n\t\t\t<div class=\"elementor-column-wrap elementor-element-populated\">\n\t\t\t\t\t\t\t<div class=\"elementor-widget-wrap\">\n\t\t\t\t\t\t<div class=\"elementor-element elementor-element-3b2c3f8 elementor-widget elementor-widget-heading\" data-id=\"3b2c3f8\" data-element_type=\"widget\" data-widget_type=\"heading.default\">\n\t\t\t\t<div class=\"elementor-widget-container\">\n\t\t\t<h1 class=\"elementor-heading-title elementor-size-default\">Beginners Night<\/h1>\t\t<\/div>\n\t\t\t\t<\/div>\n\t\t\t\t\t\t<\/div>\n\t\t\t\t\t<\/div>\n\t\t<\/div>\n\t\t\t\t\t\t\t\t<\/div>\n\t\t\t\t\t<\/div>\n\t\t<\/section>\n\t\t\t\t<section class=\"elementor-section elementor-top-section elementor-element elementor-element-0fa2de0 elementor-section-boxed elementor-section-height-default elementor-section-height-default\" data-id=\"0fa2de0\" data-element_type=\"section\">\n\t\t\t\t\t\t<div class=\"elementor-container elementor-column-gap-default\">\n\t\t\t\t\t\t\t<div class=\"elementor-row\">\n\t\t\t\t\t<div class=\"elementor-column elementor-col-100 elementor-top-column elementor-element elementor-element-6fd8b8b\" data-id=\"6fd8b8b\" data-element_type=\"column\">\n\t\t\t<div class=\"elementor-column-wrap elementor-element-populated\">\n\t\t\t\t\t\t\t<div class=\"elementor-widget-wrap\">\n\t\t\t\t\t\t<div class=\"elementor-element elementor-element-560d666 elementor-widget elementor-widget-text-editor\" data-id=\"560d666\" data-element_type=\"widget\" data-widget_type=\"text-editor.default\">\n\t\t\t\t<div class=\"elementor-widget-container\">\n\t\t\t\t\t<div class=\"elementor-text-editor elementor-clearfix\"><h1 data-pm-slice=\"1 1 []\" data-en-clipboard=\"true\"><b>\u00c4r ni nyfikna p\u00e5 att swinga?<\/b><\/h1><div>\u00a0<\/div><div><div data-pm-slice=\"1 1 []\" data-en-clipboard=\"true\"><div data-pm-slice=\"1 1 []\" data-en-clipboard=\"true\">Har ni funderat p\u00e5 att bes\u00f6ka oss men kanske inte riktigt v\u00e5gar? &#8211; Nu har ni chansen.<\/div><div data-pm-slice=\"1 1 []\" data-en-clipboard=\"true\">\u00a0<\/div><div data-pm-slice=\"1 1 []\" data-en-clipboard=\"true\"><span style=\"color: #ff0000;\"><strong>L\u00f6rdagen den\u00a0 11 april, 30 maj, 18 juli, 5 september, 24 oktober, 28 november<\/strong>\u00a0<\/span>\u00f6ppnar vi upp f\u00f6r er nyb\u00f6rjare. V\u00e5ra bartenders och v\u00e4rdpar tar hand om er, vi bjuder p\u00e5 l\u00e4ttare tilltugg och v\u00e4lkomstdricka.\u00a0<\/div><div data-pm-slice=\"1 1 []\" data-en-clipboard=\"true\"><strong>Kom och h\u00e4ng med oss fr\u00e5n kl 19:00-21:00<\/strong><\/div><div data-pm-slice=\"1 1 []\" data-en-clipboard=\"true\">Tag chansen att kolla in lokalen, och st\u00e4ll alla fr\u00e5gor du inte kan eller v\u00e5gar st\u00e4lla till n\u00e5gon annan.<\/div><div data-pm-slice=\"1 1 []\" data-en-clipboard=\"true\">\u00a0<\/div><div data-pm-slice=\"1 1 []\" data-en-clipboard=\"true\"><p>kl 21:00 \u00f6ppnar klubben f\u00f6r \u00f6vriga bes\u00f6kare.<\/p><p>Det kostar inget att vara med p\u00e5 Beginners Night, men v\u00e4ljer ni att stanna kvar efter 21.00 s\u00e5 betalar ni ordinarie entr\u00e9. <a href=\"https:\/\/clubadamoeva.se\/en\/information\/#priser\">Aktuella priser hittar ni h\u00e4r<\/a><\/p><\/div><\/div><\/div><div><div>Obligatorisk f\u00f6ranm\u00e4lan d\u00e5 vi tar in ett begr\u00e4nsat antal till <a href=\"mailto:info@clubadamoeva.se\" rev=\"en_rl_none\">info@clubadamoeva.se<\/a><\/div><div><i>OBS: endast par och tjejer \u00e4r v\u00e4lkomna!<\/i><\/div><div>\u00a0<\/div><\/div><div>\u00a0<\/div><div>\u00a0<\/div><div>\u00a0<\/div><\/div>\n\t\t\t\t<\/div>\n\t\t\t\t<\/div>\n\t\t\t\t\t\t<\/div>\n\t\t\t\t\t<\/div>\n\t\t<\/div>\n\t\t\t\t\t\t\t\t<\/div>\n\t\t\t\t\t<\/div>\n\t\t<\/section>\n\t\t\t\t\t\t<\/div>\n\t\t\t\t\t\t<\/div>\n\t\t\t\t\t<\/div>","protected":false},"excerpt":{"rendered":"<p>Beginners Night \u00c4r ni nyfikna p\u00e5 att swinga? \u00a0Har ni funderat p\u00e5 att bes\u00f6ka oss men kanske inte riktigt v\u00e5gar? &#8211; Nu har ni chansen.\u00a0L\u00f6rdagen den\u00a0 11 april, 30 maj, 18 juli, 5 september, 24 oktober, 28 november\u00a0\u00f6ppnar vi upp f\u00f6r er nyb\u00f6rjare. V\u00e5ra bartenders och v\u00e4rdpar tar hand om er, vi bjuder p\u00e5 l\u00e4ttare &hellip;<\/p>\n<p class=\"read-more\"> <a class=\"\" href=\"https:\/\/clubadamoeva.se\/en\/beginnersnight\/\"> <span class=\"screen-reader-text\">Beginners Night<\/span> Read More &raquo;<\/a><\/p>","protected":false},"author":1,"featured_media":0,"parent":0,"menu_order":0,"comment_status":"closed","ping_status":"closed","template":"elementor_header_footer","meta":{"spay_email":""},"yoast_head":"<!-- This site is optimized with the Yoast SEO plugin v16.1.1 - https:\/\/yoast.com\/wordpress\/plugins\/seo\/ -->\n<title>Beginners Night - Club Adam &amp; Eva<\/title>\n<link rel=\"canonical\" href=\"https:\/\/clubadamoeva.se\/en\/beginnersnight\/\" \/>\n<meta property=\"og:locale\" content=\"en_GB\" \/>\n<meta property=\"og:type\" content=\"article\" \/>\n<meta property=\"og:title\" content=\"Beginners Night - Club Adam &amp; Eva\" \/>\n<meta property=\"og:description\" content=\"Beginners Night \u00c4r ni nyfikna p\u00e5 att swinga? \u00a0Har ni funderat p\u00e5 att bes\u00f6ka oss men kanske inte riktigt v\u00e5gar? &#8211; Nu har ni chansen.\u00a0L\u00f6rdagen den\u00a0 11 april, 30 maj, 18 juli, 5 september, 24 oktober, 28 november\u00a0\u00f6ppnar vi upp f\u00f6r er nyb\u00f6rjare. V\u00e5ra bartenders och v\u00e4rdpar tar hand om er, vi bjuder p\u00e5 l\u00e4ttare &hellip; Beginners Night Read More &raquo;\" \/>\n<meta property=\"og:url\" content=\"https:\/\/clubadamoeva.se\/en\/beginnersnight\/\" \/>\n<meta property=\"og:site_name\" content=\"Club Adam &amp; Eva\" \/>\n<meta property=\"article:modified_time\" content=\"2026-03-08T18:29:37+00:00\" \/>\n<meta name=\"twitter:card\" content=\"summary_large_image\" \/>\n<meta name=\"twitter:label1\" content=\"Estimated reading time\">\n\t<meta name=\"twitter:data1\" content=\"1 minute\">\n<script type=\"application\/ld+json\" class=\"yoast-schema-graph\">{\"@context\":\"https:\/\/schema.org\",\"@graph\":[{\"@type\":\"Organization\",\"@id\":\"https:\/\/clubadamoeva.se\/#organization\",\"name\":\"Club Adam & Eva\",\"url\":\"https:\/\/clubadamoeva.se\/\",\"sameAs\":[],\"logo\":{\"@type\":\"ImageObject\",\"@id\":\"https:\/\/clubadamoeva.se\/#logo\",\"inLanguage\":\"en-GB\",\"url\":\"https:\/\/clubadamoeva.se\/wp-content\/uploads\/2021\/01\/CAE-logo-juli-2016-NY-e1610480592101.jpg\",\"contentUrl\":\"https:\/\/clubadamoeva.se\/wp-content\/uploads\/2021\/01\/CAE-logo-juli-2016-NY-e1610480592101.jpg\",\"width\":200,\"height\":95,\"caption\":\"Club Adam & Eva\"},\"image\":{\"@id\":\"https:\/\/clubadamoeva.se\/#logo\"}},{\"@type\":\"WebSite\",\"@id\":\"https:\/\/clubadamoeva.se\/#website\",\"url\":\"https:\/\/clubadamoeva.se\/\",\"name\":\"Club Adam &amp; Eva\",\"description\":\"Club Adam &amp; Eva - Sveriges ledande swingersklubb\",\"publisher\":{\"@id\":\"https:\/\/clubadamoeva.se\/#organization\"},\"potentialAction\":[{\"@type\":\"SearchAction\",\"target\":\"https:\/\/clubadamoeva.se\/?s={search_term_string}\",\"query-input\":\"required name=search_term_string\"}],\"inLanguage\":\"en-GB\"},{\"@type\":\"WebPage\",\"@id\":\"https:\/\/clubadamoeva.se\/beginnersnight\/#webpage\",\"url\":\"https:\/\/clubadamoeva.se\/beginnersnight\/\",\"name\":\"Beginners Night - Club Adam &amp; Eva\",\"isPartOf\":{\"@id\":\"https:\/\/clubadamoeva.se\/#website\"},\"datePublished\":\"2022-09-27T17:50:46+00:00\",\"dateModified\":\"2026-03-08T18:29:37+00:00\",\"breadcrumb\":{\"@id\":\"https:\/\/clubadamoeva.se\/beginnersnight\/#breadcrumb\"},\"inLanguage\":\"en-GB\",\"potentialAction\":[{\"@type\":\"ReadAction\",\"target\":[\"https:\/\/clubadamoeva.se\/beginnersnight\/\"]}]},{\"@type\":\"BreadcrumbList\",\"@id\":\"https:\/\/clubadamoeva.se\/beginnersnight\/#breadcrumb\",\"itemListElement\":[{\"@type\":\"ListItem\",\"position\":1,\"item\":{\"@type\":\"WebPage\",\"@id\":\"https:\/\/clubadamoeva.se\/\",\"url\":\"https:\/\/clubadamoeva.se\/\",\"name\":\"Hem\"}},{\"@type\":\"ListItem\",\"position\":2,\"item\":{\"@type\":\"WebPage\",\"@id\":\"https:\/\/clubadamoeva.se\/beginnersnight\/\",\"url\":\"https:\/\/clubadamoeva.se\/beginnersnight\/\",\"name\":\"Beginners Night\"}}]}]}<\/script>\n<!-- \/ Yoast SEO plugin. -->","_links":{"self":[{"href":"https:\/\/clubadamoeva.se\/en\/wp-json\/wp\/v2\/pages\/1979"}],"collection":[{"href":"https:\/\/clubadamoeva.se\/en\/wp-json\/wp\/v2\/pages"}],"about":[{"href":"https:\/\/clubadamoeva.se\/en\/wp-json\/wp\/v2\/types\/page"}],"author":[{"embeddable":true,"href":"https:\/\/clubadamoeva.se\/en\/wp-json\/wp\/v2\/users\/1"}],"replies":[{"embeddable":true,"href":"https:\/\/clubadamoeva.se\/en\/wp-json\/wp\/v2\/comments?post=1979"}],"version-history":[{"count":114,"href":"https:\/\/clubadamoeva.se\/en\/wp-json\/wp\/v2\/pages\/1979\/revisions"}],"predecessor-version":[{"id":6801,"href":"https:\/\/clubadamoeva.se\/en\/wp-json\/wp\/v2\/pages\/1979\/revisions\/6801"}],"wp:attachment":[{"href":"https:\/\/clubadamoeva.se\/en\/wp-json\/wp\/v2\/media?parent=1979"}],"curies":[{"name":"wp","href":"https:\/\/api.w.org\/{rel}","templated":true}]}}