{"id":1842,"date":"2022-09-13T15:51:36","date_gmt":"2022-09-13T15:51:36","guid":{"rendered":"https:\/\/clubadamoeva.se\/?page_id=1842"},"modified":"2025-12-26T20:38:40","modified_gmt":"2025-12-26T20:38:40","slug":"haloween","status":"publish","type":"page","link":"https:\/\/clubadamoeva.se\/en\/haloween\/","title":{"rendered":"Haloween"},"content":{"rendered":"<div data-elementor-type=\"wp-page\" data-elementor-id=\"1842\" class=\"elementor elementor-1842\" data-elementor-settings=\"[]\">\n\t\t\t\t\t\t<div class=\"elementor-inner\">\n\t\t\t\t\t\t\t<div class=\"elementor-section-wrap\">\n\t\t\t\t\t\t\t<section class=\"elementor-section elementor-top-section elementor-element elementor-element-e892b57 elementor-section-height-min-height elementor-section-content-middle elementor-section-boxed elementor-section-height-default elementor-section-items-middle\" data-id=\"e892b57\" data-element_type=\"section\" data-settings=\"{&quot;background_background&quot;:&quot;classic&quot;}\">\n\t\t\t\t\t\t\t<div class=\"elementor-background-overlay\"><\/div>\n\t\t\t\t\t\t\t<div class=\"elementor-container elementor-column-gap-default\">\n\t\t\t\t\t\t\t<div class=\"elementor-row\">\n\t\t\t\t\t<div class=\"elementor-column elementor-col-100 elementor-top-column elementor-element elementor-element-4000297\" data-id=\"4000297\" data-element_type=\"column\">\n\t\t\t<div class=\"elementor-column-wrap elementor-element-populated\">\n\t\t\t\t\t\t\t<div class=\"elementor-widget-wrap\">\n\t\t\t\t\t\t<div class=\"elementor-element elementor-element-09725bb elementor-widget elementor-widget-heading\" data-id=\"09725bb\" data-element_type=\"widget\" data-widget_type=\"heading.default\">\n\t\t\t\t<div class=\"elementor-widget-container\">\n\t\t\t<h1 class=\"elementor-heading-title elementor-size-default\">Sexy Halloween p\u00e5 Club Adam & Eva <\/h1>\t\t<\/div>\n\t\t\t\t<\/div>\n\t\t\t\t\t\t<\/div>\n\t\t\t\t\t<\/div>\n\t\t<\/div>\n\t\t\t\t\t\t\t\t<\/div>\n\t\t\t\t\t<\/div>\n\t\t<\/section>\n\t\t\t\t<section class=\"elementor-section elementor-top-section elementor-element elementor-element-eb10430 elementor-section-boxed elementor-section-height-default elementor-section-height-default\" data-id=\"eb10430\" data-element_type=\"section\">\n\t\t\t\t\t\t<div class=\"elementor-container elementor-column-gap-default\">\n\t\t\t\t\t\t\t<div class=\"elementor-row\">\n\t\t\t\t\t<div class=\"elementor-column elementor-col-100 elementor-top-column elementor-element elementor-element-aa9a722\" data-id=\"aa9a722\" data-element_type=\"column\">\n\t\t\t<div class=\"elementor-column-wrap elementor-element-populated\">\n\t\t\t\t\t\t\t<div class=\"elementor-widget-wrap\">\n\t\t\t\t\t\t<div class=\"elementor-element elementor-element-c654130 elementor-widget elementor-widget-text-editor\" data-id=\"c654130\" data-element_type=\"widget\" data-widget_type=\"text-editor.default\">\n\t\t\t\t<div class=\"elementor-widget-container\">\n\t\t\t\t\t<div class=\"elementor-text-editor elementor-clearfix\"><h2 data-pm-slice=\"1 1 []\" data-en-clipboard=\"true\"><span style=\"color: #000000;\"><b>Super sexy scary Halloween p\u00e5 Club Adam &amp; Eva <\/b><\/span><\/h2><div><div data-pm-slice=\"1 1 []\" data-en-clipboard=\"true\"><span style=\"color: #000000;\">Vill ni uppleva ytterligare en erotiskt ladd fest p\u00e5 Sveriges hetaste swingersklubb? D\u00e5 har Ni chansen nu p\u00e5 en av de mest popul\u00e4ra av alla fester hos Club Adam &amp; Eva, n\u00e4mligen Halloween.<\/span><\/div><div>\u00a0<\/div><div><span style=\"color: #000000;\">Christian med CAE-Crew bygger om hela klubben till ett hett, \u00e5ngande skr\u00e4cktempel f\u00f6r \u00e5rets hetaste sexparty. Skaka fram era absolut sexigaste skr\u00e4ckfantasier. Kommer vi att f\u00e5 se sexiga vampyrer, k\u00e5ta h\u00e4xor mm&#8230;.. eller vad tror ni?<\/span><\/div><div><span style=\"color: #000000;\"><em><strong>Gissa inte utan g\u00f6r oss s\u00e4llskap p\u00e5 Halloween!<\/strong><\/em><\/span><\/div><div>\u00a0<\/div><div><span style=\"color: #000000;\">Ni v\u00e4lkomnas med en sp\u00e4nnande sp\u00f6kdrink och en v\u00e4lfylld snacks- och godisbuff\u00e9 a la Halloween. Vi kommer att dela massor av sp\u00e4nnande priser f\u00f6r bla sexigaste outfit, slampigaste h\u00e4xan och k\u00e5taste dj\u00e4vulen&#8230;..<\/span><\/div><div>\u00a0<\/div><div><span style=\"color: #000000;\"><b>L\u00f6rdag 31 oktober<\/b><\/span><\/div><div><span style=\"color: #000000;\"><b>Plats: <\/b>Club Adam &amp; Eva i Norrk\u00f6ping<\/span><\/div><div><span style=\"color: #000000;\"><b>Tid: <\/b>20:00-sent<\/span><\/div><div><span style=\"color: #000000;\"><b>Medlemspris:<\/b> 500 kr\/person <\/span><br \/><span style=\"color: #000000;\">(bifoga medlemskort om ni vill ta del om medlemspris)<\/span><\/div><div><span style=\"color: #000000;\"><b>G\u00e4stpris: <\/b>650 kr\/person<\/span><\/div><div>\u00a0<\/div><div><span style=\"color: #000000;\">Par, tjejer och medlemskillar \u00e4r v\u00e4lkomna!<\/span><\/div><div><span style=\"color: #000000;\"><b>Obligatorisk f\u00f6ranm\u00e4lan och f\u00f6rskottsbetalning.<\/b><\/span><\/div><div><span style=\"color: #000000;\">Anm\u00e4l er p\u00e5 info@clubadamoeva.se\u00a0 \u00a0<\/span><\/div><div>\u00a0<\/div><div><span style=\"color: #000000;\"><i>PS. &#8221;Bus eller godis&#8221; betyder n\u00e5got helt annat p\u00e5 Club Adam &amp; Eva &#8230;..<\/i><\/span><\/div><\/div><\/div>\n\t\t\t\t<\/div>\n\t\t\t\t<\/div>\n\t\t\t\t\t\t<\/div>\n\t\t\t\t\t<\/div>\n\t\t<\/div>\n\t\t\t\t\t\t\t\t<\/div>\n\t\t\t\t\t<\/div>\n\t\t<\/section>\n\t\t\t\t\t\t<\/div>\n\t\t\t\t\t\t<\/div>\n\t\t\t\t\t<\/div>","protected":false},"excerpt":{"rendered":"<p>Sexy Halloween p\u00e5 Club Adam &#038; Eva Super sexy scary Halloween p\u00e5 Club Adam &amp; Eva Vill ni uppleva ytterligare en erotiskt ladd fest p\u00e5 Sveriges hetaste swingersklubb? D\u00e5 har Ni chansen nu p\u00e5 en av de mest popul\u00e4ra av alla fester hos Club Adam &amp; Eva, n\u00e4mligen Halloween.\u00a0Christian med CAE-Crew bygger om hela klubben &hellip;<\/p>\n<p class=\"read-more\"> <a class=\"\" href=\"https:\/\/clubadamoeva.se\/en\/haloween\/\"> <span class=\"screen-reader-text\">Haloween<\/span> Read More &raquo;<\/a><\/p>","protected":false},"author":1,"featured_media":5862,"parent":0,"menu_order":0,"comment_status":"closed","ping_status":"closed","template":"elementor_header_footer","meta":{"spay_email":""},"yoast_head":"<!-- This site is optimized with the Yoast SEO plugin v16.1.1 - https:\/\/yoast.com\/wordpress\/plugins\/seo\/ -->\n<title>Haloween - Club Adam &amp; Eva<\/title>\n<link rel=\"canonical\" href=\"https:\/\/clubadamoeva.se\/en\/haloween\/\" \/>\n<meta property=\"og:locale\" content=\"en_GB\" \/>\n<meta property=\"og:type\" content=\"article\" \/>\n<meta property=\"og:title\" content=\"Haloween - Club Adam &amp; Eva\" \/>\n<meta property=\"og:description\" content=\"Sexy Halloween p\u00e5 Club Adam &#038; Eva Super sexy scary Halloween p\u00e5 Club Adam &amp; Eva Vill ni uppleva ytterligare en erotiskt ladd fest p\u00e5 Sveriges hetaste swingersklubb? D\u00e5 har Ni chansen nu p\u00e5 en av de mest popul\u00e4ra av alla fester hos Club Adam &amp; Eva, n\u00e4mligen Halloween.\u00a0Christian med CAE-Crew bygger om hela klubben &hellip; Haloween Read More &raquo;\" \/>\n<meta property=\"og:url\" content=\"https:\/\/clubadamoeva.se\/en\/haloween\/\" \/>\n<meta property=\"og:site_name\" content=\"Club Adam &amp; Eva\" \/>\n<meta property=\"article:modified_time\" content=\"2025-12-26T20:38:40+00:00\" \/>\n<meta property=\"og:image\" content=\"https:\/\/clubadamoeva.se\/wp-content\/uploads\/2025\/09\/Halloween-2025.jpg\" \/>\n\t<meta property=\"og:image:width\" content=\"1920\" \/>\n\t<meta property=\"og:image:height\" content=\"1080\" \/>\n<meta name=\"twitter:card\" content=\"summary_large_image\" \/>\n<meta name=\"twitter:label1\" content=\"Estimated reading time\">\n\t<meta name=\"twitter:data1\" content=\"1 minute\">\n<script type=\"application\/ld+json\" class=\"yoast-schema-graph\">{\"@context\":\"https:\/\/schema.org\",\"@graph\":[{\"@type\":\"Organization\",\"@id\":\"https:\/\/clubadamoeva.se\/#organization\",\"name\":\"Club Adam & Eva\",\"url\":\"https:\/\/clubadamoeva.se\/\",\"sameAs\":[],\"logo\":{\"@type\":\"ImageObject\",\"@id\":\"https:\/\/clubadamoeva.se\/#logo\",\"inLanguage\":\"en-GB\",\"url\":\"https:\/\/clubadamoeva.se\/wp-content\/uploads\/2021\/01\/CAE-logo-juli-2016-NY-e1610480592101.jpg\",\"contentUrl\":\"https:\/\/clubadamoeva.se\/wp-content\/uploads\/2021\/01\/CAE-logo-juli-2016-NY-e1610480592101.jpg\",\"width\":200,\"height\":95,\"caption\":\"Club Adam & Eva\"},\"image\":{\"@id\":\"https:\/\/clubadamoeva.se\/#logo\"}},{\"@type\":\"WebSite\",\"@id\":\"https:\/\/clubadamoeva.se\/#website\",\"url\":\"https:\/\/clubadamoeva.se\/\",\"name\":\"Club Adam &amp; Eva\",\"description\":\"Club Adam &amp; Eva - Sveriges ledande swingersklubb\",\"publisher\":{\"@id\":\"https:\/\/clubadamoeva.se\/#organization\"},\"potentialAction\":[{\"@type\":\"SearchAction\",\"target\":\"https:\/\/clubadamoeva.se\/?s={search_term_string}\",\"query-input\":\"required name=search_term_string\"}],\"inLanguage\":\"en-GB\"},{\"@type\":\"ImageObject\",\"@id\":\"https:\/\/clubadamoeva.se\/haloween\/#primaryimage\",\"inLanguage\":\"en-GB\",\"url\":\"https:\/\/clubadamoeva.se\/wp-content\/uploads\/2025\/09\/Halloween-2025.jpg\",\"contentUrl\":\"https:\/\/clubadamoeva.se\/wp-content\/uploads\/2025\/09\/Halloween-2025.jpg\",\"width\":1920,\"height\":1080},{\"@type\":\"WebPage\",\"@id\":\"https:\/\/clubadamoeva.se\/haloween\/#webpage\",\"url\":\"https:\/\/clubadamoeva.se\/haloween\/\",\"name\":\"Haloween - Club Adam &amp; Eva\",\"isPartOf\":{\"@id\":\"https:\/\/clubadamoeva.se\/#website\"},\"primaryImageOfPage\":{\"@id\":\"https:\/\/clubadamoeva.se\/haloween\/#primaryimage\"},\"datePublished\":\"2022-09-13T15:51:36+00:00\",\"dateModified\":\"2025-12-26T20:38:40+00:00\",\"breadcrumb\":{\"@id\":\"https:\/\/clubadamoeva.se\/haloween\/#breadcrumb\"},\"inLanguage\":\"en-GB\",\"potentialAction\":[{\"@type\":\"ReadAction\",\"target\":[\"https:\/\/clubadamoeva.se\/haloween\/\"]}]},{\"@type\":\"BreadcrumbList\",\"@id\":\"https:\/\/clubadamoeva.se\/haloween\/#breadcrumb\",\"itemListElement\":[{\"@type\":\"ListItem\",\"position\":1,\"item\":{\"@type\":\"WebPage\",\"@id\":\"https:\/\/clubadamoeva.se\/\",\"url\":\"https:\/\/clubadamoeva.se\/\",\"name\":\"Hem\"}},{\"@type\":\"ListItem\",\"position\":2,\"item\":{\"@type\":\"WebPage\",\"@id\":\"https:\/\/clubadamoeva.se\/haloween\/\",\"url\":\"https:\/\/clubadamoeva.se\/haloween\/\",\"name\":\"Haloween\"}}]}]}<\/script>\n<!-- \/ Yoast SEO plugin. -->","_links":{"self":[{"href":"https:\/\/clubadamoeva.se\/en\/wp-json\/wp\/v2\/pages\/1842"}],"collection":[{"href":"https:\/\/clubadamoeva.se\/en\/wp-json\/wp\/v2\/pages"}],"about":[{"href":"https:\/\/clubadamoeva.se\/en\/wp-json\/wp\/v2\/types\/page"}],"author":[{"embeddable":true,"href":"https:\/\/clubadamoeva.se\/en\/wp-json\/wp\/v2\/users\/1"}],"replies":[{"embeddable":true,"href":"https:\/\/clubadamoeva.se\/en\/wp-json\/wp\/v2\/comments?post=1842"}],"version-history":[{"count":78,"href":"https:\/\/clubadamoeva.se\/en\/wp-json\/wp\/v2\/pages\/1842\/revisions"}],"predecessor-version":[{"id":6307,"href":"https:\/\/clubadamoeva.se\/en\/wp-json\/wp\/v2\/pages\/1842\/revisions\/6307"}],"wp:featuredmedia":[{"embeddable":true,"href":"https:\/\/clubadamoeva.se\/en\/wp-json\/wp\/v2\/media\/5862"}],"wp:attachment":[{"href":"https:\/\/clubadamoeva.se\/en\/wp-json\/wp\/v2\/media?parent=1842"}],"curies":[{"name":"wp","href":"https:\/\/api.w.org\/{rel}","templated":true}]}}